{"id":1724,"date":"2026-02-16T07:44:44","date_gmt":"2026-02-16T06:44:44","guid":{"rendered":"https:\/\/beharpy.com\/avis-legal\/"},"modified":"2026-04-08T08:42:31","modified_gmt":"2026-04-08T06:42:31","slug":"avis-legal","status":"publish","type":"page","link":"https:\/\/beharpy.com\/ca\/avis-legal\/","title":{"rendered":"Av\u00eds legal"},"content":{"rendered":"\n<p>T\u2019informem de la nostra pol\u00edtica pel que fa al tractament i la protecci\u00f3 de les dades personals dels nostres usuaris i clients que es puguin recollir mitjan\u00e7ant la navegaci\u00f3 o la contractaci\u00f3 de serveis i productes a trav\u00e9s de <a href=\"https:\/\/beharpy.com\/ca\/\">www.beharpy.com<\/a>. En aquest sentit, Joaquim Roca Genesc\u00e0, com a director i representant legal de BeHarpy, garanteix el compliment de la normativa vigent en mat\u00e8ria de protecci\u00f3 de dades personals, tal com es reflecteix en la Llei Org\u00e0nica 15\/1999, de 13 de desembre, de Protecci\u00f3 de Dades de Car\u00e0cter Personal, i el Reial Decret 1720\/2007, de 21 de desembre, que aprova el Reglament de desenvolupament de la LOPD i el Reglament (UE) 2016\/679 del Parlament Europeu i del Consell, de 27 d\u2019abril de 2016, relatiu a la protecci\u00f3 de les persones f\u00edsiques (RGPD). L\u2019\u00fas d\u2019aquest lloc web implica l\u2019acceptaci\u00f3 d\u2019aquesta pol\u00edtica de privacitat.<\/p>\n\n<hr class=\"wp-block-separator has-alpha-channel-opacity\"\/>\n\n<h3 class=\"wp-block-heading\">Les teves dades personals a BeHarpy &#8211; <a href=\"https:\/\/beharpy.com\/ca\/\">www.beharpy.com<\/a> i com les fem servir<\/h3>\n\n<p>Volem que s\u00e0pigues que la teva privacitat \u00e9s una prioritat per a nosaltres. Quan et poses en contacte amb nosaltres a trav\u00e9s del nostre lloc web o compres qualsevol dels nostres serveis o productes, registrem EL TEU NOM, EL TEU COGNOM I LA TEVA ADRE\u00c7A DE CORREU ELECTR\u00d2NIC per tal de mantenir-te informat sobre les activitats i tallers que organitzem cada any.<\/p>\n\n<p>Nom\u00e9s enviem correus electr\u00f2nics a les persones que han sol\u00b7licitat expressament rebre les nostres novetats i MAI compartim ni venem les teves dades personals a tercers. Totes les dades recollides s\u2019utilitzen exclusivament per BeHarpy per prestar els serveis i productes sol\u00b7licitats per les persones que les han proporcionat.<\/p>\n\n<hr class=\"wp-block-separator has-alpha-channel-opacity\"\/>\n\n<p>Com a usuari de BeHarpy, pots exercir els teus drets d\u2019acc\u00e9s, rectificaci\u00f3, cancel\u00b7laci\u00f3 i oposici\u00f3 d\u2019acord amb el que disposa la legislaci\u00f3 vigent sobre protecci\u00f3 de dades personals.<br\/>Nom\u00e9s cal que contactis amb nosaltres per correu electr\u00f2nic a la seg\u00fcent adre\u00e7a: info@beharpy.com i que ens proporcionis el nom, el cognom i la teva sol\u00b7licitud.<\/p>\n\n<hr class=\"wp-block-separator has-alpha-channel-opacity\"\/>\n\n<h3 class=\"wp-block-heading\">Responsable del tractament de les seves dades personals i del contingut i els serveis de BeHarpy i del lloc web <a href=\"http:\/\/www.beharpy.com\">www.beharpy.com<\/a><\/h3>\n\n<p>Nom: Joaquim Roca Genesc\u00e0<br\/>Nom comercial: BeHarpy &#8211; <a href=\"http:\/\/www.beharpy.com\">www.beharpy.com<\/a><br\/>N\u00famero d\u2019identificaci\u00f3 fiscal: 39.336.742A<br\/>Adre\u00e7a: Crtra. de Cardona 26, 4rt .2\u00aa, 08242 Manresa, Spain<br\/>Correu electr\u00f2nic: <a>info@brharpy.com<\/a><br\/>Activitat: Organitzaci\u00f3 de tallers i venda d\u2019harm\u00f2niques<br\/><br\/>En virtut del compliment de la normativa EMVCo, MasterCard, VISA i la Directiva Europea PSDII, durant l&#8217;operaci\u00f3 de pagament electr\u00f2nic comunicar\u00e0 informaci\u00f3 referida a la connexi\u00f3 emprada a la sessi\u00f3 al Banc emissor de la targeta per procedir a la validaci\u00f3 de l&#8217;operaci\u00f3 de pagament realitzada per l&#8217;usuari<\/p>\n","protected":false},"excerpt":{"rendered":"<p>T\u2019informem de la nostra pol\u00edtica pel que fa al tractament i la protecci\u00f3 de les dades personals dels nostres usuaris i clients que es puguin recollir mitjan\u00e7ant la navegaci\u00f3 o [&hellip;]<\/p>\n","protected":false},"author":2,"featured_media":0,"parent":0,"menu_order":0,"comment_status":"closed","ping_status":"closed","template":"","meta":{"zakra_page_container_layout":"customizer","zakra_page_sidebar_layout":"customizer","zakra_remove_content_margin":false,"zakra_sidebar":"customizer","zakra_transparent_header":"customizer","zakra_logo":0,"zakra_main_header_style":"default","zakra_menu_item_color":"","zakra_menu_item_hover_color":"","zakra_menu_item_active_color":"","zakra_menu_active_style":"","zakra_page_header":true,"inline_featured_image":false,"footnotes":""},"class_list":["post-1724","page","type-page","status-publish","hentry"],"_links":{"self":[{"href":"https:\/\/beharpy.com\/ca\/wp-json\/wp\/v2\/pages\/1724","targetHints":{"allow":["GET"]}}],"collection":[{"href":"https:\/\/beharpy.com\/ca\/wp-json\/wp\/v2\/pages"}],"about":[{"href":"https:\/\/beharpy.com\/ca\/wp-json\/wp\/v2\/types\/page"}],"author":[{"embeddable":true,"href":"https:\/\/beharpy.com\/ca\/wp-json\/wp\/v2\/users\/2"}],"replies":[{"embeddable":true,"href":"https:\/\/beharpy.com\/ca\/wp-json\/wp\/v2\/comments?post=1724"}],"version-history":[{"count":4,"href":"https:\/\/beharpy.com\/ca\/wp-json\/wp\/v2\/pages\/1724\/revisions"}],"predecessor-version":[{"id":2115,"href":"https:\/\/beharpy.com\/ca\/wp-json\/wp\/v2\/pages\/1724\/revisions\/2115"}],"wp:attachment":[{"href":"https:\/\/beharpy.com\/ca\/wp-json\/wp\/v2\/media?parent=1724"}],"curies":[{"name":"wp","href":"https:\/\/api.w.org\/{rel}","templated":true}]}}