{"id":1730,"date":"2026-01-28T10:19:48","date_gmt":"2026-01-28T09:19:48","guid":{"rendered":"https:\/\/beharpy.com\/condicions-del-servei\/"},"modified":"2026-04-08T08:00:03","modified_gmt":"2026-04-08T06:00:03","slug":"condicions-del-servei","status":"publish","type":"page","link":"https:\/\/beharpy.com\/ca\/condicions-del-servei\/","title":{"rendered":"Condicions del servei"},"content":{"rendered":"\n<p><strong>Enviaments<\/strong><br\/>Tots els productes venuts per BeHarpy s\u2019envien mitjan\u00e7ant un servei de missatgeria per tota Espanya i Europa.<br\/>Les comandes es preparen en un termini m\u00e0xim de 72 hores des de la recepci\u00f3.<\/p>\n\n<p>Per a qualsevol incid\u00e8ncia, devoluci\u00f3, cancel\u00b7laci\u00f3 o consulta sobre la vostra comanda, no dubteu a contactar amb nosaltres enviant un correu electr\u00f2nic a info@beharpy.com.<\/p>\n\n<hr class=\"wp-block-separator has-alpha-channel-opacity\"\/>\n\n<p><strong>Devolucions i reemborsaments<\/strong><br\/>BeHarpy ofereix la possibilitat de cancel\u00b7lar una comanda si no ha estat enviada, o de retornar-la si un producte ha arribat malm\u00e8s o en mal estat.<br\/>BeHarpy el substituir\u00e0 per un altre en bon estat sense cap cost addicional.<\/p>\n\n<p>El termini de devoluci\u00f3 \u00e9s de 14 dies des de la data de recepci\u00f3, i el producte s\u2019ha de retornar degudament empaquetat i en bon estat (sense fer-lo servir) a l\u2019adre\u00e7a seg\u00fcent:<br\/>Crtra. Cardona, 26, 4rt,<br\/>08242 Manresa (Espanya).<\/p>\n\n<p>Les sol\u00b7licituds de cancel\u00b7laci\u00f3 i devoluci\u00f3 s\u2019han de fer a trav\u00e9s de la nostra secci\u00f3 de Contacte a https:\/\/beharpy.com\/contact\/<\/p>\n\n<p>No es faran reemborsaments si la compra s\u2019ha completat correctament.<\/p>\n\n<hr class=\"wp-block-separator has-alpha-channel-opacity\"\/>\n\n<p><strong>Privacitat i seguretat<\/strong><br\/>BeHarpy no emmagatzema dades personals ni banc\u00e0ries. Nom\u00e9s us demanarem la vostra adre\u00e7a de correu electr\u00f2nic si us subscriviu al nostre butllet\u00ed per rebre informaci\u00f3 sobre les nostres novetats i activitats.<br\/>La p\u00e0gina web de BeHarpy nom\u00e9s recull dades an\u00f2nimes sobre el tr\u00e0nsit mitjan\u00e7ant galetes.<\/p>\n","protected":false},"excerpt":{"rendered":"<p>EnviamentsTots els productes venuts per BeHarpy s\u2019envien mitjan\u00e7ant un servei de missatgeria per tota Espanya i Europa.Les comandes es preparen en un termini m\u00e0xim de 72 hores des de la [&hellip;]<\/p>\n","protected":false},"author":1,"featured_media":0,"parent":0,"menu_order":0,"comment_status":"closed","ping_status":"closed","template":"","meta":{"zakra_page_container_layout":"customizer","zakra_page_sidebar_layout":"customizer","zakra_remove_content_margin":false,"zakra_sidebar":"customizer","zakra_transparent_header":"customizer","zakra_logo":0,"zakra_main_header_style":"default","zakra_menu_item_color":"","zakra_menu_item_hover_color":"","zakra_menu_item_active_color":"","zakra_menu_active_style":"","zakra_page_header":true,"inline_featured_image":false,"footnotes":""},"class_list":["post-1730","page","type-page","status-publish","hentry"],"_links":{"self":[{"href":"https:\/\/beharpy.com\/ca\/wp-json\/wp\/v2\/pages\/1730","targetHints":{"allow":["GET"]}}],"collection":[{"href":"https:\/\/beharpy.com\/ca\/wp-json\/wp\/v2\/pages"}],"about":[{"href":"https:\/\/beharpy.com\/ca\/wp-json\/wp\/v2\/types\/page"}],"author":[{"embeddable":true,"href":"https:\/\/beharpy.com\/ca\/wp-json\/wp\/v2\/users\/1"}],"replies":[{"embeddable":true,"href":"https:\/\/beharpy.com\/ca\/wp-json\/wp\/v2\/comments?post=1730"}],"version-history":[{"count":1,"href":"https:\/\/beharpy.com\/ca\/wp-json\/wp\/v2\/pages\/1730\/revisions"}],"predecessor-version":[{"id":1731,"href":"https:\/\/beharpy.com\/ca\/wp-json\/wp\/v2\/pages\/1730\/revisions\/1731"}],"wp:attachment":[{"href":"https:\/\/beharpy.com\/ca\/wp-json\/wp\/v2\/media?parent=1730"}],"curies":[{"name":"wp","href":"https:\/\/api.w.org\/{rel}","templated":true}]}}