{"id":1737,"date":"2026-01-28T10:46:20","date_gmt":"2026-01-28T09:46:20","guid":{"rendered":"https:\/\/beharpy.com\/qui-es-el-quim\/"},"modified":"2026-04-08T17:02:10","modified_gmt":"2026-04-08T15:02:10","slug":"qui-es-el-quim","status":"publish","type":"page","link":"https:\/\/beharpy.com\/ca\/qui-es-el-quim\/","title":{"rendered":"Qui \u00e9s el Quim?"},"content":{"rendered":"\t\t<div data-elementor-type=\"wp-page\" data-elementor-id=\"1737\" class=\"elementor elementor-1737 elementor-109\" data-elementor-post-type=\"page\">\n\t\t\t\t<div class=\"elementor-element elementor-element-f6fc8f2 e-flex e-con-boxed e-con e-parent\" data-id=\"f6fc8f2\" data-element_type=\"container\" data-e-type=\"container\" data-settings=\"{&quot;background_background&quot;:&quot;classic&quot;}\">\n\t\t\t\t\t<div class=\"e-con-inner\">\n\t\t<div class=\"elementor-element elementor-element-4648072 e-con-full e-flex e-con e-child\" data-id=\"4648072\" data-element_type=\"container\" data-e-type=\"container\" data-settings=\"{&quot;background_background&quot;:&quot;classic&quot;}\">\n\t\t\t\t<div class=\"elementor-element elementor-element-c73b28f animated-fast elementor-invisible elementor-widget elementor-widget-heading\" data-id=\"c73b28f\" data-element_type=\"widget\" data-e-type=\"widget\" data-settings=\"{&quot;_animation&quot;:&quot;fadeInUp&quot;,&quot;_animation_mobile&quot;:&quot;none&quot;}\" data-widget_type=\"heading.default\">\n\t\t\t\t\t<h1 class=\"elementor-heading-title elementor-size-default\">Qui \u00e9s el Quim?<\/h1>\t\t\t\t<\/div>\n\t\t\t\t<\/div>\n\t\t<div class=\"elementor-element elementor-element-be4f428 e-con-full e-flex e-con e-child\" data-id=\"be4f428\" data-element_type=\"container\" data-e-type=\"container\" data-settings=\"{&quot;background_background&quot;:&quot;classic&quot;}\">\n\t\t<div class=\"elementor-element elementor-element-326f949 e-con-full e-flex elementor-invisible e-con e-child\" data-id=\"326f949\" data-element_type=\"container\" data-e-type=\"container\" data-settings=\"{&quot;animation&quot;:&quot;fadeInUp&quot;,&quot;animation_mobile&quot;:&quot;none&quot;}\">\n\t\t\t\t<div class=\"elementor-element elementor-element-a45eaad elementor-invisible elementor-widget elementor-widget-heading\" data-id=\"a45eaad\" data-element_type=\"widget\" data-e-type=\"widget\" data-settings=\"{&quot;_animation&quot;:&quot;fadeInUp&quot;,&quot;_animation_mobile&quot;:&quot;none&quot;}\" data-widget_type=\"heading.default\">\n\t\t\t\t\t<h2 class=\"elementor-heading-title elementor-size-default\"> Quim Roca | Respiraci\u00f3 Conscient<\/h2>\t\t\t\t<\/div>\n\t\t\t\t<div class=\"elementor-element elementor-element-aced6e8 elementor-widget elementor-widget-text-editor\" data-id=\"aced6e8\" data-element_type=\"widget\" data-e-type=\"widget\" data-widget_type=\"text-editor.default\">\n\t\t\t\t\t\t\t\t\t<p>Quan vaig comen\u00e7ar a tocar l\u2019harm\u00f2nica, a 30 anys, vaig comen\u00e7ar a ser m\u00e9s conscient de la respiraci\u00f3 i em va canviar la vida. L\u2019harm\u00f2nica i la respiraci\u00f3 conscient em van ajudar a sanar aquell jove ferit; la primera em va ajudar a expressar una sensibilitat que tenia reprimida; la segona em va servir per alliberar totes les emocions estancades.<\/p>\n<p>A 40 anys vaig descobrir el cant harm\u00f2nic i com connectar amb els meus centres d\u2019energia, els xacres, i se\u2019m va obrir el cam\u00ed cap a la ter\u00e0pia del so.<\/p>\n<p>A 50 anys, despr\u00e9s d\u2019anys d\u2019autocuraci\u00f3, moltes lectures i formacions en ter\u00e0pia de so, respiraci\u00f3 i pr\u00e0ctiques de sanaci\u00f3 energ\u00e8tica, vaig crear BeHarpy. La meva intenci\u00f3 \u00e9s compartir la meva experi\u00e8ncia i donar a con\u00e8ixer l\u2019harm\u00f2nica i el cant harm\u00f2nic com a eines per explorar i aconseguir m\u00e9s intimitat amb la nostra respiraci\u00f3 i una connexi\u00f3 m\u00e9s real amb el nostre cos, la nostra ment i la nostra creativitat.<\/p>\n<p>Des del 2013 ofereixo tallers de respiraci\u00f3 conscient, d\u2019harm\u00f2nica i de cant harm\u00f2nic a diferents parts del m\u00f3n: Catalunya, Espanya, Fran\u00e7a, Gran Bretanya, Alemanya, els Estats Units, fent servir diferents idiomes: catal\u00e0, castell\u00e0, franc\u00e8s, angl\u00e8s i portugu\u00e8s.<\/p>\n<p>Aquesta \u00e9s una llista d\u2019alguns dels retirs i festivals on he assistit com a professor durant els \u00faltims anys: <strong>Encuentro de Cantos Arm\u00f3nicos<\/strong> (Diafanum), <strong>Harm\u00f2nica Roses<\/strong> (amb Greg Zlap i Joan Pau Cumellas), <strong>Breath, a Festival of Life<\/strong> (Regne Unit), <strong>Barcelona Breathcamp<\/strong> (d\u2019Alchemy of Breath), <strong>Harmonica Masters<\/strong> (Trossingen, Alemanya), <strong>Harping by the Sea<\/strong> (Brighton, Regne Unit), <strong>Harmonica FEN Festival<\/strong> (Berl\u00edn, Alemanya), <strong>Eurofolk Festival<\/strong> (Ingelheim, Alemanya), <strong>Calella Harm\u00f2nica Festival<\/strong> (Catalunya), <strong>L\u2019Hers sur les anches<\/strong> (Calmont, Fran\u00e7a)\u2026 I sempre en venen m\u00e9s!<\/p>\n<p>Des del 2018 organitzo el <strong>Gironella Harmonica Camp<\/strong>, on tamb\u00e9 participo com a professor al costat de l\u2019incre\u00efble <span style=\"text-decoration: underline; color: #99cc00;\"><a style=\"color: #99cc00;\" href=\"http:\/\/www.joanpaucumellas.com\/es\/\" target=\"_blank\" rel=\"noopener nofollow\"><strong>Joan Pau Cumellas<\/strong><\/a><\/span>.<\/p>\n<p>Els \u00faltims 20 anys he format part de diferents grups de rock i de blues i he acompanyat diversos cantautors tocant l\u2019harm\u00f2nica.<\/p>\n<p>Els tres harmonicistes que m\u2019han influenciat m\u00e9s, no nom\u00e9s per com toquen i pel bon gust musical que tenen, sin\u00f3 sobretot per la gran humanitat, generositat, humilitat i la solv\u00e8ncia com a professors s\u00f3n el <strong>Joan Pau Cumellas<\/strong>, el <a href=\"https:\/\/mjharmonica.com\/\" target=\"_blank\" rel=\"noopener nofollow\"><span style=\"text-decoration: underline;\"><strong><span style=\"color: #99cc00; text-decoration: underline;\">Marko Jovanovi\u0107<\/span><\/strong><\/span><\/a>\u00a0i el <span style=\"color: #99cc00;\"><a style=\"color: #99cc00;\" href=\"https:\/\/filiskostore.com\/\" target=\"_blank\" rel=\"noopener nofollow\"><span style=\"text-decoration: underline;\"><strong>Joe Filisko<\/strong><\/span><\/a><\/span>.<\/p>\n<p>Actualment, toco country a duo amb el <span style=\"color: #99cc00;\"><a style=\"color: #99cc00;\" href=\"https:\/\/beharpy.com\/ca\/borja-olalla-quim-roca\/\"><span style=\"text-decoration: underline;\"><strong>Borja Olalla<\/strong><\/span><\/a><\/span>.<\/p>\n\t\t\t\t\t\t\t\t<\/div>\n\t\t\t\t<div class=\"elementor-element elementor-element-61105ab elementor-widget elementor-widget-heading\" data-id=\"61105ab\" data-element_type=\"widget\" data-e-type=\"widget\" data-widget_type=\"heading.default\">\n\t\t\t\t\t<h3 class=\"elementor-heading-title elementor-size-default\">Tots som BeHarpy!!!<\/h3>\t\t\t\t<\/div>\n\t\t\t\t<\/div>\n\t\t<div class=\"elementor-element elementor-element-274cac4 e-con-full e-flex elementor-invisible e-con e-child\" data-id=\"274cac4\" data-element_type=\"container\" data-e-type=\"container\" data-settings=\"{&quot;animation&quot;:&quot;fadeInUp&quot;,&quot;animation_mobile&quot;:&quot;none&quot;,&quot;background_background&quot;:&quot;slideshow&quot;,&quot;background_slideshow_gallery&quot;:[{&quot;id&quot;:1734,&quot;url&quot;:&quot;https:\\\/\\\/beharpy.com\\\/wp-content\\\/uploads\\\/2026\\\/01\\\/QUIM-ROCA-3-1-scaled.jpg&quot;},{&quot;id&quot;:1735,&quot;url&quot;:&quot;https:\\\/\\\/beharpy.com\\\/wp-content\\\/uploads\\\/2026\\\/02\\\/P6170275-scaled.jpg&quot;}],&quot;background_slideshow_loop&quot;:&quot;yes&quot;,&quot;background_slideshow_slide_duration&quot;:5000,&quot;background_slideshow_slide_transition&quot;:&quot;fade&quot;,&quot;background_slideshow_transition_duration&quot;:500}\">\n\t\t\t\t<\/div>\n\t\t\t\t<\/div>\n\t\t\t\t\t<\/div>\n\t\t\t\t<\/div>\n\t\t\t\t<\/div>\n\t\t","protected":false},"excerpt":{"rendered":"<p>Quim Roca | Respiraci\u00f3 Conscient Quan vaig comen\u00e7ar a tocar l\u2019harm\u00f2nica, a 30 anys, vaig comen\u00e7ar a ser m\u00e9s conscient de la respiraci\u00f3 i em va canviar la vida. L\u2019harm\u00f2nica [&hellip;]<\/p>\n","protected":false},"author":2,"featured_media":0,"parent":0,"menu_order":0,"comment_status":"closed","ping_status":"closed","template":"page-templates\/pagebuilder.php","meta":{"zakra_page_container_layout":"customizer","zakra_page_sidebar_layout":"customizer","zakra_remove_content_margin":false,"zakra_sidebar":"customizer","zakra_transparent_header":"customizer","zakra_logo":0,"zakra_main_header_style":"default","zakra_menu_item_color":"","zakra_menu_item_hover_color":"","zakra_menu_item_active_color":"","zakra_menu_active_style":"","zakra_page_header":true,"inline_featured_image":false,"footnotes":""},"class_list":["post-1737","page","type-page","status-publish","hentry"],"_links":{"self":[{"href":"https:\/\/beharpy.com\/ca\/wp-json\/wp\/v2\/pages\/1737","targetHints":{"allow":["GET"]}}],"collection":[{"href":"https:\/\/beharpy.com\/ca\/wp-json\/wp\/v2\/pages"}],"about":[{"href":"https:\/\/beharpy.com\/ca\/wp-json\/wp\/v2\/types\/page"}],"author":[{"embeddable":true,"href":"https:\/\/beharpy.com\/ca\/wp-json\/wp\/v2\/users\/2"}],"replies":[{"embeddable":true,"href":"https:\/\/beharpy.com\/ca\/wp-json\/wp\/v2\/comments?post=1737"}],"version-history":[{"count":6,"href":"https:\/\/beharpy.com\/ca\/wp-json\/wp\/v2\/pages\/1737\/revisions"}],"predecessor-version":[{"id":2259,"href":"https:\/\/beharpy.com\/ca\/wp-json\/wp\/v2\/pages\/1737\/revisions\/2259"}],"wp:attachment":[{"href":"https:\/\/beharpy.com\/ca\/wp-json\/wp\/v2\/media?parent=1737"}],"curies":[{"name":"wp","href":"https:\/\/api.w.org\/{rel}","templated":true}]}}