{"id":1807,"date":"2026-01-28T10:51:56","date_gmt":"2026-01-28T09:51:56","guid":{"rendered":"https:\/\/beharpy.com\/respiracio-circular\/"},"modified":"2026-04-09T01:39:51","modified_gmt":"2026-04-08T23:39:51","slug":"respiracio-circular","status":"publish","type":"page","link":"https:\/\/beharpy.com\/ca\/respiracio-circular\/","title":{"rendered":"Respiraci\u00f3 Circular"},"content":{"rendered":"\t\t<div data-elementor-type=\"wp-page\" data-elementor-id=\"1807\" class=\"elementor elementor-1807 elementor-115\" data-elementor-post-type=\"page\">\n\t\t\t\t<div class=\"elementor-element elementor-element-e0b98e0 e-flex e-con-boxed e-con e-parent\" data-id=\"e0b98e0\" data-element_type=\"container\" data-e-type=\"container\" data-settings=\"{&quot;background_background&quot;:&quot;classic&quot;}\">\n\t\t\t\t\t<div class=\"e-con-inner\">\n\t\t<div class=\"elementor-element elementor-element-ca5d884 e-con-full e-flex e-con e-child\" data-id=\"ca5d884\" data-element_type=\"container\" data-e-type=\"container\" data-settings=\"{&quot;background_background&quot;:&quot;classic&quot;}\">\n\t\t\t\t<div class=\"elementor-element elementor-element-a2ca568 animated-fast elementor-invisible elementor-widget elementor-widget-heading\" data-id=\"a2ca568\" data-element_type=\"widget\" data-e-type=\"widget\" data-settings=\"{&quot;_animation&quot;:&quot;fadeInUp&quot;,&quot;_animation_mobile&quot;:&quot;none&quot;}\" data-widget_type=\"heading.default\">\n\t\t\t\t\t<h1 class=\"elementor-heading-title elementor-size-default\">Respiraci\u00f3 Circular<\/h1>\t\t\t\t<\/div>\n\t\t\t\t<\/div>\n\t\t<div class=\"elementor-element elementor-element-7068db8 e-con-full e-flex e-con e-child\" data-id=\"7068db8\" data-element_type=\"container\" data-e-type=\"container\" data-settings=\"{&quot;background_background&quot;:&quot;classic&quot;}\">\n\t\t<div class=\"elementor-element elementor-element-2fd362c e-con-full e-flex elementor-invisible e-con e-child\" data-id=\"2fd362c\" data-element_type=\"container\" data-e-type=\"container\" data-settings=\"{&quot;animation&quot;:&quot;fadeInUp&quot;,&quot;animation_mobile&quot;:&quot;none&quot;}\">\n\t\t\t\t<div class=\"elementor-element elementor-element-d965bf7 elementor-widget elementor-widget-text-editor\" data-id=\"d965bf7\" data-element_type=\"widget\" data-e-type=\"widget\" data-widget_type=\"text-editor.default\">\n\t\t\t\t\t\t\t\t\t<p>La respiraci\u00f3 circular \u00e9s una t\u00e8cnica que et permet produir un so continuat amb les notes i amb els acords tant bufats com aspirats de l\u2019harm\u00f2nica.<\/p>\n<p>Vaig comen\u00e7ar a tocar el didjerid\u00fa fa uns 15 anys i al cap d\u2019un temps vaig aprendre la t\u00e8cnica de la respiraci\u00f3 circular. Al cap un parell d\u2019anys em vaig adonar que tamb\u00e9 es podia fer a l\u2019inrev\u00e9s, \u00e9s a dir&#8230; aspirant! I quin instrument produeix so quan aspires? Exacte! L\u2019harm\u00f2nica!<\/p>\n<p>De fet, em vaig adonar que era possible fer la t\u00e8cnica aspirant veient un amic meu fumant: va fer una calada d\u2019un cigarret i, a la vegada, va treure pel nas el fum de la calada anterior, que encara tenia als pulmons. Estava aspirant per la boca (fum, s\u00ed) i exhalant pel nas (fum, s\u00ed) al mateix temps! En aquell mateix instant em vaig imaginar tocant un acord amb l\u2019harm\u00f2nica que no s\u2019acabava mai. Me\u2019n vaig anar a casa, vaig agafar una harm\u00f2nica en to de sol i voil\u00e0! Aix\u00ed de f\u00e0cil! Ara fins i tot m\u2019\u00e9s m\u00e9s f\u00e0cil la respiraci\u00f3 circular aspirant que la normal, \u00e9s a dir, bufant. A m\u00e9s, tinc clar\u00edssim que els acords aspirats s\u00f3n molt m\u00e9s bonics que els bufats.<\/p>\n<p>Durant anys vaig fer servir aquests acords infinits fent servir harm\u00f2niques greus per acompanyar meditacions sonores, juntament amb el didjerid\u00fa, el cant harm\u00f2nic i els bols tibetans.<\/p>\n<p>La primera vegada que vaig fer servir la respiraci\u00f3 circular aspirada en un festival d\u2019harm\u00f2nica va ser el 2018, a l\u2019Harmonica Masters de Trossingen, amb un convidat molt especial,<em> le fabuleux, l\u2019unique<\/em> <span style=\"text-decoration: underline;\"><span style=\"color: #003366;\"><a style=\"color: #003366;\" href=\"https:\/\/gregzlap.store\/\" target=\"_blank\" rel=\"noopener nofollow\"><strong>Greg Zlap<\/strong><\/a><\/span><\/span>. Al v\u00eddeo en tens la prova!<\/p>\n\t\t\t\t\t\t\t\t<\/div>\n\t\t\t\t<\/div>\n\t\t<div class=\"elementor-element elementor-element-e731670 e-con-full e-flex e-con e-child\" data-id=\"e731670\" data-element_type=\"container\" data-e-type=\"container\">\n\t\t\t\t<div class=\"elementor-element elementor-element-c2b1830 elementor-widget elementor-widget-video\" data-id=\"c2b1830\" data-element_type=\"widget\" data-e-type=\"widget\" data-settings=\"{&quot;youtube_url&quot;:&quot;https:\\\/\\\/www.youtube.com\\\/watch?v=esLcVpO5uPo&quot;,&quot;video_type&quot;:&quot;youtube&quot;,&quot;controls&quot;:&quot;yes&quot;}\" data-widget_type=\"video.default\">\n\t\t\t\t\t\t\t<div class=\"elementor-wrapper elementor-open-inline\">\n\t\t\t<div class=\"elementor-video\"><\/div>\t\t<\/div>\n\t\t\t\t\t\t<\/div>\n\t\t\t\t<\/div>\n\t\t\t\t<\/div>\n\t\t<div class=\"elementor-element elementor-element-9e43ffb e-con-full e-flex e-con e-child\" data-id=\"9e43ffb\" data-element_type=\"container\" data-e-type=\"container\" data-settings=\"{&quot;background_background&quot;:&quot;classic&quot;}\">\n\t\t<div class=\"elementor-element elementor-element-cd1ab35 e-con-full e-flex elementor-invisible e-con e-child\" data-id=\"cd1ab35\" data-element_type=\"container\" data-e-type=\"container\" data-settings=\"{&quot;animation&quot;:&quot;fadeInUp&quot;,&quot;animation_mobile&quot;:&quot;none&quot;}\">\n\t\t\t\t<div class=\"elementor-element elementor-element-2f75d67 elementor-widget elementor-widget-heading\" data-id=\"2f75d67\" data-element_type=\"widget\" data-e-type=\"widget\" data-widget_type=\"heading.default\">\n\t\t\t\t\t<h2 class=\"elementor-heading-title elementor-size-default\">Encoratjat pel Joe Filisko i el Csaba Andras, vaig comen\u00e7ar a desenvolupar la t\u00e8cnica i vaig aprendre a fer diferents ritmes, afegir-hi sons vocals i intentant imitar el didjerid\u00fa amb l\u2019harm\u00f2nica.<\/h2>\t\t\t\t<\/div>\n\t\t\t\t<\/div>\n\t\t<div class=\"elementor-element elementor-element-3ee4c37 e-con-full e-flex e-con e-child\" data-id=\"3ee4c37\" data-element_type=\"container\" data-e-type=\"container\">\n\t\t\t\t<div class=\"elementor-element elementor-element-c84189a elementor-widget elementor-widget-video\" data-id=\"c84189a\" data-element_type=\"widget\" data-e-type=\"widget\" data-settings=\"{&quot;youtube_url&quot;:&quot;https:\\\/\\\/www.youtube.com\\\/watch?v=3G1c1Jm6p4w&quot;,&quot;video_type&quot;:&quot;youtube&quot;,&quot;controls&quot;:&quot;yes&quot;}\" data-widget_type=\"video.default\">\n\t\t\t\t\t\t\t<div class=\"elementor-wrapper elementor-open-inline\">\n\t\t\t<div class=\"elementor-video\"><\/div>\t\t<\/div>\n\t\t\t\t\t\t<\/div>\n\t\t\t\t<\/div>\n\t\t\t\t<\/div>\n\t\t\t\t\t<\/div>\n\t\t\t\t<\/div>\n\t\t<div class=\"elementor-element elementor-element-05ed630 e-flex e-con-boxed e-con e-parent\" data-id=\"05ed630\" data-element_type=\"container\" data-e-type=\"container\" data-settings=\"{&quot;background_background&quot;:&quot;classic&quot;}\">\n\t\t\t\t\t<div class=\"e-con-inner\">\n\t\t<div class=\"elementor-element elementor-element-8831578 e-con-full e-flex e-con e-child\" data-id=\"8831578\" data-element_type=\"container\" data-e-type=\"container\" data-settings=\"{&quot;background_background&quot;:&quot;classic&quot;}\">\n\t\t<div class=\"elementor-element elementor-element-f6c7a15 e-con-full e-flex elementor-invisible e-con e-child\" data-id=\"f6c7a15\" data-element_type=\"container\" data-e-type=\"container\" data-settings=\"{&quot;animation&quot;:&quot;fadeInUp&quot;,&quot;animation_mobile&quot;:&quot;none&quot;}\">\n\t\t\t\t<div class=\"elementor-element elementor-element-b30a326 elementor-widget elementor-widget-text-editor\" data-id=\"b30a326\" data-element_type=\"widget\" data-e-type=\"widget\" data-widget_type=\"text-editor.default\">\n\t\t\t\t\t\t\t\t\t<p>Amb el temps m\u2019he adonat que aprendre aquesta t\u00e8cnica t\u2019obliga a sortir de la zona de confort i a treballar m\u00e9s conscientment la respiraci\u00f3, sobretot el diafragma.<\/p>\n<p>El 2025 em van oferir l\u2019oportunitat d\u2019intentar establir el r\u00e8cord mundial de l\u2019\u201dAcord m\u00e9s llarg amb harm\u00f2nica\u201d. Vaig aspirar un acord durant 31 minuts i 31 segons consecutius al Festival Mundial d\u2019Harm\u00f2nica de Trossingen, a Alemanya. Pots veure el v\u00eddeo complet a l\u2019Instagram d\u2019<em>hohnerharmonica<\/em>.<\/p>\n<p>Tamb\u00e9 pots fer servir la respiraci\u00f3 circular aspirada tocant l\u2019harm\u00f2nica com a acompanyament, per exemple; o quan et quedes sense aire despr\u00e9s de tocar moltes notes aspirades. \u00c9s una t\u00e8cnica de respiraci\u00f3 m\u00e9s que pots aprendre i que et pot ser \u00fatil.<\/p>\n\t\t\t\t\t\t\t\t<\/div>\n\t\t\t\t<div class=\"elementor-element elementor-element-43988e2 elementor-widget elementor-widget-heading\" data-id=\"43988e2\" data-element_type=\"widget\" data-e-type=\"widget\" data-widget_type=\"heading.default\">\n\t\t\t\t\t<h3 class=\"elementor-heading-title elementor-size-default\">Tamb\u00e9 pots contractar una sessi\u00f3 online amb mi! Normalment, amb una sola classe n\u2019hi ha prou per entendre la t\u00e8cnica i comen\u00e7ar-la a aplicar.<\/h3>\t\t\t\t<\/div>\n\t\t<a class=\"elementor-element elementor-element-a0f2c5c e-con-full e-transform animated-fast e-flex elementor-invisible e-con e-child\" data-id=\"a0f2c5c\" data-element_type=\"container\" data-e-type=\"container\" data-settings=\"{&quot;background_background&quot;:&quot;classic&quot;,&quot;_transform_translateY_effect_hover&quot;:{&quot;unit&quot;:&quot;px&quot;,&quot;size&quot;:-10,&quot;sizes&quot;:[]},&quot;animation&quot;:&quot;bounceInDown&quot;,&quot;animation_mobile&quot;:&quot;none&quot;,&quot;animation_delay&quot;:400,&quot;_transform_translateX_effect_hover&quot;:{&quot;unit&quot;:&quot;px&quot;,&quot;size&quot;:&quot;&quot;,&quot;sizes&quot;:[]},&quot;_transform_translateX_effect_hover_tablet&quot;:{&quot;unit&quot;:&quot;px&quot;,&quot;size&quot;:&quot;&quot;,&quot;sizes&quot;:[]},&quot;_transform_translateX_effect_hover_mobile&quot;:{&quot;unit&quot;:&quot;px&quot;,&quot;size&quot;:&quot;&quot;,&quot;sizes&quot;:[]},&quot;_transform_translateY_effect_hover_tablet&quot;:{&quot;unit&quot;:&quot;px&quot;,&quot;size&quot;:&quot;&quot;,&quot;sizes&quot;:[]},&quot;_transform_translateY_effect_hover_mobile&quot;:{&quot;unit&quot;:&quot;px&quot;,&quot;size&quot;:&quot;&quot;,&quot;sizes&quot;:[]}}\" href=\"https:\/\/beharpy.com\/contact\/\">\n\t\t\t\t<div class=\"elementor-element elementor-element-de31711 giro elementor-widget elementor-widget-image\" data-id=\"de31711\" data-element_type=\"widget\" data-e-type=\"widget\" data-widget_type=\"image.default\">\n\t\t\t\t\t\t\t\t\t\t\t\t\t\t\t<img fetchpriority=\"high\" decoding=\"async\" width=\"800\" height=\"800\" src=\"https:\/\/beharpy.com\/wp-content\/uploads\/2026\/02\/arrow-right-up-354-svgrepo-com.svg\" class=\"attachment-full size-full wp-image-1789\" alt=\"Decorative arrow\" \/>\t\t\t\t\t\t\t\t\t\t\t\t\t\t\t<\/div>\n\t\t\t\t<div class=\"elementor-element elementor-element-3d0bb7f elementor-widget elementor-widget-heading\" data-id=\"3d0bb7f\" data-element_type=\"widget\" data-e-type=\"widget\" data-widget_type=\"heading.default\">\n\t\t\t\t\t<div class=\"elementor-heading-title elementor-size-default\">Reserva aqu\u00ed<\/div>\t\t\t\t<\/div>\n\t\t\t\t<\/a>\n\t\t\t\t<\/div>\n\t\t<div class=\"elementor-element elementor-element-80fcc58 e-con-full e-flex e-con e-child\" data-id=\"80fcc58\" data-element_type=\"container\" data-e-type=\"container\">\n\t\t\t\t<div class=\"elementor-element elementor-element-5663549 elementor-widget elementor-widget-heading\" data-id=\"5663549\" data-element_type=\"widget\" data-e-type=\"widget\" data-widget_type=\"heading.default\">\n\t\t\t\t\t<h3 class=\"elementor-heading-title elementor-size-default\">Aqu\u00ed tens un tutorial de respiraci\u00f3 circular aspirada en 3 passos senzills:<\/h3>\t\t\t\t<\/div>\n\t\t\t\t<div class=\"elementor-element elementor-element-8a52a89 elementor-widget elementor-widget-video\" data-id=\"8a52a89\" data-element_type=\"widget\" data-e-type=\"widget\" data-settings=\"{&quot;youtube_url&quot;:&quot;https:\\\/\\\/www.youtube.com\\\/watch?v=XHH0eDrD9SQ&quot;,&quot;video_type&quot;:&quot;youtube&quot;,&quot;controls&quot;:&quot;yes&quot;}\" data-widget_type=\"video.default\">\n\t\t\t\t\t\t\t<div class=\"elementor-wrapper elementor-open-inline\">\n\t\t\t<div class=\"elementor-video\"><\/div>\t\t<\/div>\n\t\t\t\t\t\t<\/div>\n\t\t\t\t<\/div>\n\t\t\t\t<\/div>\n\t\t\t\t\t<\/div>\n\t\t\t\t<\/div>\n\t\t\t\t<\/div>\n\t\t","protected":false},"excerpt":{"rendered":"<p>La respiraci\u00f3 circular \u00e9s una t\u00e8cnica que et permet produir un so continuat amb les notes i amb els acords tant bufats com aspirats de l\u2019harm\u00f2nica. Vaig comen\u00e7ar a tocar [&hellip;]<\/p>\n","protected":false},"author":2,"featured_media":0,"parent":0,"menu_order":0,"comment_status":"closed","ping_status":"closed","template":"page-templates\/pagebuilder.php","meta":{"zakra_page_container_layout":"customizer","zakra_page_sidebar_layout":"customizer","zakra_remove_content_margin":false,"zakra_sidebar":"customizer","zakra_transparent_header":"customizer","zakra_logo":0,"zakra_main_header_style":"default","zakra_menu_item_color":"","zakra_menu_item_hover_color":"","zakra_menu_item_active_color":"","zakra_menu_active_style":"","zakra_page_header":true,"inline_featured_image":false,"footnotes":""},"class_list":["post-1807","page","type-page","status-publish","hentry"],"_links":{"self":[{"href":"https:\/\/beharpy.com\/ca\/wp-json\/wp\/v2\/pages\/1807","targetHints":{"allow":["GET"]}}],"collection":[{"href":"https:\/\/beharpy.com\/ca\/wp-json\/wp\/v2\/pages"}],"about":[{"href":"https:\/\/beharpy.com\/ca\/wp-json\/wp\/v2\/types\/page"}],"author":[{"embeddable":true,"href":"https:\/\/beharpy.com\/ca\/wp-json\/wp\/v2\/users\/2"}],"replies":[{"embeddable":true,"href":"https:\/\/beharpy.com\/ca\/wp-json\/wp\/v2\/comments?post=1807"}],"version-history":[{"count":10,"href":"https:\/\/beharpy.com\/ca\/wp-json\/wp\/v2\/pages\/1807\/revisions"}],"predecessor-version":[{"id":2378,"href":"https:\/\/beharpy.com\/ca\/wp-json\/wp\/v2\/pages\/1807\/revisions\/2378"}],"wp:attachment":[{"href":"https:\/\/beharpy.com\/ca\/wp-json\/wp\/v2\/media?parent=1807"}],"curies":[{"name":"wp","href":"https:\/\/api.w.org\/{rel}","templated":true}]}}