{"id":1821,"date":"2026-01-28T10:53:53","date_gmt":"2026-01-28T09:53:53","guid":{"rendered":"https:\/\/beharpy.com\/tallers\/"},"modified":"2026-04-08T17:39:27","modified_gmt":"2026-04-08T15:39:27","slug":"tallers","status":"publish","type":"page","link":"https:\/\/beharpy.com\/ca\/tallers\/","title":{"rendered":"Tallers"},"content":{"rendered":"\t\t<div data-elementor-type=\"wp-page\" data-elementor-id=\"1821\" class=\"elementor elementor-1821 elementor-123\" data-elementor-post-type=\"page\">\n\t\t\t\t<div class=\"elementor-element elementor-element-ad2356f e-flex e-con-boxed e-con e-parent\" data-id=\"ad2356f\" data-element_type=\"container\" data-e-type=\"container\" data-settings=\"{&quot;background_background&quot;:&quot;classic&quot;}\">\n\t\t\t\t\t<div class=\"e-con-inner\">\n\t\t<div class=\"elementor-element elementor-element-d34d4e5 e-con-full e-flex e-con e-child\" data-id=\"d34d4e5\" data-element_type=\"container\" data-e-type=\"container\" data-settings=\"{&quot;background_background&quot;:&quot;classic&quot;}\">\n\t\t\t\t<div class=\"elementor-element elementor-element-3c54bfd animated-fast elementor-invisible elementor-widget elementor-widget-heading\" data-id=\"3c54bfd\" data-element_type=\"widget\" data-e-type=\"widget\" data-settings=\"{&quot;_animation&quot;:&quot;fadeInUp&quot;,&quot;_animation_mobile&quot;:&quot;none&quot;}\" data-widget_type=\"heading.default\">\n\t\t\t\t\t<h1 class=\"elementor-heading-title elementor-size-default\">Tallers<\/h1>\t\t\t\t<\/div>\n\t\t\t\t<\/div>\n\t\t<div class=\"elementor-element elementor-element-8eb261d e-con-full e-flex e-con e-child\" data-id=\"8eb261d\" data-element_type=\"container\" data-e-type=\"container\" data-settings=\"{&quot;background_background&quot;:&quot;classic&quot;}\">\n\t\t<div class=\"elementor-element elementor-element-6b25814 e-con-full e-flex elementor-invisible e-con e-child\" data-id=\"6b25814\" data-element_type=\"container\" data-e-type=\"container\" data-settings=\"{&quot;animation&quot;:&quot;fadeInUp&quot;,&quot;animation_mobile&quot;:&quot;none&quot;}\">\n\t\t\t\t<div class=\"elementor-element elementor-element-04d1ab6 elementor-invisible elementor-widget elementor-widget-heading\" data-id=\"04d1ab6\" data-element_type=\"widget\" data-e-type=\"widget\" data-settings=\"{&quot;_animation&quot;:&quot;fadeInUp&quot;,&quot;_animation_mobile&quot;:&quot;none&quot;}\" data-widget_type=\"heading.default\">\n\t\t\t\t\t<h2 class=\"elementor-heading-title elementor-size-default\">M\u2019encanten els tallers, tant quan faig de professor com quan hi participo com a alumne.<\/h2>\t\t\t\t<\/div>\n\t\t\t\t<div class=\"elementor-element elementor-element-ee94dca elementor-widget elementor-widget-text-editor\" data-id=\"ee94dca\" data-element_type=\"widget\" data-e-type=\"widget\" data-widget_type=\"text-editor.default\">\n\t\t\t\t\t\t\t\t\t<p>L\u2019energia que s\u2019hi respira, la connexi\u00f3, l\u2019aprenentatge, l\u2019intercanvi, la interacci\u00f3 amb els altres, obrir-te, de vegades mostrar-te vulnerable, riure, plorar, l\u2019amor, l\u2019agra\u00efment&#8230; En els tallers s\u2019hi viu una m\u00e0gia que \u00e9s dif\u00edcil d\u2019explicar.<\/p>\n<p>Des del 2013 que imparteixo tallers de forma regular. Pr\u00e8viament, havia participat en molts i s\u00e9 per experi\u00e8ncia que, encara que el tema sigui el mateix, cada taller sempre acaba sent diferent.<\/p>\n<p>Principalment ofereixo tallers de respiraci\u00f3, d\u2019harm\u00f2nica i de cant harm\u00f2nic. Dit aix\u00f2, sempre m\u2019agrada barrejar temes i abordar-los en funci\u00f3 del grup. De vegades, una sessi\u00f3 de respiraci\u00f3 per a un grup de persones que mai ha tocat l\u2019harm\u00f2nica acaba en un concert amb tots els participants. O un taller per a harmonicistes es pot convertir f\u00e0cilment en una meditaci\u00f3 per agafar consci\u00e8ncia dels h\u00e0bits de respiraci\u00f3. Aix\u00f2 s\u00ed, en els meus tallers sempre hi apareix l\u2019aspecte terap\u00e8utic, ja sigui respirant, tocant l\u2019harm\u00f2nica o amb el cant harm\u00f2nic.<\/p>\n<p>Et pots posar en contacte amb mi pels tallers de L\u2019Harm\u00f2nica, m\u00e9s enll\u00e0 de l\u2019instrument, Iniciaci\u00f3 a l\u2019Harm\u00f2nica i Cant Harm\u00f2nic.<\/p>\n\t\t\t\t\t\t\t\t<\/div>\n\t\t\t\t<div class=\"elementor-element elementor-element-d9e297d elementor-widget elementor-widget-heading\" data-id=\"d9e297d\" data-element_type=\"widget\" data-e-type=\"widget\" data-widget_type=\"heading.default\">\n\t\t\t\t\t<h3 class=\"elementor-heading-title elementor-size-default\">Per\u00f2 tamb\u00e9 ens podem posar creatius i dissenyar un taller fet a mida!<\/h3>\t\t\t\t<\/div>\n\t\t\t\t<\/div>\n\t\t<div class=\"elementor-element elementor-element-f22fae1 e-con-full e-flex elementor-invisible e-con e-child\" data-id=\"f22fae1\" data-element_type=\"container\" data-e-type=\"container\" data-settings=\"{&quot;animation&quot;:&quot;fadeInUp&quot;,&quot;animation_mobile&quot;:&quot;none&quot;,&quot;background_background&quot;:&quot;slideshow&quot;,&quot;background_slideshow_gallery&quot;:[{&quot;id&quot;:1813,&quot;url&quot;:&quot;https:\\\/\\\/beharpy.com\\\/wp-content\\\/uploads\\\/2026\\\/01\\\/TALLER-ROSES-1.jpg&quot;},{&quot;id&quot;:1814,&quot;url&quot;:&quot;https:\\\/\\\/beharpy.com\\\/wp-content\\\/uploads\\\/2026\\\/01\\\/TALLER-GREDOS-2-scaled.jpg&quot;},{&quot;id&quot;:1815,&quot;url&quot;:&quot;https:\\\/\\\/beharpy.com\\\/wp-content\\\/uploads\\\/2026\\\/01\\\/TALLER-GREDOS-1.jpg&quot;},{&quot;id&quot;:1816,&quot;url&quot;:&quot;https:\\\/\\\/beharpy.com\\\/wp-content\\\/uploads\\\/2026\\\/01\\\/TALLER-EIVISSA-4-scaled.jpeg&quot;},{&quot;id&quot;:1817,&quot;url&quot;:&quot;https:\\\/\\\/beharpy.com\\\/wp-content\\\/uploads\\\/2026\\\/01\\\/TALLER-EIVISSA-2-scaled.jpeg&quot;},{&quot;id&quot;:1818,&quot;url&quot;:&quot;https:\\\/\\\/beharpy.com\\\/wp-content\\\/uploads\\\/2026\\\/01\\\/TALLER-ROSES-2.jpeg&quot;},{&quot;id&quot;:1819,&quot;url&quot;:&quot;https:\\\/\\\/beharpy.com\\\/wp-content\\\/uploads\\\/2026\\\/02\\\/AIV2415-scaled.jpg&quot;},{&quot;id&quot;:1820,&quot;url&quot;:&quot;https:\\\/\\\/beharpy.com\\\/wp-content\\\/uploads\\\/2026\\\/02\\\/AIV2403-scaled.jpg&quot;}],&quot;background_slideshow_loop&quot;:&quot;yes&quot;,&quot;background_slideshow_slide_duration&quot;:5000,&quot;background_slideshow_slide_transition&quot;:&quot;fade&quot;,&quot;background_slideshow_transition_duration&quot;:500}\">\n\t\t\t\t<\/div>\n\t\t\t\t<\/div>\n\t\t\t\t\t<\/div>\n\t\t\t\t<\/div>\n\t\t<div class=\"elementor-element elementor-element-add12ea e-flex e-con-boxed e-con e-parent\" data-id=\"add12ea\" data-element_type=\"container\" data-e-type=\"container\" data-settings=\"{&quot;background_background&quot;:&quot;classic&quot;}\">\n\t\t\t\t\t<div class=\"e-con-inner\">\n\t\t<div class=\"elementor-element elementor-element-cbda430 e-con-full e-flex e-con e-child\" data-id=\"cbda430\" data-element_type=\"container\" data-e-type=\"container\" data-settings=\"{&quot;background_background&quot;:&quot;classic&quot;}\">\n\t\t\t\t<div class=\"elementor-element elementor-element-2951ec1 animated-fast elementor-invisible elementor-widget elementor-widget-heading\" data-id=\"2951ec1\" data-element_type=\"widget\" data-e-type=\"widget\" data-settings=\"{&quot;_animation&quot;:&quot;fadeInUp&quot;,&quot;_animation_mobile&quot;:&quot;none&quot;}\" data-widget_type=\"heading.default\">\n\t\t\t\t\t<div class=\"elementor-heading-title elementor-size-default\">Agenda<\/div>\t\t\t\t<\/div>\n\t\t\t\t<div class=\"elementor-element elementor-element-48eaa3c elementor-widget-tablet__width-initial elementor-invisible elementor-widget elementor-widget-heading\" data-id=\"48eaa3c\" data-element_type=\"widget\" data-e-type=\"widget\" data-settings=\"{&quot;_animation&quot;:&quot;fadeInUp&quot;,&quot;_animation_mobile&quot;:&quot;none&quot;}\" data-widget_type=\"heading.default\">\n\t\t\t\t\t<div class=\"elementor-heading-title elementor-size-default\">Respira, juga, cura, comparteix, estima, connecta<\/div>\t\t\t\t<\/div>\n\t\t<a class=\"elementor-element elementor-element-ea2e8b8 e-con-full animated-fast e-transform e-flex elementor-invisible e-con e-child\" data-id=\"ea2e8b8\" data-element_type=\"container\" data-e-type=\"container\" data-settings=\"{&quot;background_background&quot;:&quot;classic&quot;,&quot;animation&quot;:&quot;zoomIn&quot;,&quot;animation_mobile&quot;:&quot;none&quot;,&quot;_transform_scale_effect_hover&quot;:{&quot;unit&quot;:&quot;px&quot;,&quot;size&quot;:0.8,&quot;sizes&quot;:[]},&quot;_transform_scale_effect_hover_tablet&quot;:{&quot;unit&quot;:&quot;px&quot;,&quot;size&quot;:&quot;&quot;,&quot;sizes&quot;:[]},&quot;_transform_scale_effect_hover_mobile&quot;:{&quot;unit&quot;:&quot;px&quot;,&quot;size&quot;:&quot;&quot;,&quot;sizes&quot;:[]}}\" href=\"https:\/\/beharpy.com\/agenda\/\">\n\t\t\t\t<div class=\"elementor-element elementor-element-bb28183 giro e-transform elementor-widget elementor-widget-image\" data-id=\"bb28183\" data-element_type=\"widget\" data-e-type=\"widget\" data-settings=\"{&quot;_transform_rotateZ_effect_hover&quot;:{&quot;unit&quot;:&quot;px&quot;,&quot;size&quot;:-46,&quot;sizes&quot;:[]},&quot;_transform_rotateZ_effect_hover_tablet&quot;:{&quot;unit&quot;:&quot;deg&quot;,&quot;size&quot;:&quot;&quot;,&quot;sizes&quot;:[]},&quot;_transform_rotateZ_effect_hover_mobile&quot;:{&quot;unit&quot;:&quot;deg&quot;,&quot;size&quot;:&quot;&quot;,&quot;sizes&quot;:[]}}\" data-widget_type=\"image.default\">\n\t\t\t\t\t\t\t\t\t\t\t\t\t\t\t<img fetchpriority=\"high\" decoding=\"async\" width=\"800\" height=\"800\" src=\"https:\/\/beharpy.com\/wp-content\/uploads\/2026\/02\/arrow-right-up-354-svgrepo-com.svg\" class=\"attachment-full size-full wp-image-1789\" alt=\"Decorative arrow\" \/>\t\t\t\t\t\t\t\t\t\t\t\t\t\t\t<\/div>\n\t\t\t\t<\/a>\n\t\t\t\t<\/div>\n\t\t\t\t\t<\/div>\n\t\t\t\t<\/div>\n\t\t\t\t<\/div>\n\t\t","protected":false},"excerpt":{"rendered":"<p>M\u2019encanten els tallers, tant quan faig de professor com quan hi participo com a alumne. L\u2019energia que s\u2019hi respira, la connexi\u00f3, l\u2019aprenentatge, l\u2019intercanvi, la interacci\u00f3 amb els altres, obrir-te, de [&hellip;]<\/p>\n","protected":false},"author":2,"featured_media":0,"parent":0,"menu_order":0,"comment_status":"closed","ping_status":"closed","template":"page-templates\/pagebuilder.php","meta":{"zakra_page_container_layout":"customizer","zakra_page_sidebar_layout":"customizer","zakra_remove_content_margin":false,"zakra_sidebar":"customizer","zakra_transparent_header":"customizer","zakra_logo":0,"zakra_main_header_style":"default","zakra_menu_item_color":"","zakra_menu_item_hover_color":"","zakra_menu_item_active_color":"","zakra_menu_active_style":"","zakra_page_header":true,"inline_featured_image":false,"footnotes":""},"class_list":["post-1821","page","type-page","status-publish","hentry"],"_links":{"self":[{"href":"https:\/\/beharpy.com\/ca\/wp-json\/wp\/v2\/pages\/1821","targetHints":{"allow":["GET"]}}],"collection":[{"href":"https:\/\/beharpy.com\/ca\/wp-json\/wp\/v2\/pages"}],"about":[{"href":"https:\/\/beharpy.com\/ca\/wp-json\/wp\/v2\/types\/page"}],"author":[{"embeddable":true,"href":"https:\/\/beharpy.com\/ca\/wp-json\/wp\/v2\/users\/2"}],"replies":[{"embeddable":true,"href":"https:\/\/beharpy.com\/ca\/wp-json\/wp\/v2\/comments?post=1821"}],"version-history":[{"count":3,"href":"https:\/\/beharpy.com\/ca\/wp-json\/wp\/v2\/pages\/1821\/revisions"}],"predecessor-version":[{"id":2269,"href":"https:\/\/beharpy.com\/ca\/wp-json\/wp\/v2\/pages\/1821\/revisions\/2269"}],"wp:attachment":[{"href":"https:\/\/beharpy.com\/ca\/wp-json\/wp\/v2\/media?parent=1821"}],"curies":[{"name":"wp","href":"https:\/\/api.w.org\/{rel}","templated":true}]}}