{"id":1855,"date":"2026-01-28T10:54:20","date_gmt":"2026-01-28T09:54:20","guid":{"rendered":"https:\/\/beharpy.com\/agenda\/"},"modified":"2026-03-02T11:24:03","modified_gmt":"2026-03-02T10:24:03","slug":"agenda","status":"publish","type":"page","link":"https:\/\/beharpy.com\/ca\/agenda\/","title":{"rendered":"Agenda"},"content":{"rendered":"\t\t<div data-elementor-type=\"wp-page\" data-elementor-id=\"1855\" class=\"elementor elementor-1855 elementor-125\" data-elementor-post-type=\"page\">\n\t\t\t\t<div class=\"elementor-element elementor-element-854b6cc e-flex e-con-boxed e-con e-parent\" data-id=\"854b6cc\" data-element_type=\"container\" data-e-type=\"container\" data-settings=\"{&quot;background_background&quot;:&quot;classic&quot;}\">\n\t\t\t\t\t<div class=\"e-con-inner\">\n\t\t<div class=\"elementor-element elementor-element-556aa9d e-con-full e-flex e-con e-child\" data-id=\"556aa9d\" data-element_type=\"container\" data-e-type=\"container\" data-settings=\"{&quot;background_background&quot;:&quot;classic&quot;}\">\n\t\t\t\t<div class=\"elementor-element elementor-element-67e5531 animated-fast elementor-invisible elementor-widget elementor-widget-heading\" data-id=\"67e5531\" data-element_type=\"widget\" data-e-type=\"widget\" data-settings=\"{&quot;_animation&quot;:&quot;fadeInUp&quot;,&quot;_animation_mobile&quot;:&quot;none&quot;}\" data-widget_type=\"heading.default\">\n\t\t\t\t\t<h1 class=\"elementor-heading-title elementor-size-default\">Agenda<\/h1>\t\t\t\t<\/div>\n\t\t\t\t<\/div>\n\t\t<div class=\"elementor-element elementor-element-5b848cc e-con-full e-flex e-con e-child\" data-id=\"5b848cc\" data-element_type=\"container\" data-e-type=\"container\" data-settings=\"{&quot;background_background&quot;:&quot;classic&quot;}\">\n\t\t<div class=\"elementor-element elementor-element-bfe86d0 e-con-full e-flex elementor-invisible e-con e-child\" data-id=\"bfe86d0\" data-element_type=\"container\" data-e-type=\"container\" data-settings=\"{&quot;animation&quot;:&quot;fadeInUp&quot;,&quot;animation_mobile&quot;:&quot;none&quot;}\">\n\t\t\t\t<div class=\"elementor-element elementor-element-b0c6973 elementor-widget elementor-widget-heading\" data-id=\"b0c6973\" data-element_type=\"widget\" data-e-type=\"widget\" data-widget_type=\"heading.default\">\n\t\t\t\t\t<h2 class=\"elementor-heading-title elementor-size-default\">Propers esdeveniments<\/h2>\t\t\t\t<\/div>\n\t\t\t\t<div class=\"elementor-element elementor-element-f4a40cf elementor-widget elementor-widget-the-events-calendar-addon\" data-id=\"f4a40cf\" data-element_type=\"widget\" data-e-type=\"widget\" data-widget_type=\"the-events-calendar-addon.default\">\n\t\t\t\t<div class=\"elementor-widget-container\">\n\t\t\t\t\t<!=========Events list Template 1.7.3=========><script type=\"application\/ld+json\">\r\n[{\"@context\":\"http:\/\/schema.org\",\"@type\":\"Event\",\"name\":\"Concert de Dami\\u00e0 Olivella i Quim Roca\",\"description\":\"\",\"image\":\"https:\/\/beharpy.com\/wp-content\/uploads\/2026\/03\/CARTELL-DAMIA-PLACIDO.jpeg\",\"url\":\"https:\/\/beharpy.com\/ca\/event\/concert-de-damia-olivella-i-quim-roca\/\",\"eventAttendanceMode\":\"https:\/\/schema.org\/OfflineEventAttendanceMode\",\"eventStatus\":\"https:\/\/schema.org\/EventScheduled\",\"startDate\":\"2026-04-25T00:00:00+02:00\",\"endDate\":\"2026-04-25T23:59:59+02:00\",\"organizer\":{\"@type\":\"Person\",\"name\":\"Espai Pl\\u00e1cido-  Manresa\",\"description\":\"\",\"url\":\"\",\"telephone\":\"\",\"email\":\"\",\"sameAs\":\"\"},\"performer\":\"Organization\"},{\"@context\":\"http:\/\/schema.org\",\"@type\":\"Event\",\"name\":\"V Gironella Harmonica Camp\",\"description\":\"&lt;p&gt;Inscripcions &lt;!--El Campament d\\\\'Harm\\u00f2nica de Gironella ofereix tres dies de tallers, concerts i sessions de jam sessions en un entorn natural \\u00fanic. Perfecciona les teves habilitats amb els millors instructors. [&hellip;]&lt;\/p&gt;\\\\n\",\"image\":\"https:\/\/beharpy.com\/wp-content\/uploads\/2026\/01\/Cartell-Gironella-2026-nuevas-fechas.avif\",\"url\":\"https:\/\/beharpy.com\/ca\/event\/v-gironella-harmonica-camp\/\",\"eventAttendanceMode\":\"https:\/\/schema.org\/OfflineEventAttendanceMode\",\"eventStatus\":\"https:\/\/schema.org\/EventScheduled\",\"startDate\":\"2026-04-30T00:00:00+02:00\",\"endDate\":\"2026-05-03T23:59:59+02:00\",\"location\":{\"@type\":\"Place\",\"name\":\"Casa Rural La Resclosa\",\"description\":\"\",\"url\":\"\",\"address\":{\"@type\":\"PostalAddress\",\"streetAddress\":\"C-16\",\"addressLocality\":\"Barcelona\",\"postalCode\":\"08680\",\"addressCountry\":\"Spain\"},\"telephone\":\"\",\"sameAs\":\"\"},\"performer\":\"Organization\"},{\"@context\":\"http:\/\/schema.org\",\"@type\":\"Event\",\"name\":\"Concert de Borja Olalla i Quim Roca\",\"description\":\"&lt;p&gt;De l\\\\'hers sur les anches Festival de Calmont (Fran\\u00e7a) Concert de Borja Olalla i Quim Roca - Dia 15 a les 19:15 Escenari de Quim Roca: &quot;L\\\\'harm\\u00f2nica, m\\u00e9s enll\\u00e0 de [&hellip;]&lt;\/p&gt;\\\\n\",\"image\":\"https:\/\/beharpy.com\/wp-content\/uploads\/2026\/03\/CARTELL-CALMONT.png\",\"url\":\"https:\/\/beharpy.com\/ca\/event\/concert-de-borja-olalla-i-quim-roca\/\",\"eventAttendanceMode\":\"https:\/\/schema.org\/OfflineEventAttendanceMode\",\"eventStatus\":\"https:\/\/schema.org\/EventScheduled\",\"startDate\":\"2026-05-15T19:00:00+02:00\",\"endDate\":\"2026-05-15T21:00:00+02:00\",\"organizer\":{\"@type\":\"Person\",\"name\":\"De l&#8217;hers sur les anches Calmont Festival (Fran\\u00e7a)\",\"description\":\"\",\"url\":\"\",\"telephone\":\"\",\"email\":\"\",\"sameAs\":\"\"},\"performer\":\"Organization\"},{\"@context\":\"http:\/\/schema.org\",\"@type\":\"Event\",\"name\":\"Taller: Respiraci\\u00f3 conscient amb harm\\u00f2nica\",\"description\":\"&lt;p&gt;29-31 de maig Harmonica FEN Festival Berlin (Alemanya) Workshop: Conscious Breathing with Harmonica - Dia 30 de 13:30 a 15:30 M\\u00e9s info i tickets: https:\/\/harmonica-fen-festival.com\/workshops\/&lt;\/p&gt;\\\\n\",\"image\":\"https:\/\/beharpy.com\/wp-content\/uploads\/2026\/03\/CARTELL-FEN-2026.jpeg\",\"url\":\"https:\/\/beharpy.com\/ca\/event\/taller-respiracio-conscient-amb-harmonica\/\",\"eventAttendanceMode\":\"https:\/\/schema.org\/OfflineEventAttendanceMode\",\"eventStatus\":\"https:\/\/schema.org\/EventScheduled\",\"startDate\":\"2026-05-29T00:00:00+02:00\",\"endDate\":\"2026-05-31T23:59:59+02:00\",\"organizer\":{\"@type\":\"Person\",\"name\":\"Harmonica FEN Festival Berlin (Germany)\",\"description\":\"\",\"url\":\"\",\"telephone\":\"\",\"email\":\"\",\"sameAs\":\"\"},\"performer\":\"Organization\"}]\r\n<\/script><div id=\"ectbe-wrapper-f4a40cf\" class=\"ectbe-wrapper ectbe-list-wrapper style-2\"><div class=\"ectbe-month-header ectbe-simple-event\">abril 2026<\/div><div id=\"event-2077\" class=\"ectbe-inner-wrapper ectbe-simple-event\"><div id=\"ectbe-date\" class=\"ectbe-date-area\">\n\t\t\t\t\t\t<span class=\"ectbe-ev-mo\">abr.<\/span>\n\t\t\t\t\t\t<span class=\"ectbe-ev-day\">25<\/span>\n\t\t\t\t\t<\/div><div class=\"ectbe-content-box\"><div class=\"ectbe-date-area\">\n                                <span class=\"ectbe-week-day\">Dissabte<\/span>\n                                <span class=\"ectbe-ev-day\">25<\/span>\n                                <span class=\"ectbe-ev-mo\">abril<\/span>\n                                <\/div><div class=\"ectbe-evt-title\"><a class=\"ectbe-evt-url\" href=\"https:\/\/beharpy.com\/ca\/event\/concert-de-damia-olivella-i-quim-roca\/\">Concert de Dami\u00e0 Olivella i Quim Roca<\/a><\/div><div class=\"ectbe-evt-more-box\"><a class=\"ectbe-evt-read-more\" href=\"https:\/\/beharpy.com\/ca\/event\/concert-de-damia-olivella-i-quim-roca\/\">M\u00e9s informaci\u00f3<\/a><\/div><\/div><div class=\"ectbe-evt-img\"><img decoding=\"async\" src=\"https:\/\/beharpy.com\/wp-content\/uploads\/2026\/03\/CARTELL-DAMIA-PLACIDO-724x1024.jpeg\" alt=\"\" \/><\/div><\/div><div id=\"event-1861\" class=\"ectbe-inner-wrapper ectbe-simple-event\"><div id=\"ectbe-date\" class=\"ectbe-date-area\">\n\t\t\t\t\t\t<span class=\"ectbe-ev-mo\">abr.<\/span>\n\t\t\t\t\t\t<span class=\"ectbe-ev-day\">30<\/span>\n\t\t\t\t\t<\/div><div class=\"ectbe-content-box\"><div class=\"ectbe-date-area\">\n                                <span class=\"ectbe-week-day\">Dijous<\/span>\n                                <span class=\"ectbe-ev-day\">30<\/span>\n                                <span class=\"ectbe-ev-mo\">abril<\/span>\n                                <\/div><div class=\"ectbe-evt-title\"><a class=\"ectbe-evt-url\" href=\"https:\/\/beharpy.com\/ca\/event\/v-gironella-harmonica-camp\/\">V Gironella Harmonica Camp<\/a><\/div><div class=\"ectbe-evt-venue\"><span class=\"ectbe-icon\"><i class=\"ectbe-icon-location\" aria-hidden=\"true\"><\/i><\/span>\n\t\t\t\t\t\t<span class=\"ectbe-venue-details ectbe-address\">Casa Rural La Resclosa,<br><span class=\"tribe-address\">\n\n<span class=\"tribe-street-address\">C-16<\/span>\n\t\n\t\t<br>\n\t\t<span class=\"tribe-locality\">Barcelona<\/span><span class=\"tribe-delimiter\">,<\/span>\n\n\n\t<span class=\"tribe-postal-code\">08680<\/span>\n\n\t<span class=\"tribe-country-name\">Spain<\/span>\n\n<\/span>\n<\/span><\/div><div class=\"ectbe-evt-more-box\"><a class=\"ectbe-evt-read-more\" href=\"https:\/\/beharpy.com\/ca\/event\/v-gironella-harmonica-camp\/\">M\u00e9s informaci\u00f3<\/a><\/div><\/div><div class=\"ectbe-evt-img\"><img decoding=\"async\" src=\"https:\/\/beharpy.com\/wp-content\/uploads\/2026\/01\/Cartell-Gironella-2026-nuevas-fechas-724x1024.avif\" alt=\"\" \/><\/div><\/div><div class=\"ectbe-month-header ectbe-simple-event\">maig 2026<\/div><div id=\"event-2074\" class=\"ectbe-inner-wrapper ectbe-simple-event\"><div id=\"ectbe-date\" class=\"ectbe-date-area\">\n\t\t\t\t\t\t<span class=\"ectbe-ev-mo\">maig<\/span>\n\t\t\t\t\t\t<span class=\"ectbe-ev-day\">15<\/span>\n\t\t\t\t\t<\/div><div class=\"ectbe-content-box\"><div class=\"ectbe-date-area\">\n                                <span class=\"ectbe-week-day\">Divendres<\/span>\n                                <span class=\"ectbe-ev-day\">15<\/span>\n                                <span class=\"ectbe-ev-mo\">maig<\/span>\n                                <\/div><div class=\"ectbe-evt-title\"><a class=\"ectbe-evt-url\" href=\"https:\/\/beharpy.com\/ca\/event\/concert-de-borja-olalla-i-quim-roca\/\">Concert de Borja Olalla i Quim Roca<\/a><\/div><div class=\"ectbe-evt-more-box\"><a class=\"ectbe-evt-read-more\" href=\"https:\/\/beharpy.com\/ca\/event\/concert-de-borja-olalla-i-quim-roca\/\">M\u00e9s informaci\u00f3<\/a><\/div><\/div><div class=\"ectbe-evt-img\"><img decoding=\"async\" src=\"https:\/\/beharpy.com\/wp-content\/uploads\/2026\/03\/CARTELL-CALMONT-741x1024.png\" alt=\"\" \/><\/div><\/div><div id=\"event-2070\" class=\"ectbe-inner-wrapper ectbe-simple-event\"><div id=\"ectbe-date\" class=\"ectbe-date-area\">\n\t\t\t\t\t\t<span class=\"ectbe-ev-mo\">maig<\/span>\n\t\t\t\t\t\t<span class=\"ectbe-ev-day\">29<\/span>\n\t\t\t\t\t<\/div><div class=\"ectbe-content-box\"><div class=\"ectbe-date-area\">\n                                <span class=\"ectbe-week-day\">Divendres<\/span>\n                                <span class=\"ectbe-ev-day\">29<\/span>\n                                <span class=\"ectbe-ev-mo\">maig<\/span>\n                                <\/div><div class=\"ectbe-evt-title\"><a class=\"ectbe-evt-url\" href=\"https:\/\/beharpy.com\/ca\/event\/taller-respiracio-conscient-amb-harmonica\/\">Taller: Respiraci\u00f3 conscient amb harm\u00f2nica<\/a><\/div><div class=\"ectbe-evt-more-box\"><a class=\"ectbe-evt-read-more\" href=\"https:\/\/beharpy.com\/ca\/event\/taller-respiracio-conscient-amb-harmonica\/\">M\u00e9s informaci\u00f3<\/a><\/div><\/div><div class=\"ectbe-evt-img\"><img decoding=\"async\" src=\"https:\/\/beharpy.com\/wp-content\/uploads\/2026\/03\/CARTELL-FEN-2026-782x1024.jpeg\" alt=\"\" \/><\/div><\/div><\/div>\t\t\t\t<\/div>\n\t\t\t\t<\/div>\n\t\t\t\t<\/div>\n\t\t\t\t<\/div>\n\t\t<div class=\"elementor-element elementor-element-dce537a e-con-full e-flex e-con e-child\" data-id=\"dce537a\" data-element_type=\"container\" data-e-type=\"container\" data-settings=\"{&quot;background_background&quot;:&quot;classic&quot;}\">\n\t\t<div class=\"elementor-element elementor-element-2ce024f e-con-full e-flex elementor-invisible e-con e-child\" data-id=\"2ce024f\" data-element_type=\"container\" data-e-type=\"container\" data-settings=\"{&quot;animation&quot;:&quot;fadeInUp&quot;,&quot;animation_mobile&quot;:&quot;none&quot;}\">\n\t\t\t\t<div class=\"elementor-element elementor-element-f5b004e elementor-widget elementor-widget-heading\" data-id=\"f5b004e\" data-element_type=\"widget\" data-e-type=\"widget\" data-widget_type=\"heading.default\">\n\t\t\t\t\t<h2 class=\"elementor-heading-title elementor-size-default\">Esdeveniments passats<\/h2>\t\t\t\t<\/div>\n\t\t\t\t<div class=\"elementor-element elementor-element-896a408 elementor-widget elementor-widget-the-events-calendar-addon\" data-id=\"896a408\" data-element_type=\"widget\" data-e-type=\"widget\" data-widget_type=\"the-events-calendar-addon.default\">\n\t\t\t\t<div class=\"elementor-widget-container\">\n\t\t\t\t\t<!=========Events list Template 1.7.3=========><script type=\"application\/ld+json\">\r\n[{\"@context\":\"http:\/\/schema.org\",\"@type\":\"Event\",\"name\":\"Concert de Dami\\u00e0 Olivella i Quim Roca\",\"description\":\"\",\"image\":\"https:\/\/beharpy.com\/wp-content\/uploads\/2026\/03\/CARTELL-DAMIA-PLACIDO.jpeg\",\"url\":\"https:\/\/beharpy.com\/ca\/event\/concert-de-damia-olivella-i-quim-roca\/\",\"eventAttendanceMode\":\"https:\/\/schema.org\/OfflineEventAttendanceMode\",\"eventStatus\":\"https:\/\/schema.org\/EventScheduled\",\"startDate\":\"2026-04-25T00:00:00+02:00\",\"endDate\":\"2026-04-25T23:59:59+02:00\",\"organizer\":{\"@type\":\"Person\",\"name\":\"Espai Pl\\u00e1cido-  Manresa\",\"description\":\"\",\"url\":\"\",\"telephone\":\"\",\"email\":\"\",\"sameAs\":\"\"},\"performer\":\"Organization\"},{\"@context\":\"http:\/\/schema.org\",\"@type\":\"Event\",\"name\":\"V Gironella Harmonica Camp\",\"description\":\"&lt;p&gt;Inscripcions &lt;!--El Campament d\\\\'Harm\\u00f2nica de Gironella ofereix tres dies de tallers, concerts i sessions de jam sessions en un entorn natural \\u00fanic. Perfecciona les teves habilitats amb els millors instructors. [&hellip;]&lt;\/p&gt;\\\\n\",\"image\":\"https:\/\/beharpy.com\/wp-content\/uploads\/2026\/01\/Cartell-Gironella-2026-nuevas-fechas.avif\",\"url\":\"https:\/\/beharpy.com\/ca\/event\/v-gironella-harmonica-camp\/\",\"eventAttendanceMode\":\"https:\/\/schema.org\/OfflineEventAttendanceMode\",\"eventStatus\":\"https:\/\/schema.org\/EventScheduled\",\"startDate\":\"2026-04-30T00:00:00+02:00\",\"endDate\":\"2026-05-03T23:59:59+02:00\",\"location\":{\"@type\":\"Place\",\"name\":\"Casa Rural La Resclosa\",\"description\":\"\",\"url\":\"\",\"address\":{\"@type\":\"PostalAddress\",\"streetAddress\":\"C-16\",\"addressLocality\":\"Barcelona\",\"postalCode\":\"08680\",\"addressCountry\":\"Spain\"},\"telephone\":\"\",\"sameAs\":\"\"},\"performer\":\"Organization\"},{\"@context\":\"http:\/\/schema.org\",\"@type\":\"Event\",\"name\":\"Concert de Borja Olalla i Quim Roca\",\"description\":\"&lt;p&gt;De l\\\\'hers sur les anches Festival de Calmont (Fran\\u00e7a) Concert de Borja Olalla i Quim Roca - Dia 15 a les 19:15 Escenari de Quim Roca: &quot;L\\\\'harm\\u00f2nica, m\\u00e9s enll\\u00e0 de [&hellip;]&lt;\/p&gt;\\\\n\",\"image\":\"https:\/\/beharpy.com\/wp-content\/uploads\/2026\/03\/CARTELL-CALMONT.png\",\"url\":\"https:\/\/beharpy.com\/ca\/event\/concert-de-borja-olalla-i-quim-roca\/\",\"eventAttendanceMode\":\"https:\/\/schema.org\/OfflineEventAttendanceMode\",\"eventStatus\":\"https:\/\/schema.org\/EventScheduled\",\"startDate\":\"2026-05-15T19:00:00+02:00\",\"endDate\":\"2026-05-15T21:00:00+02:00\",\"organizer\":{\"@type\":\"Person\",\"name\":\"De l&#8217;hers sur les anches Calmont Festival (Fran\\u00e7a)\",\"description\":\"\",\"url\":\"\",\"telephone\":\"\",\"email\":\"\",\"sameAs\":\"\"},\"performer\":\"Organization\"},{\"@context\":\"http:\/\/schema.org\",\"@type\":\"Event\",\"name\":\"Taller: Respiraci\\u00f3 conscient amb harm\\u00f2nica\",\"description\":\"&lt;p&gt;29-31 de maig Harmonica FEN Festival Berlin (Alemanya) Workshop: Conscious Breathing with Harmonica - Dia 30 de 13:30 a 15:30 M\\u00e9s info i tickets: https:\/\/harmonica-fen-festival.com\/workshops\/&lt;\/p&gt;\\\\n\",\"image\":\"https:\/\/beharpy.com\/wp-content\/uploads\/2026\/03\/CARTELL-FEN-2026.jpeg\",\"url\":\"https:\/\/beharpy.com\/ca\/event\/taller-respiracio-conscient-amb-harmonica\/\",\"eventAttendanceMode\":\"https:\/\/schema.org\/OfflineEventAttendanceMode\",\"eventStatus\":\"https:\/\/schema.org\/EventScheduled\",\"startDate\":\"2026-05-29T00:00:00+02:00\",\"endDate\":\"2026-05-31T23:59:59+02:00\",\"organizer\":{\"@type\":\"Person\",\"name\":\"Harmonica FEN Festival Berlin (Germany)\",\"description\":\"\",\"url\":\"\",\"telephone\":\"\",\"email\":\"\",\"sameAs\":\"\"},\"performer\":\"Organization\"}]\r\n<\/script><div id=\"ectbe-wrapper-896a408\" class=\"ectbe-wrapper ectbe-list-wrapper style-2\"><div class=\"ectbe-month-header ectbe-simple-event\">octubre 2025<\/div><div id=\"event-1867\" class=\"ectbe-inner-wrapper ectbe-simple-event\"><div id=\"ectbe-date\" class=\"ectbe-date-area\">\n\t\t\t\t\t\t<span class=\"ectbe-ev-mo\">oct.<\/span>\n\t\t\t\t\t\t<span class=\"ectbe-ev-day\">29<\/span>\n\t\t\t\t\t<\/div><div class=\"ectbe-content-box\"><div class=\"ectbe-date-area\">\n                                <span class=\"ectbe-ev-day\">29<\/span>\n                                <span class=\"ectbe-ev-mo\">octubre<\/span>\n                                <span class=\"ectbe-ev-yr\">2025<\/span>\n                                <\/div><div class=\"ectbe-evt-title\"><a class=\"ectbe-evt-url\" href=\"https:\/\/beharpy.com\/ca\/event\/record-mundial-de-lacord-dharmonica-mes-llarg\/\">R\u00e8cord mundial de l'acord d'harm\u00f2nica m\u00e9s llarg.<\/a><\/div><div class=\"ectbe-evt-venue\"><span class=\"ectbe-icon\"><i class=\"ectbe-icon-location\" aria-hidden=\"true\"><\/i><\/span>\n\t\t\t\t\t\t<span class=\"ectbe-venue-details ectbe-address\">German Harmonica Museum,<br><span class=\"tribe-address\">\n\n<span class=\"tribe-street-address\">Hohnerstra\u00dfe 4\/1<\/span>\n\t\n\t\t<br>\n\t\t<span class=\"tribe-locality\">Trossingen<\/span><span class=\"tribe-delimiter\">,<\/span>\n\n\n\t<span class=\"tribe-postal-code\">78647<\/span>\n\n\t<span class=\"tribe-country-name\">Germany<\/span>\n\n<\/span>\n<\/span><\/div><div class=\"ectbe-evt-more-box\"><a class=\"ectbe-evt-read-more\" href=\"https:\/\/beharpy.com\/ca\/event\/record-mundial-de-lacord-dharmonica-mes-llarg\/\">M\u00e9s informaci\u00f3<\/a><\/div><\/div><div class=\"ectbe-evt-img\"><img decoding=\"async\" src=\"https:\/\/beharpy.com\/wp-content\/uploads\/2026\/02\/8db544_ab24eee81b7e4eb6893ebe0423e0c685mv2.avif\" alt=\"\" \/><\/div><\/div><div class=\"ectbe-month-header ectbe-simple-event\">mar\u00e7 2026<\/div><div id=\"event-2080\" class=\"ectbe-inner-wrapper ectbe-simple-event\"><div id=\"ectbe-date\" class=\"ectbe-date-area\">\n\t\t\t\t\t\t<span class=\"ectbe-ev-mo\">mar\u00e7<\/span>\n\t\t\t\t\t\t<span class=\"ectbe-ev-day\">28<\/span>\n\t\t\t\t\t<\/div><div class=\"ectbe-content-box\"><div class=\"ectbe-date-area\">\n                                <span class=\"ectbe-ev-day\">28<\/span>\n                                <span class=\"ectbe-ev-mo\">mar\u00e7<\/span>\n                                <span class=\"ectbe-ev-yr\">2026<\/span>\n                                <\/div><div class=\"ectbe-evt-title\"><a class=\"ectbe-evt-url\" href=\"https:\/\/beharpy.com\/ca\/event\/concert-de-borja-olalla-i-quim-roca-2\/\">Concert de Borja Olalla i Quim Roca<\/a><\/div><div class=\"ectbe-evt-more-box\"><a class=\"ectbe-evt-read-more\" href=\"https:\/\/beharpy.com\/ca\/event\/concert-de-borja-olalla-i-quim-roca-2\/\">M\u00e9s informaci\u00f3<\/a><\/div><\/div><div class=\"ectbe-evt-img\"><img decoding=\"async\" src=\"https:\/\/beharpy.com\/wp-content\/uploads\/2026\/03\/CARTELL-EL-BOTIFLER-28-3-26-611x1024.jpeg\" alt=\"\" \/><\/div><\/div><\/div>\t\t\t\t<\/div>\n\t\t\t\t<\/div>\n\t\t\t\t<\/div>\n\t\t\t\t<\/div>\n\t\t\t\t\t<\/div>\n\t\t\t\t<\/div>\n\t\t\t\t<\/div>\n\t\t","protected":false},"excerpt":{"rendered":"<p>Propers esdeveniments April 2026 Apr 30 Thursday 30 April V Gironella Harmonica Camp Casa Rural La Resclosa, C-16 Barcelona, 08680 Spain Find out more Esdeveniments passats October 2025 Oct 29 [&hellip;]<\/p>\n","protected":false},"author":2,"featured_media":0,"parent":0,"menu_order":0,"comment_status":"closed","ping_status":"closed","template":"page-templates\/pagebuilder.php","meta":{"zakra_page_container_layout":"customizer","zakra_page_sidebar_layout":"customizer","zakra_remove_content_margin":false,"zakra_sidebar":"customizer","zakra_transparent_header":"customizer","zakra_logo":0,"zakra_main_header_style":"default","zakra_menu_item_color":"","zakra_menu_item_hover_color":"","zakra_menu_item_active_color":"","zakra_menu_active_style":"","zakra_page_header":true,"inline_featured_image":false,"footnotes":""},"class_list":["post-1855","page","type-page","status-publish","hentry"],"_links":{"self":[{"href":"https:\/\/beharpy.com\/ca\/wp-json\/wp\/v2\/pages\/1855","targetHints":{"allow":["GET"]}}],"collection":[{"href":"https:\/\/beharpy.com\/ca\/wp-json\/wp\/v2\/pages"}],"about":[{"href":"https:\/\/beharpy.com\/ca\/wp-json\/wp\/v2\/types\/page"}],"author":[{"embeddable":true,"href":"https:\/\/beharpy.com\/ca\/wp-json\/wp\/v2\/users\/2"}],"replies":[{"embeddable":true,"href":"https:\/\/beharpy.com\/ca\/wp-json\/wp\/v2\/comments?post=1855"}],"version-history":[{"count":3,"href":"https:\/\/beharpy.com\/ca\/wp-json\/wp\/v2\/pages\/1855\/revisions"}],"predecessor-version":[{"id":1869,"href":"https:\/\/beharpy.com\/ca\/wp-json\/wp\/v2\/pages\/1855\/revisions\/1869"}],"wp:attachment":[{"href":"https:\/\/beharpy.com\/ca\/wp-json\/wp\/v2\/media?parent=1855"}],"curies":[{"name":"wp","href":"https:\/\/api.w.org\/{rel}","templated":true}]}}