{"id":1984,"date":"2026-02-25T12:27:14","date_gmt":"2026-02-25T11:27:14","guid":{"rendered":"https:\/\/beharpy.com\/product\/harmonica-beharpy-color-negre\/"},"modified":"2026-02-25T12:27:14","modified_gmt":"2026-02-25T11:27:14","slug":"harmonica-beharpy-color-negre","status":"publish","type":"product","link":"https:\/\/beharpy.com\/ca\/producte\/harmonica-beharpy-color-negre\/","title":{"rendered":"Harm\u00f2nica BeHarpy Color Negre"},"content":{"rendered":"","protected":false},"excerpt":{"rendered":"<p>Harm\u00f2nica diat\u00f2nica professional BeHarpy personalitzada de color negre, Easttop T008K de 10 forats, cos d\u2019ABS, lleng\u00fcetes de llaut\u00f3, en tonalitat de sol, amb funda de cremallera BeHarpy.<\/p>\n","protected":false},"featured_media":1982,"template":"","meta":{"zakra_page_container_layout":"customizer","zakra_page_sidebar_layout":"customizer","zakra_remove_content_margin":false,"zakra_sidebar":"customizer","zakra_transparent_header":"customizer","zakra_logo":0,"zakra_main_header_style":"default","zakra_menu_item_color":"","zakra_menu_item_hover_color":"","zakra_menu_item_active_color":"","zakra_menu_active_style":"","zakra_page_header":true,"inline_featured_image":false},"product_brand":[],"product_cat":[47],"product_tag":[],"class_list":{"0":"post-1984","1":"product","2":"type-product","3":"status-publish","4":"has-post-thumbnail","6":"product_cat-harmonica","7":"product_shipping_class-harmonica-beharpy","9":"first","10":"instock","11":"taxable","12":"shipping-taxable","13":"purchasable","14":"product-type-simple"},"_links":{"self":[{"href":"https:\/\/beharpy.com\/ca\/wp-json\/wp\/v2\/product\/1984","targetHints":{"allow":["GET"]}}],"collection":[{"href":"https:\/\/beharpy.com\/ca\/wp-json\/wp\/v2\/product"}],"about":[{"href":"https:\/\/beharpy.com\/ca\/wp-json\/wp\/v2\/types\/product"}],"wp:featuredmedia":[{"embeddable":true,"href":"https:\/\/beharpy.com\/ca\/wp-json\/wp\/v2\/media\/1982"}],"wp:attachment":[{"href":"https:\/\/beharpy.com\/ca\/wp-json\/wp\/v2\/media?parent=1984"}],"wp:term":[{"taxonomy":"product_brand","embeddable":true,"href":"https:\/\/beharpy.com\/ca\/wp-json\/wp\/v2\/product_brand?post=1984"},{"taxonomy":"product_cat","embeddable":true,"href":"https:\/\/beharpy.com\/ca\/wp-json\/wp\/v2\/product_cat?post=1984"},{"taxonomy":"product_tag","embeddable":true,"href":"https:\/\/beharpy.com\/ca\/wp-json\/wp\/v2\/product_tag?post=1984"}],"curies":[{"name":"wp","href":"https:\/\/api.w.org\/{rel}","templated":true}]}}