{"id":1728,"date":"2026-02-16T07:44:44","date_gmt":"2026-02-16T06:44:44","guid":{"rendered":"https:\/\/beharpy.com\/aviso-legal\/"},"modified":"2026-04-08T08:42:44","modified_gmt":"2026-04-08T06:42:44","slug":"aviso-legal","status":"publish","type":"page","link":"https:\/\/beharpy.com\/es\/aviso-legal\/","title":{"rendered":"Aviso legal"},"content":{"rendered":"\n<p>Queremos informarte sobre nuestra pol\u00edtica de respecto del tratamiento y protecci\u00f3n de los datos de car\u00e1cter personal de nuestros usuarios y clientes que puedan ser recabados por la navegaci\u00f3n o contrataci\u00f3n de servicios y productos a trav\u00e9s de <a href=\"https:\/\/beharpy.com\/es\/\">www.beharpy.com<\/a>. En este sentido, Joaquim Roca Genesc\u00e0, como director y representante legal de BeHarpy, garantiza el cumplimiento de la normativa vigente en materia de protecci\u00f3n de datos personales, reflejada en la Ley Org\u00e1nica 15\/1999 de 13 de diciembre, de Protecci\u00f3n de Datos de Car\u00e1cter Personal y en el Real Decreto 1720\/2007, de 21 diciembre, por el que se aprueba el Reglamento de Desarrollo de la LOPD y del Reglamento (UE) 2016\/679 del Parlamento Europeo y del Consejo de 27 de abril de 2016 relativo a la protecci\u00f3n de las personas f\u00edsicas (RGPD). El uso por tu parte de esta web implica la aceptaci\u00f3n de esta pol\u00edtica de privacidad.<\/p>\n\n<hr class=\"wp-block-separator has-alpha-channel-opacity\"\/>\n\n<h3 class=\"wp-block-heading\">Tus datos personales en BeHarpy &#8211; www.beharpy.com y c\u00f3mo los utilizamos.<\/h3>\n\n<p>Queremos que sepas que tu privacidad es una prioridad para nosotr@s.<br\/>Cuando nos contactas a trav\u00e9s de nuestra web o adquieres algunos de nuestros servicios o productos registramos TU NOMBRE, APELLIDO Y CORREO ELECTR\u00d3NICO con el fin de poder mantenerte informad@ de las actividades y talleres que organizamos cada a\u00f1o.\u200b<\/p>\n\n<p>\u00danicamente enviamos correos electr\u00f3nicos a aquellas personas que nos han manifestado expresamente su deseo de recibir nuestras noticias y NUNCA compartimos ni vendemos tus datos personales a ninguna tercera parte. Todos los datos recopilados son utilizados \u00fanicamente por BeHarpy para ofrecer los servicios y productos solicitados por las personas que los han facilitado.<\/p>\n\n<hr class=\"wp-block-separator has-alpha-channel-opacity\"\/>\n\n<p>Como usuario de BeHarpy podr\u00e1s ejercer tus derechos de acceso, rectificaci\u00f3n, cancelaci\u00f3n y oposici\u00f3n de acuerdo con lo previsto en la normativa legal vigente en materia de protecci\u00f3n de datos personales. Solo debes ponerte en contacto con nosotros v\u00eda correo electr\u00f3nico a la siguiente direcci\u00f3n: info@beharpy.com y comunicarnos tu nombre apellido y petici\u00f3n.<\/p>\n\n<hr class=\"wp-block-separator has-alpha-channel-opacity\"\/>\n\n<h3 class=\"wp-block-heading\">Persona responsable del tratamiento de tus datos personales y de los contenidos y servicios de BeHarpy y la web www.beharpy.com<\/h3>\n\n<p>Nombre: Joaquim Roca Genesc\u00e0<br\/>Nombre comercial: BeHarpy &#8211; <a href=\"https:\/\/beharpy.com\/es\/\">www.beharpy.com<\/a><br\/>NIF: 39.336.742A<br\/>Direcci\u00f3n: Crtra. de Cardona 26, 4rt .2\u00aa, 08242 Manresa.<br\/>Correo electr\u00f3nico: info@beharpy.com<br\/>Actividad: Organizaci\u00f3n de talleres y venta de arm\u00f3nicas<br\/><br\/>En virtud del cumplimiento de la normativa EMVCo, MasterCard, VISA y la Directiva Europea PSDII, durante la operaci\u00f3n de pago electr\u00f3nico comunicar\u00e1 informaci\u00f3n referida a la conexi\u00f3n empleada en la sesi\u00f3n al Banco emisor de la tarjeta para proceder a la validaci\u00f3n de la operaci\u00f3n de pago realizada por el usuario<\/p>\n","protected":false},"excerpt":{"rendered":"<p>Queremos informarte sobre nuestra pol\u00edtica de respecto del tratamiento y protecci\u00f3n de los datos de car\u00e1cter personal de nuestros usuarios y clientes que puedan ser recabados por la navegaci\u00f3n o [&hellip;]<\/p>\n","protected":false},"author":2,"featured_media":0,"parent":0,"menu_order":0,"comment_status":"closed","ping_status":"closed","template":"","meta":{"zakra_page_container_layout":"customizer","zakra_page_sidebar_layout":"customizer","zakra_remove_content_margin":false,"zakra_sidebar":"customizer","zakra_transparent_header":"customizer","zakra_logo":0,"zakra_main_header_style":"default","zakra_menu_item_color":"","zakra_menu_item_hover_color":"","zakra_menu_item_active_color":"","zakra_menu_active_style":"","zakra_page_header":true,"inline_featured_image":false,"footnotes":""},"class_list":["post-1728","page","type-page","status-publish","hentry"],"_links":{"self":[{"href":"https:\/\/beharpy.com\/es\/wp-json\/wp\/v2\/pages\/1728","targetHints":{"allow":["GET"]}}],"collection":[{"href":"https:\/\/beharpy.com\/es\/wp-json\/wp\/v2\/pages"}],"about":[{"href":"https:\/\/beharpy.com\/es\/wp-json\/wp\/v2\/types\/page"}],"author":[{"embeddable":true,"href":"https:\/\/beharpy.com\/es\/wp-json\/wp\/v2\/users\/2"}],"replies":[{"embeddable":true,"href":"https:\/\/beharpy.com\/es\/wp-json\/wp\/v2\/comments?post=1728"}],"version-history":[{"count":2,"href":"https:\/\/beharpy.com\/es\/wp-json\/wp\/v2\/pages\/1728\/revisions"}],"predecessor-version":[{"id":2114,"href":"https:\/\/beharpy.com\/es\/wp-json\/wp\/v2\/pages\/1728\/revisions\/2114"}],"wp:attachment":[{"href":"https:\/\/beharpy.com\/es\/wp-json\/wp\/v2\/media?parent=1728"}],"curies":[{"name":"wp","href":"https:\/\/api.w.org\/{rel}","templated":true}]}}