{"id":1732,"date":"2026-01-28T10:19:48","date_gmt":"2026-01-28T09:19:48","guid":{"rendered":"https:\/\/beharpy.com\/condiciones-del-servicio\/"},"modified":"2026-04-08T07:59:42","modified_gmt":"2026-04-08T05:59:42","slug":"condiciones-del-servicio","status":"publish","type":"page","link":"https:\/\/beharpy.com\/es\/condiciones-del-servicio\/","title":{"rendered":"Condiciones del servicio"},"content":{"rendered":"\n<p><strong>Env\u00edos<\/strong><br\/>Todos los productos que vende BeHarpy se env\u00edan a trav\u00e9s de un servicio de mensajer\u00eda a toda Espa\u00f1a y Europa.<br\/>El tiempo de preparaci\u00f3n del pedido es de 72 horas como m\u00e1ximo, desde su recepci\u00f3n.<\/p>\n\n<p>Para cualquier incidencia, devoluci\u00f3n, cancelaci\u00f3n o consulta en tu pedido no dudes en contactarnos, escribi\u00e9ndonos un correo electr\u00f3nico a info@beharpy.com<\/p>\n\n<hr class=\"wp-block-separator has-alpha-channel-opacity\"\/>\n\n<p><strong>Devoluciones y reembolsos<\/strong><br\/>BeHarpy ofrece la posibilidad de anular un pedido en caso de no haber sido enviado, o bien, de devolverlo en caso de que un producto hubiera llegado al cliente da\u00f1ado o en malas condiciones.<br\/>BeHarpy se har\u00e1 cargo de sustituirlo por otro en buen estado, sin cargos adicionales.<\/p>\n\n<p>El plazo de devoluci\u00f3n es de 14 d\u00edas desde la fecha de recepci\u00f3n, y el producto deber\u00e1 devolverse embalado correctamente y en buenas condiciones (sin usar) en la siguiente direcci\u00f3n:<br\/>Crtra. Cardona, 26, 4rt,<br\/>08242 Manresa (Espa\u00f1a).<\/p>\n\n<p>Las comunicaciones de Anulaci\u00f3n y Devoluci\u00f3n deber\u00e1n realizarse a trav\u00e9s de nuestro espacio Contacto en https:\/\/beharpy.com\/contact\/<\/p>\n\n<p>No se realizan reembolsos en caso de que la compra se haya finalizado correctamente.<\/p>\n\n<hr class=\"wp-block-separator has-alpha-channel-opacity\"\/>\n\n<p><strong>Privacidad y seguridad<\/strong><br\/>BeHarpy no almacena datos personales ni bancarios. Solo en caso de que te suscribas a nuestra Newsletter para recibir informaci\u00f3n de nuestras novedades y actividades, te pediremos tu direcci\u00f3n de correo electr\u00f3nico.<br\/>La p\u00e1gina web de BeHarpy solo recopila datos an\u00f3nimos sobre el tr\u00e1fico a trav\u00e9s de las cookies.<\/p>\n","protected":false},"excerpt":{"rendered":"<p>Env\u00edosTodos los productos que vende BeHarpy se env\u00edan a trav\u00e9s de un servicio de mensajer\u00eda a toda Espa\u00f1a y Europa.El tiempo de preparaci\u00f3n del pedido es de 72 horas como [&hellip;]<\/p>\n","protected":false},"author":1,"featured_media":0,"parent":0,"menu_order":0,"comment_status":"closed","ping_status":"closed","template":"","meta":{"zakra_page_container_layout":"customizer","zakra_page_sidebar_layout":"customizer","zakra_remove_content_margin":false,"zakra_sidebar":"customizer","zakra_transparent_header":"customizer","zakra_logo":0,"zakra_main_header_style":"default","zakra_menu_item_color":"","zakra_menu_item_hover_color":"","zakra_menu_item_active_color":"","zakra_menu_active_style":"","zakra_page_header":true,"inline_featured_image":false,"footnotes":""},"class_list":["post-1732","page","type-page","status-publish","hentry"],"_links":{"self":[{"href":"https:\/\/beharpy.com\/es\/wp-json\/wp\/v2\/pages\/1732","targetHints":{"allow":["GET"]}}],"collection":[{"href":"https:\/\/beharpy.com\/es\/wp-json\/wp\/v2\/pages"}],"about":[{"href":"https:\/\/beharpy.com\/es\/wp-json\/wp\/v2\/types\/page"}],"author":[{"embeddable":true,"href":"https:\/\/beharpy.com\/es\/wp-json\/wp\/v2\/users\/1"}],"replies":[{"embeddable":true,"href":"https:\/\/beharpy.com\/es\/wp-json\/wp\/v2\/comments?post=1732"}],"version-history":[{"count":1,"href":"https:\/\/beharpy.com\/es\/wp-json\/wp\/v2\/pages\/1732\/revisions"}],"predecessor-version":[{"id":1733,"href":"https:\/\/beharpy.com\/es\/wp-json\/wp\/v2\/pages\/1732\/revisions\/1733"}],"wp:attachment":[{"href":"https:\/\/beharpy.com\/es\/wp-json\/wp\/v2\/media?parent=1732"}],"curies":[{"name":"wp","href":"https:\/\/api.w.org\/{rel}","templated":true}]}}