{"id":1742,"date":"2026-01-28T10:46:20","date_gmt":"2026-01-28T09:46:20","guid":{"rendered":"https:\/\/beharpy.com\/quien-es-quim\/"},"modified":"2026-04-08T18:15:43","modified_gmt":"2026-04-08T16:15:43","slug":"quien-es-quim","status":"publish","type":"page","link":"https:\/\/beharpy.com\/es\/quien-es-quim\/","title":{"rendered":"\u00bfQui\u00e9n es Quim?"},"content":{"rendered":"\t\t<div data-elementor-type=\"wp-page\" data-elementor-id=\"1742\" class=\"elementor elementor-1742 elementor-109\" data-elementor-post-type=\"page\">\n\t\t\t\t<div class=\"elementor-element elementor-element-f6fc8f2 e-flex e-con-boxed e-con e-parent\" data-id=\"f6fc8f2\" data-element_type=\"container\" data-e-type=\"container\" data-settings=\"{&quot;background_background&quot;:&quot;classic&quot;}\">\n\t\t\t\t\t<div class=\"e-con-inner\">\n\t\t<div class=\"elementor-element elementor-element-4648072 e-con-full e-flex e-con e-child\" data-id=\"4648072\" data-element_type=\"container\" data-e-type=\"container\" data-settings=\"{&quot;background_background&quot;:&quot;classic&quot;}\">\n\t\t\t\t<div class=\"elementor-element elementor-element-c73b28f animated-fast elementor-invisible elementor-widget elementor-widget-heading\" data-id=\"c73b28f\" data-element_type=\"widget\" data-e-type=\"widget\" data-settings=\"{&quot;_animation&quot;:&quot;fadeInUp&quot;,&quot;_animation_mobile&quot;:&quot;none&quot;}\" data-widget_type=\"heading.default\">\n\t\t\t\t\t<h1 class=\"elementor-heading-title elementor-size-default\">\u00bfQui\u00e9n es Quim?<\/h1>\t\t\t\t<\/div>\n\t\t\t\t<\/div>\n\t\t<div class=\"elementor-element elementor-element-be4f428 e-con-full e-flex e-con e-child\" data-id=\"be4f428\" data-element_type=\"container\" data-e-type=\"container\" data-settings=\"{&quot;background_background&quot;:&quot;classic&quot;}\">\n\t\t<div class=\"elementor-element elementor-element-326f949 e-con-full e-flex elementor-invisible e-con e-child\" data-id=\"326f949\" data-element_type=\"container\" data-e-type=\"container\" data-settings=\"{&quot;animation&quot;:&quot;fadeInUp&quot;,&quot;animation_mobile&quot;:&quot;none&quot;}\">\n\t\t\t\t<div class=\"elementor-element elementor-element-a45eaad elementor-invisible elementor-widget elementor-widget-heading\" data-id=\"a45eaad\" data-element_type=\"widget\" data-e-type=\"widget\" data-settings=\"{&quot;_animation&quot;:&quot;fadeInUp&quot;,&quot;_animation_mobile&quot;:&quot;none&quot;}\" data-widget_type=\"heading.default\">\n\t\t\t\t\t<h2 class=\"elementor-heading-title elementor-size-default\"> Quim Roca | Respiraci\u00f3n Consciente<\/h2>\t\t\t\t<\/div>\n\t\t\t\t<div class=\"elementor-element elementor-element-aced6e8 elementor-widget elementor-widget-text-editor\" data-id=\"aced6e8\" data-element_type=\"widget\" data-e-type=\"widget\" data-widget_type=\"text-editor.default\">\n\t\t\t\t\t\t\t\t\t<p>Empec\u00e9 a tocar la arm\u00f3nica a los 30 a\u00f1os y, con el tiempo, al ser m\u00e1s consciente de mi respiraci\u00f3n, mi vida empez\u00f3 a cambiar. La arm\u00f3nica y la respiraci\u00f3n consciente me ayudaron a sanar a ese joven herido; la primera para expresar mi sensibilidad reprimida, la segunda para liberar todas mis emociones estancadas.<\/p>\n<p>A los 40, descubr\u00ed el canto de arm\u00f3nicos y c\u00f3mo conectar con mis centros de energ\u00eda, los chacras, lo cual me abri\u00f3 el camino hacia la terapia del sonido.<\/p>\n<p>A los 50, tras a\u00f1os de autosanaci\u00f3n, lecturas exhaustivas y diferentes formaciones en terapia de sonido, respiraci\u00f3n y pr\u00e1cticas de sanaci\u00f3n energ\u00e9tica, cre\u00e9 BeHarpy. Mi intenci\u00f3n es compartir mi experiencia y presentar la arm\u00f3nica y el canto de arm\u00f3nicos como herramientas para explorar y conseguir una mayor intimidad con nuestra respiraci\u00f3n y una conexi\u00f3n m\u00e1s real con nuestro cuerpo, nuestra mente y nuestra creatividad.<\/p>\n<p>Desde 2013 imparto talleres de respiraci\u00f3n consciente, arm\u00f3nica y canto de arm\u00f3nicos en diferentes pa\u00edses: Espa\u00f1a, Francia, Gran Breta\u00f1a, Alemania y Estados Unidos, utilizando diferentes idiomas: catal\u00e1n, espa\u00f1ol, franc\u00e9s, ingl\u00e9s y portugu\u00e9s.<\/p>\n<p>A continuaci\u00f3n, incluyo una lista de algunos de los retiros y festivales a los que he asistido como profesor en los \u00faltimos a\u00f1os: <strong>Encuentro de Cantos Arm\u00f3nicos<\/strong> (Diafanum, Espa\u00f1a), <strong>Harmonica Roses<\/strong> (con Greg Zlap y Joan Pau Cumellas), <strong>Breath, a Festival of Life<\/strong> (Inglaterra), <strong>Barcelona Breathcamp<\/strong> (por Alchemy of Breath), <strong>Harmonica Masters<\/strong> (Trossingen, Alemania), <strong>Harping by the Sea<\/strong> (Brighton, Inglaterra), <strong>Harmonica FEN Festival<\/strong> (Berl\u00edn, Alemania), <strong>Eurofolk Festival<\/strong> (Ingelheim, Alemania), <strong>Calella Harmonica Festival<\/strong> (Catalu\u00f1a), <strong>L\u2019Hers sur les anches<\/strong> (Calmont, Francia)\u2026 \u00a1Y siempre hay m\u00e1s por venir!<\/p>\n<p>Desde 2018 organizo el <strong>Gironella Harmonica Camp<\/strong>, en el que participamos como profesores el incre\u00edble <span style=\"text-decoration: underline; color: #99cc00;\"><a style=\"color: #99cc00;\" href=\"http:\/\/www.joanpaucumellas.com\/es\/\" target=\"_blank\" rel=\"noopener nofollow\"><strong>Joan Pau Cumellas<\/strong><\/a><\/span> y un servidor.<\/p>\n<p>Como armonicista he formado parte de diferentes bandas de rock y de blues y he acompa\u00f1ado a cantautores durante los \u00faltimos 20 a\u00f1os.<\/p>\n<p>Los tres armonicistas que han tenido un mayor impacto en mi vida, no solo por su destreza y sensibilidad musical, sino principalmente por su humanidad, generosidad, humildad y su habilidad para ense\u00f1ar, son <strong>Joan Pau Cumellas<\/strong>, <a href=\"https:\/\/mjharmonica.com\/\" target=\"_blank\" rel=\"noopener nofollow\"><span style=\"text-decoration: underline;\"><strong><span style=\"color: #99cc00; text-decoration: underline;\">Marko Jovanovi\u0107<\/span><\/strong><\/span><\/a>\u00a0y <span style=\"color: #99cc00;\"><a style=\"color: #99cc00;\" href=\"https:\/\/filiskostore.com\/\" target=\"_blank\" rel=\"noopener nofollow\"><span style=\"text-decoration: underline;\"><strong>Joe Filisko<\/strong><\/span><\/a><\/span>.<\/p>\n<p>Actualmente, toco country a d\u00fao con <span style=\"color: #99cc00;\"><a style=\"color: #99cc00;\" href=\"https:\/\/beharpy.com\/es\/borja-olalla-quim-roca\/\"><span style=\"text-decoration: underline;\"><strong>Borja Olalla<\/strong><\/span><\/a><\/span>.<\/p>\n\t\t\t\t\t\t\t\t<\/div>\n\t\t\t\t<div class=\"elementor-element elementor-element-61105ab elementor-widget elementor-widget-heading\" data-id=\"61105ab\" data-element_type=\"widget\" data-e-type=\"widget\" data-widget_type=\"heading.default\">\n\t\t\t\t\t<h3 class=\"elementor-heading-title elementor-size-default\">\u00a1\u00a1\u00a1Todos somos BeHarpy!!!<\/h3>\t\t\t\t<\/div>\n\t\t\t\t<\/div>\n\t\t<div class=\"elementor-element elementor-element-274cac4 e-con-full e-flex elementor-invisible e-con e-child\" data-id=\"274cac4\" data-element_type=\"container\" data-e-type=\"container\" data-settings=\"{&quot;animation&quot;:&quot;fadeInUp&quot;,&quot;animation_mobile&quot;:&quot;none&quot;,&quot;background_background&quot;:&quot;slideshow&quot;,&quot;background_slideshow_gallery&quot;:[{&quot;id&quot;:1739,&quot;url&quot;:&quot;https:\\\/\\\/beharpy.com\\\/wp-content\\\/uploads\\\/2026\\\/01\\\/QUIM-ROCA-3-1-scaled.jpg&quot;},{&quot;id&quot;:1740,&quot;url&quot;:&quot;https:\\\/\\\/beharpy.com\\\/wp-content\\\/uploads\\\/2026\\\/02\\\/P6170275-scaled.jpg&quot;}],&quot;background_slideshow_loop&quot;:&quot;yes&quot;,&quot;background_slideshow_slide_duration&quot;:5000,&quot;background_slideshow_slide_transition&quot;:&quot;fade&quot;,&quot;background_slideshow_transition_duration&quot;:500}\">\n\t\t\t\t<\/div>\n\t\t\t\t<\/div>\n\t\t\t\t\t<\/div>\n\t\t\t\t<\/div>\n\t\t\t\t<\/div>\n\t\t","protected":false},"excerpt":{"rendered":"<p>Quim Roca | Respiraci\u00f3n Consciente Empec\u00e9 a tocar la arm\u00f3nica a los 30 a\u00f1os y, con el tiempo, al ser m\u00e1s consciente de mi respiraci\u00f3n, mi vida empez\u00f3 a cambiar. [&hellip;]<\/p>\n","protected":false},"author":2,"featured_media":0,"parent":0,"menu_order":0,"comment_status":"closed","ping_status":"closed","template":"page-templates\/pagebuilder.php","meta":{"zakra_page_container_layout":"customizer","zakra_page_sidebar_layout":"customizer","zakra_remove_content_margin":false,"zakra_sidebar":"customizer","zakra_transparent_header":"customizer","zakra_logo":0,"zakra_main_header_style":"default","zakra_menu_item_color":"","zakra_menu_item_hover_color":"","zakra_menu_item_active_color":"","zakra_menu_active_style":"","zakra_page_header":true,"inline_featured_image":false,"footnotes":""},"class_list":["post-1742","page","type-page","status-publish","hentry"],"_links":{"self":[{"href":"https:\/\/beharpy.com\/es\/wp-json\/wp\/v2\/pages\/1742","targetHints":{"allow":["GET"]}}],"collection":[{"href":"https:\/\/beharpy.com\/es\/wp-json\/wp\/v2\/pages"}],"about":[{"href":"https:\/\/beharpy.com\/es\/wp-json\/wp\/v2\/types\/page"}],"author":[{"embeddable":true,"href":"https:\/\/beharpy.com\/es\/wp-json\/wp\/v2\/users\/2"}],"replies":[{"embeddable":true,"href":"https:\/\/beharpy.com\/es\/wp-json\/wp\/v2\/comments?post=1742"}],"version-history":[{"count":8,"href":"https:\/\/beharpy.com\/es\/wp-json\/wp\/v2\/pages\/1742\/revisions"}],"predecessor-version":[{"id":2287,"href":"https:\/\/beharpy.com\/es\/wp-json\/wp\/v2\/pages\/1742\/revisions\/2287"}],"wp:attachment":[{"href":"https:\/\/beharpy.com\/es\/wp-json\/wp\/v2\/media?parent=1742"}],"curies":[{"name":"wp","href":"https:\/\/api.w.org\/{rel}","templated":true}]}}