{"id":1809,"date":"2026-01-28T10:51:56","date_gmt":"2026-01-28T09:51:56","guid":{"rendered":"https:\/\/beharpy.com\/respiracion-circular\/"},"modified":"2026-04-09T01:39:09","modified_gmt":"2026-04-08T23:39:09","slug":"respiracion-circular","status":"publish","type":"page","link":"https:\/\/beharpy.com\/es\/respiracion-circular\/","title":{"rendered":"Respiraci\u00f3n Circular"},"content":{"rendered":"\t\t<div data-elementor-type=\"wp-page\" data-elementor-id=\"1809\" class=\"elementor elementor-1809 elementor-115\" data-elementor-post-type=\"page\">\n\t\t\t\t<div class=\"elementor-element elementor-element-e0b98e0 e-flex e-con-boxed e-con e-parent\" data-id=\"e0b98e0\" data-element_type=\"container\" data-e-type=\"container\" data-settings=\"{&quot;background_background&quot;:&quot;classic&quot;}\">\n\t\t\t\t\t<div class=\"e-con-inner\">\n\t\t<div class=\"elementor-element elementor-element-ca5d884 e-con-full e-flex e-con e-child\" data-id=\"ca5d884\" data-element_type=\"container\" data-e-type=\"container\" data-settings=\"{&quot;background_background&quot;:&quot;classic&quot;}\">\n\t\t\t\t<div class=\"elementor-element elementor-element-a2ca568 animated-fast elementor-invisible elementor-widget elementor-widget-heading\" data-id=\"a2ca568\" data-element_type=\"widget\" data-e-type=\"widget\" data-settings=\"{&quot;_animation&quot;:&quot;fadeInUp&quot;,&quot;_animation_mobile&quot;:&quot;none&quot;}\" data-widget_type=\"heading.default\">\n\t\t\t\t\t<h1 class=\"elementor-heading-title elementor-size-default\">Respiraci\u00f3n Circular<\/h1>\t\t\t\t<\/div>\n\t\t\t\t<\/div>\n\t\t<div class=\"elementor-element elementor-element-7068db8 e-con-full e-flex e-con e-child\" data-id=\"7068db8\" data-element_type=\"container\" data-e-type=\"container\" data-settings=\"{&quot;background_background&quot;:&quot;classic&quot;}\">\n\t\t<div class=\"elementor-element elementor-element-2fd362c e-con-full e-flex elementor-invisible e-con e-child\" data-id=\"2fd362c\" data-element_type=\"container\" data-e-type=\"container\" data-settings=\"{&quot;animation&quot;:&quot;fadeInUp&quot;,&quot;animation_mobile&quot;:&quot;none&quot;}\">\n\t\t\t\t<div class=\"elementor-element elementor-element-d965bf7 elementor-widget elementor-widget-text-editor\" data-id=\"d965bf7\" data-element_type=\"widget\" data-e-type=\"widget\" data-widget_type=\"text-editor.default\">\n\t\t\t\t\t\t\t\t\t<p>La respiraci\u00f3n circular es una t\u00e9cnica que permite producir un sonido continuo tanto en las notas y acordes soplados como en los aspirados de una arm\u00f3nica.<\/p>\n<p>Empec\u00e9 a tocar el didgeridoo hace unos 15 a\u00f1os y al cabo de un tiempo aprend\u00ed la t\u00e9cnica de la respiraci\u00f3n circular, pero un par de a\u00f1os m\u00e1s tarde me di cuenta de que tambi\u00e9n se pod\u00eda hacer al rev\u00e9s, es decir&#8230; \u00a1aspirando! \u00bfY qu\u00e9 instrumento produce sonido al aspirar? \u00a1Exacto! \u00a1La arm\u00f3nica!<\/p>\n<p>En realidad, me di cuenta de que era posible hacerlo al ver a un amigo m\u00edo fumando: dio una calada a un cigarrillo y, a su vez, expuls\u00f3 por la nariz el humo de la calada anterior, que todav\u00eda ten\u00eda en los pulmones. \u00a1Estaba aspirando por la boca (humo, s\u00ed) y exhalando por la nariz (humo, s\u00ed) al mismo tiempo! En ese mismo instante me visualic\u00e9 tocando un acorde precioso e interminable con la arm\u00f3nica. Me fui a mi casa, cog\u00ed una arm\u00f3nica en sol y \u00a1voil\u00e0! \u00a1As\u00ed de sencillo!<\/p>\n<p>Ahora incluso me resulta m\u00e1s f\u00e1cil la respiraci\u00f3n circular aspirando que la normal, es decir, soplando. Y, sin lugar a duda, los acordes aspirados me parecen mucho m\u00e1s jugosos que los soplados.<\/p>\n<p>Durante a\u00f1os utilic\u00e9 estos acordes infinitos usando arm\u00f3nicas graves para acompa\u00f1ar meditaciones sonoras, junto a mi didgeridoo, los cantos arm\u00f3nicos y los cuencos tibetanos.<\/p>\n<p>La primera vez que mostr\u00e9 la respiraci\u00f3n circular aspirada en un festival de arm\u00f3nica fue en 2018, en el Harmonica Masters de Trossingen, con un invitado muy especial, <em>le fabuleux, l\u2019unique<\/em> <span style=\"text-decoration: underline;\"><span style=\"color: #003366;\"><a style=\"color: #003366;\" href=\"https:\/\/gregzlap.store\/\" target=\"_blank\" rel=\"noopener nofollow\"><strong>Greg Zlap<\/strong><\/a><\/span><\/span>. \u00a1En el v\u00eddeo est\u00e1 la prueba!<\/p>\n\t\t\t\t\t\t\t\t<\/div>\n\t\t\t\t<\/div>\n\t\t<div class=\"elementor-element elementor-element-e731670 e-con-full e-flex e-con e-child\" data-id=\"e731670\" data-element_type=\"container\" data-e-type=\"container\">\n\t\t\t\t<div class=\"elementor-element elementor-element-c2b1830 elementor-widget elementor-widget-video\" data-id=\"c2b1830\" data-element_type=\"widget\" data-e-type=\"widget\" data-settings=\"{&quot;youtube_url&quot;:&quot;https:\\\/\\\/www.youtube.com\\\/watch?v=esLcVpO5uPo&quot;,&quot;video_type&quot;:&quot;youtube&quot;,&quot;controls&quot;:&quot;yes&quot;}\" data-widget_type=\"video.default\">\n\t\t\t\t\t\t\t<div class=\"elementor-wrapper elementor-open-inline\">\n\t\t\t<div class=\"elementor-video\"><\/div>\t\t<\/div>\n\t\t\t\t\t\t<\/div>\n\t\t\t\t<\/div>\n\t\t\t\t<\/div>\n\t\t<div class=\"elementor-element elementor-element-9e43ffb e-con-full e-flex e-con e-child\" data-id=\"9e43ffb\" data-element_type=\"container\" data-e-type=\"container\" data-settings=\"{&quot;background_background&quot;:&quot;classic&quot;}\">\n\t\t<div class=\"elementor-element elementor-element-cd1ab35 e-con-full e-flex elementor-invisible e-con e-child\" data-id=\"cd1ab35\" data-element_type=\"container\" data-e-type=\"container\" data-settings=\"{&quot;animation&quot;:&quot;fadeInUp&quot;,&quot;animation_mobile&quot;:&quot;none&quot;}\">\n\t\t\t\t<div class=\"elementor-element elementor-element-2f75d67 elementor-widget elementor-widget-heading\" data-id=\"2f75d67\" data-element_type=\"widget\" data-e-type=\"widget\" data-widget_type=\"heading.default\">\n\t\t\t\t\t<h2 class=\"elementor-heading-title elementor-size-default\">Alentado por Joe Filisko y Csaba Andras, empec\u00e9 a desarrollar la t\u00e9cnica y aprend\u00ed a tocar diferentes ritmos, a\u00f1adir algunos sonidos vocales e intentar imitar el didgeridoo con la arm\u00f3nica.<\/h2>\t\t\t\t<\/div>\n\t\t\t\t<\/div>\n\t\t<div class=\"elementor-element elementor-element-3ee4c37 e-con-full e-flex e-con e-child\" data-id=\"3ee4c37\" data-element_type=\"container\" data-e-type=\"container\">\n\t\t\t\t<div class=\"elementor-element elementor-element-c84189a elementor-widget elementor-widget-video\" data-id=\"c84189a\" data-element_type=\"widget\" data-e-type=\"widget\" data-settings=\"{&quot;youtube_url&quot;:&quot;https:\\\/\\\/www.youtube.com\\\/watch?v=3G1c1Jm6p4w&quot;,&quot;video_type&quot;:&quot;youtube&quot;,&quot;controls&quot;:&quot;yes&quot;}\" data-widget_type=\"video.default\">\n\t\t\t\t\t\t\t<div class=\"elementor-wrapper elementor-open-inline\">\n\t\t\t<div class=\"elementor-video\"><\/div>\t\t<\/div>\n\t\t\t\t\t\t<\/div>\n\t\t\t\t<\/div>\n\t\t\t\t<\/div>\n\t\t\t\t\t<\/div>\n\t\t\t\t<\/div>\n\t\t<div class=\"elementor-element elementor-element-05ed630 e-flex e-con-boxed e-con e-parent\" data-id=\"05ed630\" data-element_type=\"container\" data-e-type=\"container\" data-settings=\"{&quot;background_background&quot;:&quot;classic&quot;}\">\n\t\t\t\t\t<div class=\"e-con-inner\">\n\t\t<div class=\"elementor-element elementor-element-8831578 e-con-full e-flex e-con e-child\" data-id=\"8831578\" data-element_type=\"container\" data-e-type=\"container\" data-settings=\"{&quot;background_background&quot;:&quot;classic&quot;}\">\n\t\t<div class=\"elementor-element elementor-element-f6c7a15 e-con-full e-flex elementor-invisible e-con e-child\" data-id=\"f6c7a15\" data-element_type=\"container\" data-e-type=\"container\" data-settings=\"{&quot;animation&quot;:&quot;fadeInUp&quot;,&quot;animation_mobile&quot;:&quot;none&quot;}\">\n\t\t\t\t<div class=\"elementor-element elementor-element-b30a326 elementor-widget elementor-widget-text-editor\" data-id=\"b30a326\" data-element_type=\"widget\" data-e-type=\"widget\" data-widget_type=\"text-editor.default\">\n\t\t\t\t\t\t\t\t\t<p>Con el tiempo me he dado cuenta de que aprender esta t\u00e9cnica te obliga a salir de tu zona de confort y a trabajar m\u00e1s conscientemente en tu respiraci\u00f3n, especialmente en tu diafragma.<\/p>\n<p>En 2025 me ofrecieron la oportunidad de intentar establecer el r\u00e9cord mundial del \u201cAcorde m\u00e1s largo con arm\u00f3nica\u201d. Aspir\u00e9 un acorde durante 31 minutos y 31 segundos consecutivos en el Festival Mundial de Arm\u00f3nica de Trossingen, en Alemania. Puedes encontrar el v\u00eddeo completo en el Instagram de <em>hohnerharmonica<\/em>.<\/p>\n<p>Tambi\u00e9n puedes utilizar la respiraci\u00f3n circular aspirada en alg\u00fan tema como acompa\u00f1amiento, por ejemplo; o cuando te quedas sin aire despu\u00e9s de tocar muchas notas aspiradas. Se trata de una t\u00e9cnica de respiraci\u00f3n m\u00e1s que puedes aprender y que puede serte \u00fatil.<\/p>\n\t\t\t\t\t\t\t\t<\/div>\n\t\t\t\t<div class=\"elementor-element elementor-element-43988e2 elementor-widget elementor-widget-heading\" data-id=\"43988e2\" data-element_type=\"widget\" data-e-type=\"widget\" data-widget_type=\"heading.default\">\n\t\t\t\t\t<h3 class=\"elementor-heading-title elementor-size-default\">\u00a1Tambi\u00e9n puedes contratar una sesi\u00f3n online conmigo! Normalmente, se requiere una sola clase para entender la t\u00e9cnica y empezar a aplicarla.<\/h3>\t\t\t\t<\/div>\n\t\t<a class=\"elementor-element elementor-element-a0f2c5c e-con-full e-transform animated-fast e-flex elementor-invisible e-con e-child\" data-id=\"a0f2c5c\" data-element_type=\"container\" data-e-type=\"container\" data-settings=\"{&quot;background_background&quot;:&quot;classic&quot;,&quot;_transform_translateY_effect_hover&quot;:{&quot;unit&quot;:&quot;px&quot;,&quot;size&quot;:-10,&quot;sizes&quot;:[]},&quot;animation&quot;:&quot;bounceInDown&quot;,&quot;animation_mobile&quot;:&quot;none&quot;,&quot;animation_delay&quot;:400,&quot;_transform_translateX_effect_hover&quot;:{&quot;unit&quot;:&quot;px&quot;,&quot;size&quot;:&quot;&quot;,&quot;sizes&quot;:[]},&quot;_transform_translateX_effect_hover_tablet&quot;:{&quot;unit&quot;:&quot;px&quot;,&quot;size&quot;:&quot;&quot;,&quot;sizes&quot;:[]},&quot;_transform_translateX_effect_hover_mobile&quot;:{&quot;unit&quot;:&quot;px&quot;,&quot;size&quot;:&quot;&quot;,&quot;sizes&quot;:[]},&quot;_transform_translateY_effect_hover_tablet&quot;:{&quot;unit&quot;:&quot;px&quot;,&quot;size&quot;:&quot;&quot;,&quot;sizes&quot;:[]},&quot;_transform_translateY_effect_hover_mobile&quot;:{&quot;unit&quot;:&quot;px&quot;,&quot;size&quot;:&quot;&quot;,&quot;sizes&quot;:[]}}\" href=\"https:\/\/beharpy.com\/contact\/\">\n\t\t\t\t<div class=\"elementor-element elementor-element-de31711 giro elementor-widget elementor-widget-image\" data-id=\"de31711\" data-element_type=\"widget\" data-e-type=\"widget\" data-widget_type=\"image.default\">\n\t\t\t\t\t\t\t\t\t\t\t\t\t\t\t<img fetchpriority=\"high\" decoding=\"async\" width=\"800\" height=\"800\" src=\"https:\/\/beharpy.com\/wp-content\/uploads\/2026\/02\/arrow-right-up-354-svgrepo-com.svg\" class=\"attachment-full size-full wp-image-1799\" alt=\"Decorative arrow\" \/>\t\t\t\t\t\t\t\t\t\t\t\t\t\t\t<\/div>\n\t\t\t\t<div class=\"elementor-element elementor-element-3d0bb7f elementor-widget elementor-widget-heading\" data-id=\"3d0bb7f\" data-element_type=\"widget\" data-e-type=\"widget\" data-widget_type=\"heading.default\">\n\t\t\t\t\t<div class=\"elementor-heading-title elementor-size-default\">Reserva aqu\u00ed<\/div>\t\t\t\t<\/div>\n\t\t\t\t<\/a>\n\t\t\t\t<\/div>\n\t\t<div class=\"elementor-element elementor-element-80fcc58 e-con-full e-flex e-con e-child\" data-id=\"80fcc58\" data-element_type=\"container\" data-e-type=\"container\">\n\t\t\t\t<div class=\"elementor-element elementor-element-5663549 elementor-widget elementor-widget-heading\" data-id=\"5663549\" data-element_type=\"widget\" data-e-type=\"widget\" data-widget_type=\"heading.default\">\n\t\t\t\t\t<h3 class=\"elementor-heading-title elementor-size-default\">Aqu\u00ed tienes un tutorial de respiraci\u00f3n circular aspirada en 3 pasos sencillos:<\/h3>\t\t\t\t<\/div>\n\t\t\t\t<div class=\"elementor-element elementor-element-8a52a89 elementor-widget elementor-widget-video\" data-id=\"8a52a89\" data-element_type=\"widget\" data-e-type=\"widget\" data-settings=\"{&quot;youtube_url&quot;:&quot;https:\\\/\\\/www.youtube.com\\\/watch?v=XHH0eDrD9SQ&quot;,&quot;video_type&quot;:&quot;youtube&quot;,&quot;controls&quot;:&quot;yes&quot;}\" data-widget_type=\"video.default\">\n\t\t\t\t\t\t\t<div class=\"elementor-wrapper elementor-open-inline\">\n\t\t\t<div class=\"elementor-video\"><\/div>\t\t<\/div>\n\t\t\t\t\t\t<\/div>\n\t\t\t\t<\/div>\n\t\t\t\t<\/div>\n\t\t\t\t\t<\/div>\n\t\t\t\t<\/div>\n\t\t\t\t<\/div>\n\t\t","protected":false},"excerpt":{"rendered":"<p>La respiraci\u00f3n circular es una t\u00e9cnica que permite producir un sonido continuo tanto en las notas y acordes soplados como en los aspirados de una arm\u00f3nica. Empec\u00e9 a tocar el [&hellip;]<\/p>\n","protected":false},"author":2,"featured_media":0,"parent":0,"menu_order":0,"comment_status":"closed","ping_status":"closed","template":"page-templates\/pagebuilder.php","meta":{"zakra_page_container_layout":"customizer","zakra_page_sidebar_layout":"customizer","zakra_remove_content_margin":false,"zakra_sidebar":"customizer","zakra_transparent_header":"customizer","zakra_logo":0,"zakra_main_header_style":"default","zakra_menu_item_color":"","zakra_menu_item_hover_color":"","zakra_menu_item_active_color":"","zakra_menu_active_style":"","zakra_page_header":true,"inline_featured_image":false,"footnotes":""},"class_list":["post-1809","page","type-page","status-publish","hentry"],"_links":{"self":[{"href":"https:\/\/beharpy.com\/es\/wp-json\/wp\/v2\/pages\/1809","targetHints":{"allow":["GET"]}}],"collection":[{"href":"https:\/\/beharpy.com\/es\/wp-json\/wp\/v2\/pages"}],"about":[{"href":"https:\/\/beharpy.com\/es\/wp-json\/wp\/v2\/types\/page"}],"author":[{"embeddable":true,"href":"https:\/\/beharpy.com\/es\/wp-json\/wp\/v2\/users\/2"}],"replies":[{"embeddable":true,"href":"https:\/\/beharpy.com\/es\/wp-json\/wp\/v2\/comments?post=1809"}],"version-history":[{"count":6,"href":"https:\/\/beharpy.com\/es\/wp-json\/wp\/v2\/pages\/1809\/revisions"}],"predecessor-version":[{"id":2376,"href":"https:\/\/beharpy.com\/es\/wp-json\/wp\/v2\/pages\/1809\/revisions\/2376"}],"wp:attachment":[{"href":"https:\/\/beharpy.com\/es\/wp-json\/wp\/v2\/media?parent=1809"}],"curies":[{"name":"wp","href":"https:\/\/api.w.org\/{rel}","templated":true}]}}