{"id":1831,"date":"2026-01-28T10:53:53","date_gmt":"2026-01-28T09:53:53","guid":{"rendered":"https:\/\/beharpy.com\/talleres\/"},"modified":"2026-03-02T10:46:17","modified_gmt":"2026-03-02T09:46:17","slug":"talleres","status":"publish","type":"page","link":"https:\/\/beharpy.com\/es\/talleres\/","title":{"rendered":"Talleres"},"content":{"rendered":"\t\t<div data-elementor-type=\"wp-page\" data-elementor-id=\"1831\" class=\"elementor elementor-1831 elementor-123\" data-elementor-post-type=\"page\">\n\t\t\t\t<div class=\"elementor-element elementor-element-ad2356f e-flex e-con-boxed e-con e-parent\" data-id=\"ad2356f\" data-element_type=\"container\" data-e-type=\"container\" data-settings=\"{&quot;background_background&quot;:&quot;classic&quot;}\">\n\t\t\t\t\t<div class=\"e-con-inner\">\n\t\t<div class=\"elementor-element elementor-element-d34d4e5 e-con-full e-flex e-con e-child\" data-id=\"d34d4e5\" data-element_type=\"container\" data-e-type=\"container\" data-settings=\"{&quot;background_background&quot;:&quot;classic&quot;}\">\n\t\t\t\t<div class=\"elementor-element elementor-element-3c54bfd animated-fast elementor-invisible elementor-widget elementor-widget-heading\" data-id=\"3c54bfd\" data-element_type=\"widget\" data-e-type=\"widget\" data-settings=\"{&quot;_animation&quot;:&quot;fadeInUp&quot;,&quot;_animation_mobile&quot;:&quot;none&quot;}\" data-widget_type=\"heading.default\">\n\t\t\t\t\t<h1 class=\"elementor-heading-title elementor-size-default\">Talleres<\/h1>\t\t\t\t<\/div>\n\t\t\t\t<\/div>\n\t\t<div class=\"elementor-element elementor-element-8eb261d e-con-full e-flex e-con e-child\" data-id=\"8eb261d\" data-element_type=\"container\" data-e-type=\"container\" data-settings=\"{&quot;background_background&quot;:&quot;classic&quot;}\">\n\t\t<div class=\"elementor-element elementor-element-6b25814 e-con-full e-flex elementor-invisible e-con e-child\" data-id=\"6b25814\" data-element_type=\"container\" data-e-type=\"container\" data-settings=\"{&quot;animation&quot;:&quot;fadeInUp&quot;,&quot;animation_mobile&quot;:&quot;none&quot;}\">\n\t\t\t\t<div class=\"elementor-element elementor-element-04d1ab6 elementor-invisible elementor-widget elementor-widget-heading\" data-id=\"04d1ab6\" data-element_type=\"widget\" data-e-type=\"widget\" data-settings=\"{&quot;_animation&quot;:&quot;fadeInUp&quot;,&quot;_animation_mobile&quot;:&quot;none&quot;}\" data-widget_type=\"heading.default\">\n\t\t\t\t\t<h2 class=\"elementor-heading-title elementor-size-default\">Me encantan los talleres, tanto en el papel de profesor como en el de participante.<\/h2>\t\t\t\t<\/div>\n\t\t\t\t<div class=\"elementor-element elementor-element-ee94dca elementor-widget elementor-widget-text-editor\" data-id=\"ee94dca\" data-element_type=\"widget\" data-e-type=\"widget\" data-widget_type=\"text-editor.default\">\n\t\t\t\t\t\t\t\t\t<p>Esa energ\u00eda, esa conexi\u00f3n, el aprendizaje, el intercambio, la interacci\u00f3n con los dem\u00e1s, la apertura, en ocasiones mostrarte vulnerable, re\u00edrte, llorar, todo ese amor, esa gratitud&#8230; Hay algo m\u00e1gico en los talleres que es dif\u00edcil de expresar.<\/p>\n<p>Llevo ofreciendo talleres de forma regular desde 2013. Previamente, asist\u00ed a muchos y s\u00e9 por experiencia que, aunque el tema sea el mismo, cada taller siempre acaba siendo distinto.<\/p>\n<p>Principalmente ofrezco talleres de respiraci\u00f3n, de arm\u00f3nica y de canto de arm\u00f3nicos. Sin embargo, me gusta mezclar temas y abordarlos en funci\u00f3n del grupo. A veces, una sesi\u00f3n de respiraci\u00f3n para un grupo que nunca ha tocado la arm\u00f3nica acaba en un concierto con todos los participantes. O un taller para armonicistas puede convertirse f\u00e1cilmente en una meditaci\u00f3n para tomar conciencia de nuestros h\u00e1bitos respiratorios. Una cosa est\u00e1 clara, en mis talleres siempre aparece el aspecto terap\u00e9utico, ya sea respirando, tocando la arm\u00f3nica o con el canto de arm\u00f3nicos.<\/p>\n<p>Puedes ponerte en contacto conmigo para las siguientes propuestas: La Arm\u00f3nica, m\u00e1s all\u00e1 del instrumento, Iniciaci\u00f3n a la Arm\u00f3nica y Canto de Arm\u00f3nicos.<\/p>\n\t\t\t\t\t\t\t\t<\/div>\n\t\t\t\t<div class=\"elementor-element elementor-element-d9e297d elementor-widget elementor-widget-heading\" data-id=\"d9e297d\" data-element_type=\"widget\" data-e-type=\"widget\" data-widget_type=\"heading.default\">\n\t\t\t\t\t<h3 class=\"elementor-heading-title elementor-size-default\">\u00a1O tambi\u00e9n podemos dar rienda suelta a nuestra creatividad y dise\u00f1ar un taller a medida!<\/h3>\t\t\t\t<\/div>\n\t\t\t\t<\/div>\n\t\t<div class=\"elementor-element elementor-element-f22fae1 e-con-full e-flex elementor-invisible e-con e-child\" data-id=\"f22fae1\" data-element_type=\"container\" data-e-type=\"container\" data-settings=\"{&quot;animation&quot;:&quot;fadeInUp&quot;,&quot;animation_mobile&quot;:&quot;none&quot;,&quot;background_background&quot;:&quot;slideshow&quot;,&quot;background_slideshow_gallery&quot;:[{&quot;id&quot;:1823,&quot;url&quot;:&quot;https:\\\/\\\/beharpy.com\\\/wp-content\\\/uploads\\\/2026\\\/01\\\/TALLER-ROSES-1.jpg&quot;},{&quot;id&quot;:1824,&quot;url&quot;:&quot;https:\\\/\\\/beharpy.com\\\/wp-content\\\/uploads\\\/2026\\\/01\\\/TALLER-GREDOS-2-scaled.jpg&quot;},{&quot;id&quot;:1825,&quot;url&quot;:&quot;https:\\\/\\\/beharpy.com\\\/wp-content\\\/uploads\\\/2026\\\/01\\\/TALLER-GREDOS-1.jpg&quot;},{&quot;id&quot;:1826,&quot;url&quot;:&quot;https:\\\/\\\/beharpy.com\\\/wp-content\\\/uploads\\\/2026\\\/01\\\/TALLER-EIVISSA-4-scaled.jpeg&quot;},{&quot;id&quot;:1827,&quot;url&quot;:&quot;https:\\\/\\\/beharpy.com\\\/wp-content\\\/uploads\\\/2026\\\/01\\\/TALLER-EIVISSA-2-scaled.jpeg&quot;},{&quot;id&quot;:1828,&quot;url&quot;:&quot;https:\\\/\\\/beharpy.com\\\/wp-content\\\/uploads\\\/2026\\\/01\\\/TALLER-ROSES-2.jpeg&quot;},{&quot;id&quot;:1829,&quot;url&quot;:&quot;https:\\\/\\\/beharpy.com\\\/wp-content\\\/uploads\\\/2026\\\/02\\\/AIV2415-scaled.jpg&quot;},{&quot;id&quot;:1830,&quot;url&quot;:&quot;https:\\\/\\\/beharpy.com\\\/wp-content\\\/uploads\\\/2026\\\/02\\\/AIV2403-scaled.jpg&quot;}],&quot;background_slideshow_loop&quot;:&quot;yes&quot;,&quot;background_slideshow_slide_duration&quot;:5000,&quot;background_slideshow_slide_transition&quot;:&quot;fade&quot;,&quot;background_slideshow_transition_duration&quot;:500}\">\n\t\t\t\t<\/div>\n\t\t\t\t<\/div>\n\t\t\t\t\t<\/div>\n\t\t\t\t<\/div>\n\t\t<div class=\"elementor-element elementor-element-add12ea e-flex e-con-boxed e-con e-parent\" data-id=\"add12ea\" data-element_type=\"container\" data-e-type=\"container\" data-settings=\"{&quot;background_background&quot;:&quot;classic&quot;}\">\n\t\t\t\t\t<div class=\"e-con-inner\">\n\t\t<div class=\"elementor-element elementor-element-cbda430 e-con-full e-flex e-con e-child\" data-id=\"cbda430\" data-element_type=\"container\" data-e-type=\"container\" data-settings=\"{&quot;background_background&quot;:&quot;classic&quot;}\">\n\t\t\t\t<div class=\"elementor-element elementor-element-2951ec1 animated-fast elementor-invisible elementor-widget elementor-widget-heading\" data-id=\"2951ec1\" data-element_type=\"widget\" data-e-type=\"widget\" data-settings=\"{&quot;_animation&quot;:&quot;fadeInUp&quot;,&quot;_animation_mobile&quot;:&quot;none&quot;}\" data-widget_type=\"heading.default\">\n\t\t\t\t\t<div class=\"elementor-heading-title elementor-size-default\">Agenda<\/div>\t\t\t\t<\/div>\n\t\t\t\t<div class=\"elementor-element elementor-element-48eaa3c elementor-widget-tablet__width-initial elementor-invisible elementor-widget elementor-widget-heading\" data-id=\"48eaa3c\" data-element_type=\"widget\" data-e-type=\"widget\" data-settings=\"{&quot;_animation&quot;:&quot;fadeInUp&quot;,&quot;_animation_mobile&quot;:&quot;none&quot;}\" data-widget_type=\"heading.default\">\n\t\t\t\t\t<div class=\"elementor-heading-title elementor-size-default\">Respira, juega, sana, comparte, ama, conecta.<\/div>\t\t\t\t<\/div>\n\t\t<a class=\"elementor-element elementor-element-ea2e8b8 e-con-full animated-fast e-transform e-flex elementor-invisible e-con e-child\" data-id=\"ea2e8b8\" data-element_type=\"container\" data-e-type=\"container\" data-settings=\"{&quot;background_background&quot;:&quot;classic&quot;,&quot;animation&quot;:&quot;zoomIn&quot;,&quot;animation_mobile&quot;:&quot;none&quot;,&quot;_transform_scale_effect_hover&quot;:{&quot;unit&quot;:&quot;px&quot;,&quot;size&quot;:0.8,&quot;sizes&quot;:[]},&quot;_transform_scale_effect_hover_tablet&quot;:{&quot;unit&quot;:&quot;px&quot;,&quot;size&quot;:&quot;&quot;,&quot;sizes&quot;:[]},&quot;_transform_scale_effect_hover_mobile&quot;:{&quot;unit&quot;:&quot;px&quot;,&quot;size&quot;:&quot;&quot;,&quot;sizes&quot;:[]}}\" href=\"https:\/\/beharpy.com\/agenda\/\">\n\t\t\t\t<div class=\"elementor-element elementor-element-bb28183 giro e-transform elementor-widget elementor-widget-image\" data-id=\"bb28183\" data-element_type=\"widget\" data-e-type=\"widget\" data-settings=\"{&quot;_transform_rotateZ_effect_hover&quot;:{&quot;unit&quot;:&quot;px&quot;,&quot;size&quot;:-46,&quot;sizes&quot;:[]},&quot;_transform_rotateZ_effect_hover_tablet&quot;:{&quot;unit&quot;:&quot;deg&quot;,&quot;size&quot;:&quot;&quot;,&quot;sizes&quot;:[]},&quot;_transform_rotateZ_effect_hover_mobile&quot;:{&quot;unit&quot;:&quot;deg&quot;,&quot;size&quot;:&quot;&quot;,&quot;sizes&quot;:[]}}\" data-widget_type=\"image.default\">\n\t\t\t\t\t\t\t\t\t\t\t\t\t\t\t<img fetchpriority=\"high\" decoding=\"async\" width=\"800\" height=\"800\" src=\"https:\/\/beharpy.com\/wp-content\/uploads\/2026\/02\/arrow-right-up-354-svgrepo-com.svg\" class=\"attachment-full size-full wp-image-1799\" alt=\"Decorative arrow\" \/>\t\t\t\t\t\t\t\t\t\t\t\t\t\t\t<\/div>\n\t\t\t\t<\/a>\n\t\t\t\t<\/div>\n\t\t\t\t\t<\/div>\n\t\t\t\t<\/div>\n\t\t\t\t<\/div>\n\t\t","protected":false},"excerpt":{"rendered":"<p>Me encantan los talleres, tanto en el papel de profesor como en el de participante. Esa energ\u00eda, esa conexi\u00f3n, el aprendizaje, el intercambio, la interacci\u00f3n con los dem\u00e1s, la apertura, [&hellip;]<\/p>\n","protected":false},"author":2,"featured_media":0,"parent":0,"menu_order":0,"comment_status":"closed","ping_status":"closed","template":"page-templates\/pagebuilder.php","meta":{"zakra_page_container_layout":"customizer","zakra_page_sidebar_layout":"customizer","zakra_remove_content_margin":false,"zakra_sidebar":"customizer","zakra_transparent_header":"customizer","zakra_logo":0,"zakra_main_header_style":"default","zakra_menu_item_color":"","zakra_menu_item_hover_color":"","zakra_menu_item_active_color":"","zakra_menu_active_style":"","zakra_page_header":true,"inline_featured_image":false,"footnotes":""},"class_list":["post-1831","page","type-page","status-publish","hentry"],"_links":{"self":[{"href":"https:\/\/beharpy.com\/es\/wp-json\/wp\/v2\/pages\/1831","targetHints":{"allow":["GET"]}}],"collection":[{"href":"https:\/\/beharpy.com\/es\/wp-json\/wp\/v2\/pages"}],"about":[{"href":"https:\/\/beharpy.com\/es\/wp-json\/wp\/v2\/types\/page"}],"author":[{"embeddable":true,"href":"https:\/\/beharpy.com\/es\/wp-json\/wp\/v2\/users\/2"}],"replies":[{"embeddable":true,"href":"https:\/\/beharpy.com\/es\/wp-json\/wp\/v2\/comments?post=1831"}],"version-history":[{"count":1,"href":"https:\/\/beharpy.com\/es\/wp-json\/wp\/v2\/pages\/1831\/revisions"}],"predecessor-version":[{"id":1832,"href":"https:\/\/beharpy.com\/es\/wp-json\/wp\/v2\/pages\/1831\/revisions\/1832"}],"wp:attachment":[{"href":"https:\/\/beharpy.com\/es\/wp-json\/wp\/v2\/media?parent=1831"}],"curies":[{"name":"wp","href":"https:\/\/api.w.org\/{rel}","templated":true}]}}