{"id":1838,"date":"2026-02-23T09:47:23","date_gmt":"2026-02-23T08:47:23","guid":{"rendered":"https:\/\/beharpy.com\/armonica\/"},"modified":"2026-04-08T08:42:15","modified_gmt":"2026-04-08T06:42:15","slug":"armonica","status":"publish","type":"page","link":"https:\/\/beharpy.com\/es\/armonica\/","title":{"rendered":"Arm\u00f3nica"},"content":{"rendered":"\t\t<div data-elementor-type=\"wp-page\" data-elementor-id=\"1838\" class=\"elementor elementor-1838 elementor-1568\" data-elementor-post-type=\"page\">\n\t\t\t\t<div class=\"elementor-element elementor-element-4d30959 e-flex e-con-boxed e-con e-parent\" data-id=\"4d30959\" data-element_type=\"container\" data-e-type=\"container\" data-settings=\"{&quot;background_background&quot;:&quot;classic&quot;}\">\n\t\t\t\t\t<div class=\"e-con-inner\">\n\t\t<div class=\"elementor-element elementor-element-b28780f e-con-full e-flex e-con e-child\" data-id=\"b28780f\" data-element_type=\"container\" data-e-type=\"container\" data-settings=\"{&quot;background_background&quot;:&quot;classic&quot;}\">\n\t\t\t\t<div class=\"elementor-element elementor-element-c61a66c animated-fast elementor-invisible elementor-widget elementor-widget-heading\" data-id=\"c61a66c\" data-element_type=\"widget\" data-e-type=\"widget\" data-settings=\"{&quot;_animation&quot;:&quot;fadeInUp&quot;,&quot;_animation_mobile&quot;:&quot;none&quot;}\" data-widget_type=\"heading.default\">\n\t\t\t\t\t<h1 class=\"elementor-heading-title elementor-size-default\">La arm\u00f3nica, m\u00e1s all\u00e1 del instrumento<\/h1>\t\t\t\t<\/div>\n\t\t\t\t<\/div>\n\t\t<div class=\"elementor-element elementor-element-832cf86 e-con-full e-flex e-con e-child\" data-id=\"832cf86\" data-element_type=\"container\" data-e-type=\"container\" data-settings=\"{&quot;background_background&quot;:&quot;classic&quot;}\">\n\t\t<div class=\"elementor-element elementor-element-c0610df e-con-full e-flex elementor-invisible e-con e-child\" data-id=\"c0610df\" data-element_type=\"container\" data-e-type=\"container\" data-settings=\"{&quot;animation&quot;:&quot;fadeInUp&quot;,&quot;animation_mobile&quot;:&quot;none&quot;}\">\n\t\t\t\t<div class=\"elementor-element elementor-element-0a88dd7 elementor-widget elementor-widget-heading\" data-id=\"0a88dd7\" data-element_type=\"widget\" data-e-type=\"widget\" data-widget_type=\"heading.default\">\n\t\t\t\t\t<div class=\"elementor-heading-title elementor-size-default\">TALLER DE ARM\u00d3NICA Y RESPIRACI\u00d3N, BASADO EN EL CURSO \u201cRESPIRACI\u00d3N CONSCIENTE: LOS 7 PASOS\u201d<\/div>\t\t\t\t<\/div>\n\t\t\t\t<div class=\"elementor-element elementor-element-aaa1092 elementor-widget elementor-widget-text-editor\" data-id=\"aaa1092\" data-element_type=\"widget\" data-e-type=\"widget\" data-widget_type=\"text-editor.default\">\n\t\t\t\t\t\t\t\t\t<p>\u00bfC\u00f3mo afecta a nuestra salud y a nuestras emociones tocar la arm\u00f3nica? \u00bfC\u00f3mo puede la arm\u00f3nica ser una herramienta para el autoconocimiento, una puerta abierta a estados meditativos, un camino hacia la felicidad?<\/p>\n<p>Existen una serie de ejercicios sencillos de respiraci\u00f3n que nos ayudan a equilibrar el sistema nervioso y a encontrar el estado \u00f3ptimo para tocar la arm\u00f3nica. Adem\u00e1s, son ejercicios que tambi\u00e9n nos permiten practicar t\u00e9cnicas que utilizamos al tocar la arm\u00f3nica y que a menudo descuidamos.<\/p>\n<p>Trabajar la respiraci\u00f3n consciente utilizando la arm\u00f3nica te ayudar\u00e1 a tocar con otra percepci\u00f3n. Este taller est\u00e1 dise\u00f1ado para conectarte con tu respiraci\u00f3n a trav\u00e9s de la arm\u00f3nica. Si ya eres armonicista, te ayudar\u00e1 a mejorar tu tono y tu t\u00e9cnica; si es tu primer contacto con la arm\u00f3nica, aprender\u00e1s a tener m\u00e1s consciencia de tu respiraci\u00f3n.<\/p>\n<p>\u00a1Tocar la arm\u00f3nica y aprender diferentes t\u00e9cnicas de respiraci\u00f3n es un valor a\u00f1adido y siempre suma!<\/p>\n<p>Duraci\u00f3n recomendada: 3 horas<\/p>\n\t\t\t\t\t\t\t\t<\/div>\n\t\t\t\t<\/div>\n\t\t<div class=\"elementor-element elementor-element-902dcb0 e-con-full e-flex e-con e-child\" data-id=\"902dcb0\" data-element_type=\"container\" data-e-type=\"container\">\n\t\t<div class=\"elementor-element elementor-element-373cc37 e-con-full e-flex e-con e-child\" data-id=\"373cc37\" data-element_type=\"container\" data-e-type=\"container\" data-settings=\"{&quot;background_background&quot;:&quot;slideshow&quot;,&quot;background_slideshow_gallery&quot;:[{&quot;id&quot;:1837,&quot;url&quot;:&quot;https:\\\/\\\/beharpy.com\\\/wp-content\\\/uploads\\\/2026\\\/02\\\/FOTO-GRABBING.jpeg&quot;}],&quot;background_slideshow_ken_burns&quot;:&quot;yes&quot;,&quot;background_slideshow_loop&quot;:&quot;yes&quot;,&quot;background_slideshow_slide_duration&quot;:5000,&quot;background_slideshow_slide_transition&quot;:&quot;fade&quot;,&quot;background_slideshow_transition_duration&quot;:500,&quot;background_slideshow_ken_burns_zoom_direction&quot;:&quot;in&quot;}\">\n\t\t\t\t<\/div>\n\t\t\t\t<\/div>\n\t\t\t\t<\/div>\n\t\t<div class=\"elementor-element elementor-element-94a49ff e-con-full e-flex e-con e-child\" data-id=\"94a49ff\" data-element_type=\"container\" data-e-type=\"container\" data-settings=\"{&quot;background_background&quot;:&quot;classic&quot;}\">\n\t\t\t\t<div class=\"elementor-element elementor-element-4f6bb83 animated-fast elementor-invisible elementor-widget elementor-widget-heading\" data-id=\"4f6bb83\" data-element_type=\"widget\" data-e-type=\"widget\" data-settings=\"{&quot;_animation&quot;:&quot;fadeInUp&quot;,&quot;_animation_mobile&quot;:&quot;none&quot;}\" data-widget_type=\"heading.default\">\n\t\t\t\t\t<h2 class=\"elementor-heading-title elementor-size-default\">Iniciaci\u00f3n a la arm\u00f3nica<\/h2>\t\t\t\t<\/div>\n\t\t\t\t<\/div>\n\t\t<div class=\"elementor-element elementor-element-cf41904 e-con-full e-flex e-con e-child\" data-id=\"cf41904\" data-element_type=\"container\" data-e-type=\"container\" data-settings=\"{&quot;background_background&quot;:&quot;classic&quot;}\">\n\t\t<div class=\"elementor-element elementor-element-f844239 e-con-full e-flex elementor-invisible e-con e-child\" data-id=\"f844239\" data-element_type=\"container\" data-e-type=\"container\" data-settings=\"{&quot;animation&quot;:&quot;fadeInUp&quot;,&quot;animation_mobile&quot;:&quot;none&quot;}\">\n\t\t\t\t<div class=\"elementor-element elementor-element-afc8511 elementor-widget elementor-widget-text-editor\" data-id=\"afc8511\" data-element_type=\"widget\" data-e-type=\"widget\" data-widget_type=\"text-editor.default\">\n\t\t\t\t\t\t\t\t\t<p>La arm\u00f3nica diat\u00f3nica, o arm\u00f3nica de blues, es uno de los instrumentos m\u00e1s intuitivos que existen.<\/p>\n<p>En este taller aprendemos las t\u00e9cnicas b\u00e1sicas para que puedas empezar a tocar de cero el instrumento m\u00e1s vendido de toda la historia.<\/p>\n<p>La disposici\u00f3n de las notas y de los acordes en la arm\u00f3nica te permite tocar desde el primer momento, sin necesidad de tener conocimientos musicales. La base es el ritmo, la melod\u00eda y la diversi\u00f3n.<\/p>\n<p>Adem\u00e1s, el trabajo de respiraci\u00f3n que requiere tocar la arm\u00f3nica lo convierte en un instrumento muy terap\u00e9utico.<\/p>\n<p>Duraci\u00f3n recomendada: 2 horas<\/p>\n\t\t\t\t\t\t\t\t<\/div>\n\t\t\t\t<\/div>\n\t\t<div class=\"elementor-element elementor-element-d72a403 e-con-full e-flex e-con e-child\" data-id=\"d72a403\" data-element_type=\"container\" data-e-type=\"container\">\n\t\t\t\t<div class=\"elementor-element elementor-element-0985493 elementor-widget elementor-widget-video\" data-id=\"0985493\" data-element_type=\"widget\" data-e-type=\"widget\" data-settings=\"{&quot;youtube_url&quot;:&quot;https:\\\/\\\/www.youtube.com\\\/watch?v=XHOmBV4js_E&quot;,&quot;video_type&quot;:&quot;youtube&quot;,&quot;controls&quot;:&quot;yes&quot;}\" data-widget_type=\"video.default\">\n\t\t\t\t\t\t\t<div class=\"elementor-wrapper elementor-open-inline\">\n\t\t\t<div class=\"elementor-video\"><\/div>\t\t<\/div>\n\t\t\t\t\t\t<\/div>\n\t\t\t\t<\/div>\n\t\t\t\t<\/div>\n\t\t\t\t\t<\/div>\n\t\t\t\t<\/div>\n\t\t<div class=\"elementor-element elementor-element-29e9804 e-flex e-con-boxed e-con e-parent\" data-id=\"29e9804\" data-element_type=\"container\" data-e-type=\"container\">\n\t\t\t\t\t<div class=\"e-con-inner\">\n\t\t<div class=\"elementor-element elementor-element-45aa4c5 e-con-full e-flex e-con e-child\" data-id=\"45aa4c5\" data-element_type=\"container\" data-e-type=\"container\" data-settings=\"{&quot;background_background&quot;:&quot;classic&quot;}\">\n\t\t<div class=\"elementor-element elementor-element-34c3863 e-con-full e-flex e-con e-child\" data-id=\"34c3863\" data-element_type=\"container\" data-e-type=\"container\">\n\t\t<a class=\"elementor-element elementor-element-aee5d1e e-con-full e-transform animated-fast e-flex elementor-invisible e-con e-child\" data-id=\"aee5d1e\" data-element_type=\"container\" data-e-type=\"container\" data-settings=\"{&quot;background_background&quot;:&quot;classic&quot;,&quot;_transform_translateY_effect_hover&quot;:{&quot;unit&quot;:&quot;px&quot;,&quot;size&quot;:-10,&quot;sizes&quot;:[]},&quot;animation&quot;:&quot;bounceInDown&quot;,&quot;animation_mobile&quot;:&quot;none&quot;,&quot;animation_delay&quot;:400,&quot;_transform_translateX_effect_hover&quot;:{&quot;unit&quot;:&quot;px&quot;,&quot;size&quot;:&quot;&quot;,&quot;sizes&quot;:[]},&quot;_transform_translateX_effect_hover_tablet&quot;:{&quot;unit&quot;:&quot;px&quot;,&quot;size&quot;:&quot;&quot;,&quot;sizes&quot;:[]},&quot;_transform_translateX_effect_hover_mobile&quot;:{&quot;unit&quot;:&quot;px&quot;,&quot;size&quot;:&quot;&quot;,&quot;sizes&quot;:[]},&quot;_transform_translateY_effect_hover_tablet&quot;:{&quot;unit&quot;:&quot;px&quot;,&quot;size&quot;:&quot;&quot;,&quot;sizes&quot;:[]},&quot;_transform_translateY_effect_hover_mobile&quot;:{&quot;unit&quot;:&quot;px&quot;,&quot;size&quot;:&quot;&quot;,&quot;sizes&quot;:[]}}\" href=\"https:\/\/beharpy.com\/agenda\/\">\n\t\t\t\t<div class=\"elementor-element elementor-element-56e71dc giro elementor-widget elementor-widget-image\" data-id=\"56e71dc\" data-element_type=\"widget\" data-e-type=\"widget\" data-widget_type=\"image.default\">\n\t\t\t\t\t\t\t\t\t\t\t\t\t\t\t<img fetchpriority=\"high\" decoding=\"async\" width=\"800\" height=\"800\" src=\"https:\/\/beharpy.com\/wp-content\/uploads\/2026\/02\/arrow-right-up-354-svgrepo-com.svg\" class=\"attachment-full size-full wp-image-1799\" alt=\"Decorative arrow\" \/>\t\t\t\t\t\t\t\t\t\t\t\t\t\t\t<\/div>\n\t\t\t\t<div class=\"elementor-element elementor-element-14079f6 elementor-widget elementor-widget-heading\" data-id=\"14079f6\" data-element_type=\"widget\" data-e-type=\"widget\" data-widget_type=\"heading.default\">\n\t\t\t\t\t<h3 class=\"elementor-heading-title elementor-size-default\">Mantente atento a los pr\u00f3ximos talleres en mi AGENDA<\/h3>\t\t\t\t<\/div>\n\t\t\t\t<\/a>\n\t\t<a class=\"elementor-element elementor-element-c6e2ea0 e-con-full e-transform animated-fast e-flex elementor-invisible e-con e-child\" data-id=\"c6e2ea0\" data-element_type=\"container\" data-e-type=\"container\" data-settings=\"{&quot;background_background&quot;:&quot;classic&quot;,&quot;_transform_translateY_effect_hover&quot;:{&quot;unit&quot;:&quot;px&quot;,&quot;size&quot;:-10,&quot;sizes&quot;:[]},&quot;animation&quot;:&quot;bounceInDown&quot;,&quot;animation_mobile&quot;:&quot;none&quot;,&quot;animation_delay&quot;:400,&quot;_transform_translateX_effect_hover&quot;:{&quot;unit&quot;:&quot;px&quot;,&quot;size&quot;:&quot;&quot;,&quot;sizes&quot;:[]},&quot;_transform_translateX_effect_hover_tablet&quot;:{&quot;unit&quot;:&quot;px&quot;,&quot;size&quot;:&quot;&quot;,&quot;sizes&quot;:[]},&quot;_transform_translateX_effect_hover_mobile&quot;:{&quot;unit&quot;:&quot;px&quot;,&quot;size&quot;:&quot;&quot;,&quot;sizes&quot;:[]},&quot;_transform_translateY_effect_hover_tablet&quot;:{&quot;unit&quot;:&quot;px&quot;,&quot;size&quot;:&quot;&quot;,&quot;sizes&quot;:[]},&quot;_transform_translateY_effect_hover_mobile&quot;:{&quot;unit&quot;:&quot;px&quot;,&quot;size&quot;:&quot;&quot;,&quot;sizes&quot;:[]}}\" href=\"https:\/\/beharpy.com\/contact\/\">\n\t\t\t\t<div class=\"elementor-element elementor-element-c22dede giro elementor-widget elementor-widget-image\" data-id=\"c22dede\" data-element_type=\"widget\" data-e-type=\"widget\" data-widget_type=\"image.default\">\n\t\t\t\t\t\t\t\t\t\t\t\t\t\t\t<img fetchpriority=\"high\" decoding=\"async\" width=\"800\" height=\"800\" src=\"https:\/\/beharpy.com\/wp-content\/uploads\/2026\/02\/arrow-right-up-354-svgrepo-com.svg\" class=\"attachment-full size-full wp-image-1799\" alt=\"Decorative arrow\" \/>\t\t\t\t\t\t\t\t\t\t\t\t\t\t\t<\/div>\n\t\t\t\t<div class=\"elementor-element elementor-element-7a5d7d0 elementor-widget elementor-widget-heading\" data-id=\"7a5d7d0\" data-element_type=\"widget\" data-e-type=\"widget\" data-widget_type=\"heading.default\">\n\t\t\t\t\t<h3 class=\"elementor-heading-title elementor-size-default\">\u00a1O reserva una sesi\u00f3n online conmigo! (Reserva aqu\u00ed)<\/h3>\t\t\t\t<\/div>\n\t\t\t\t<\/a>\n\t\t\t\t<\/div>\n\t\t<div class=\"elementor-element elementor-element-1341b88 e-con-full e-flex elementor-invisible e-con e-child\" data-id=\"1341b88\" data-element_type=\"container\" data-e-type=\"container\" data-settings=\"{&quot;animation&quot;:&quot;fadeInUp&quot;,&quot;animation_mobile&quot;:&quot;none&quot;}\">\n\t\t\t\t<div class=\"elementor-element elementor-element-1af14fa elementor-widget-tablet__width-inherit elementor-widget elementor-widget-text-editor\" data-id=\"1af14fa\" data-element_type=\"widget\" data-e-type=\"widget\" data-widget_type=\"text-editor.default\">\n\t\t\t\t\t\t\t\t\tPuedes ponerte en contacto conmigo para organizar un taller de arm\u00f3nica en festivales, escuelas de m\u00fasica, centros de yoga, asociaciones o incluso para un grupo de amig@s!<br><br>Puedo dar los talleres en castellano, catal\u00e1n, ingl\u00e9s, franc\u00e9s y portugu\u00e9s.\t\t\t\t\t\t\t\t<\/div>\n\t\t\t\t<\/div>\n\t\t\t\t<\/div>\n\t\t\t\t\t<\/div>\n\t\t\t\t<\/div>\n\t\t\t\t<\/div>\n\t\t","protected":false},"excerpt":{"rendered":"<p>La arm\u00f3nica, m\u00e1s all\u00e1 del instrumento TALLER DE ARM\u00d3NICA Y RESPIRACI\u00d3N, BASADO EN EL CURSO \u201cRESPIRACI\u00d3N CONSCIENTE: LOS 7 PASOS\u201d \u00bfC\u00f3mo afecta a nuestra salud y a nuestras emociones tocar [&hellip;]<\/p>\n","protected":false},"author":2,"featured_media":0,"parent":0,"menu_order":0,"comment_status":"closed","ping_status":"closed","template":"page-templates\/pagebuilder.php","meta":{"zakra_page_container_layout":"customizer","zakra_page_sidebar_layout":"customizer","zakra_remove_content_margin":false,"zakra_sidebar":"customizer","zakra_transparent_header":"customizer","zakra_logo":0,"zakra_main_header_style":"default","zakra_menu_item_color":"","zakra_menu_item_hover_color":"","zakra_menu_item_active_color":"","zakra_menu_active_style":"","zakra_page_header":true,"inline_featured_image":false,"footnotes":""},"class_list":["post-1838","page","type-page","status-publish","hentry"],"_links":{"self":[{"href":"https:\/\/beharpy.com\/es\/wp-json\/wp\/v2\/pages\/1838","targetHints":{"allow":["GET"]}}],"collection":[{"href":"https:\/\/beharpy.com\/es\/wp-json\/wp\/v2\/pages"}],"about":[{"href":"https:\/\/beharpy.com\/es\/wp-json\/wp\/v2\/types\/page"}],"author":[{"embeddable":true,"href":"https:\/\/beharpy.com\/es\/wp-json\/wp\/v2\/users\/2"}],"replies":[{"embeddable":true,"href":"https:\/\/beharpy.com\/es\/wp-json\/wp\/v2\/comments?post=1838"}],"version-history":[{"count":1,"href":"https:\/\/beharpy.com\/es\/wp-json\/wp\/v2\/pages\/1838\/revisions"}],"predecessor-version":[{"id":1840,"href":"https:\/\/beharpy.com\/es\/wp-json\/wp\/v2\/pages\/1838\/revisions\/1840"}],"wp:attachment":[{"href":"https:\/\/beharpy.com\/es\/wp-json\/wp\/v2\/media?parent=1838"}],"curies":[{"name":"wp","href":"https:\/\/api.w.org\/{rel}","templated":true}]}}