{"id":1847,"date":"2026-01-28T10:52:24","date_gmt":"2026-01-28T09:52:24","guid":{"rendered":"https:\/\/beharpy.com\/canto-de-armonicos\/"},"modified":"2026-03-02T11:06:55","modified_gmt":"2026-03-02T10:06:55","slug":"canto-de-armonicos","status":"publish","type":"page","link":"https:\/\/beharpy.com\/es\/canto-de-armonicos\/","title":{"rendered":"Canto de Arm\u00f3nicos"},"content":{"rendered":"\t\t<div data-elementor-type=\"wp-page\" data-elementor-id=\"1847\" class=\"elementor elementor-1847 elementor-117\" data-elementor-post-type=\"page\">\n\t\t\t\t<div class=\"elementor-element elementor-element-1741a21 e-flex e-con-boxed e-con e-parent\" data-id=\"1741a21\" data-element_type=\"container\" data-e-type=\"container\" data-settings=\"{&quot;background_background&quot;:&quot;classic&quot;}\">\n\t\t\t\t\t<div class=\"e-con-inner\">\n\t\t<div class=\"elementor-element elementor-element-c0e7523 e-con-full e-flex e-con e-child\" data-id=\"c0e7523\" data-element_type=\"container\" data-e-type=\"container\" data-settings=\"{&quot;background_background&quot;:&quot;classic&quot;}\">\n\t\t\t\t<div class=\"elementor-element elementor-element-b41e87e animated-fast elementor-invisible elementor-widget elementor-widget-heading\" data-id=\"b41e87e\" data-element_type=\"widget\" data-e-type=\"widget\" data-settings=\"{&quot;_animation&quot;:&quot;fadeInUp&quot;,&quot;_animation_mobile&quot;:&quot;none&quot;}\" data-widget_type=\"heading.default\">\n\t\t\t\t\t<h1 class=\"elementor-heading-title elementor-size-default\">Canto de Arm\u00f3nicos<\/h1>\t\t\t\t<\/div>\n\t\t\t\t<\/div>\n\t\t<div class=\"elementor-element elementor-element-48cb3c9 e-con-full e-flex e-con e-child\" data-id=\"48cb3c9\" data-element_type=\"container\" data-e-type=\"container\" data-settings=\"{&quot;background_background&quot;:&quot;classic&quot;}\">\n\t\t<div class=\"elementor-element elementor-element-e3e9925 e-con-full e-flex elementor-invisible e-con e-child\" data-id=\"e3e9925\" data-element_type=\"container\" data-e-type=\"container\" data-settings=\"{&quot;animation&quot;:&quot;fadeInUp&quot;,&quot;animation_mobile&quot;:&quot;none&quot;}\">\n\t\t\t\t<div class=\"elementor-element elementor-element-99440e0 elementor-widget elementor-widget-text-editor\" data-id=\"99440e0\" data-element_type=\"widget\" data-e-type=\"widget\" data-widget_type=\"text-editor.default\">\n\t\t\t\t\t\t\t\t\t<p>El canto de arm\u00f3nicos es una t\u00e9cnica que te permite emitir dos o m\u00e1s notas simult\u00e1neamente, como si sonara una flauta sobrepuesta a tu voz.<\/p>\n<p>M\u00e1s all\u00e1 de la t\u00e9cnica, el canto de arm\u00f3nicos te transporta a estados de consciencia profundos, a estados de meditaci\u00f3n, de relajaci\u00f3n y de paz interior.<\/p>\n<p>Tambi\u00e9n te permite sentir la vibraci\u00f3n de cada vocal en tu cuerpo y conectar con tus chacras, o masajear y activar gl\u00e1ndulas como el timo, la tiroides, la hip\u00f3fisis o la pineal.<\/p>\n<p>El canto de arm\u00f3nicos es una forma divertida, terap\u00e9utica y profunda de explorar tu cuerpo y tus emociones.<\/p>\n<p>\u00a1Y lo mejor es que tod@s podemos hacerlo! Para iniciarte en el canto de arm\u00f3nicos no es necesario tener formaci\u00f3n musical ni de canto. Adem\u00e1s, \u00a1tu voz es a\u00fan m\u00e1s f\u00e1cil de transportar que tu arm\u00f3nica!<\/p>\n<p>En un taller de 3 horas se pueden aprender las t\u00e9cnicas b\u00e1sicas del canto de arm\u00f3nicos, descubrir las posibilidades que te brinda tu voz y explorar la relaci\u00f3n entre las vocales, los chacras y las emociones como herramienta de autoconocimiento y de sanaci\u00f3n.<\/p>\n\t\t\t\t\t\t\t\t<\/div>\n\t\t<div class=\"elementor-element elementor-element-930d7e6 e-con-full e-flex e-con e-child\" data-id=\"930d7e6\" data-element_type=\"container\" data-e-type=\"container\" data-settings=\"{&quot;background_background&quot;:&quot;slideshow&quot;,&quot;background_slideshow_gallery&quot;:[{&quot;id&quot;:1845,&quot;url&quot;:&quot;https:\\\/\\\/beharpy.com\\\/wp-content\\\/uploads\\\/2026\\\/02\\\/CANTS-HARMONICS-1.jpeg&quot;},{&quot;id&quot;:1846,&quot;url&quot;:&quot;https:\\\/\\\/beharpy.com\\\/wp-content\\\/uploads\\\/2026\\\/02\\\/CANTS-HARMONICS-2.avif&quot;}],&quot;background_slideshow_lazyload&quot;:&quot;yes&quot;,&quot;background_slideshow_ken_burns&quot;:&quot;yes&quot;,&quot;background_slideshow_loop&quot;:&quot;yes&quot;,&quot;background_slideshow_slide_duration&quot;:5000,&quot;background_slideshow_slide_transition&quot;:&quot;fade&quot;,&quot;background_slideshow_transition_duration&quot;:500,&quot;background_slideshow_ken_burns_zoom_direction&quot;:&quot;in&quot;}\">\n\t\t\t\t<\/div>\n\t\t\t\t<\/div>\n\t\t<div class=\"elementor-element elementor-element-82ee46e e-con-full e-flex e-con e-child\" data-id=\"82ee46e\" data-element_type=\"container\" data-e-type=\"container\">\n\t\t\t\t<div class=\"elementor-element elementor-element-26e25b5 elementor-widget elementor-widget-heading\" data-id=\"26e25b5\" data-element_type=\"widget\" data-e-type=\"widget\" data-widget_type=\"heading.default\">\n\t\t\t\t\t<h2 class=\"elementor-heading-title elementor-size-default\">Lo que el canto de arm\u00f3nicos significa para m\u00ed:<\/h2>\t\t\t\t<\/div>\n\t\t\t\t<div class=\"elementor-element elementor-element-edac0a0 elementor-widget elementor-widget-video\" data-id=\"edac0a0\" data-element_type=\"widget\" data-e-type=\"widget\" data-settings=\"{&quot;youtube_url&quot;:&quot;https:\\\/\\\/www.youtube.com\\\/watch?v=68veJ2CNIeI&quot;,&quot;video_type&quot;:&quot;youtube&quot;,&quot;controls&quot;:&quot;yes&quot;}\" data-widget_type=\"video.default\">\n\t\t\t\t\t\t\t<div class=\"elementor-wrapper elementor-open-inline\">\n\t\t\t<div class=\"elementor-video\"><\/div>\t\t<\/div>\n\t\t\t\t\t\t<\/div>\n\t\t\t\t<div class=\"elementor-element elementor-element-4e5e92a elementor-widget elementor-widget-video\" data-id=\"4e5e92a\" data-element_type=\"widget\" data-e-type=\"widget\" data-settings=\"{&quot;video_type&quot;:&quot;hosted&quot;,&quot;controls&quot;:&quot;yes&quot;}\" data-widget_type=\"video.default\">\n\t\t\t\t\t\t\t<div class=\"e-hosted-video elementor-wrapper elementor-open-inline\">\n\t\t\t\t\t<video class=\"elementor-video\" src=\"https:\/\/beharpy.com\/wp-content\/uploads\/2026\/02\/VIDEO-CANTS-HARMONICS.mp4\" controls=\"\" preload=\"metadata\" controlsList=\"nodownload\"><\/video>\n\t\t\t\t<\/div>\n\t\t\t\t\t\t<\/div>\n\t\t\t\t<\/div>\n\t\t\t\t<\/div>\n\t\t\t\t\t<\/div>\n\t\t\t\t<\/div>\n\t\t<div class=\"elementor-element elementor-element-5be98fd e-flex e-con-boxed e-con e-parent\" data-id=\"5be98fd\" data-element_type=\"container\" data-e-type=\"container\">\n\t\t\t\t\t<div class=\"e-con-inner\">\n\t\t<div class=\"elementor-element elementor-element-60f0880 e-con-full e-flex e-con e-child\" data-id=\"60f0880\" data-element_type=\"container\" data-e-type=\"container\" data-settings=\"{&quot;background_background&quot;:&quot;classic&quot;}\">\n\t\t<div class=\"elementor-element elementor-element-35bb2f9 e-con-full e-flex e-con e-child\" data-id=\"35bb2f9\" data-element_type=\"container\" data-e-type=\"container\">\n\t\t<a class=\"elementor-element elementor-element-d82b7a2 e-con-full e-transform animated-fast e-flex elementor-invisible e-con e-child\" data-id=\"d82b7a2\" data-element_type=\"container\" data-e-type=\"container\" data-settings=\"{&quot;background_background&quot;:&quot;classic&quot;,&quot;_transform_translateY_effect_hover&quot;:{&quot;unit&quot;:&quot;px&quot;,&quot;size&quot;:-10,&quot;sizes&quot;:[]},&quot;animation&quot;:&quot;bounceInDown&quot;,&quot;animation_mobile&quot;:&quot;none&quot;,&quot;animation_delay&quot;:400,&quot;_transform_translateX_effect_hover&quot;:{&quot;unit&quot;:&quot;px&quot;,&quot;size&quot;:&quot;&quot;,&quot;sizes&quot;:[]},&quot;_transform_translateX_effect_hover_tablet&quot;:{&quot;unit&quot;:&quot;px&quot;,&quot;size&quot;:&quot;&quot;,&quot;sizes&quot;:[]},&quot;_transform_translateX_effect_hover_mobile&quot;:{&quot;unit&quot;:&quot;px&quot;,&quot;size&quot;:&quot;&quot;,&quot;sizes&quot;:[]},&quot;_transform_translateY_effect_hover_tablet&quot;:{&quot;unit&quot;:&quot;px&quot;,&quot;size&quot;:&quot;&quot;,&quot;sizes&quot;:[]},&quot;_transform_translateY_effect_hover_mobile&quot;:{&quot;unit&quot;:&quot;px&quot;,&quot;size&quot;:&quot;&quot;,&quot;sizes&quot;:[]}}\" href=\"https:\/\/beharpy.com\/agenda\/\">\n\t\t\t\t<div class=\"elementor-element elementor-element-fda27ef giro elementor-widget elementor-widget-image\" data-id=\"fda27ef\" data-element_type=\"widget\" data-e-type=\"widget\" data-widget_type=\"image.default\">\n\t\t\t\t\t\t\t\t\t\t\t\t\t\t\t<img fetchpriority=\"high\" decoding=\"async\" width=\"800\" height=\"800\" src=\"https:\/\/beharpy.com\/wp-content\/uploads\/2026\/02\/arrow-right-up-354-svgrepo-com.svg\" class=\"attachment-full size-full wp-image-1799\" alt=\"Decorative arrow\" \/>\t\t\t\t\t\t\t\t\t\t\t\t\t\t\t<\/div>\n\t\t\t\t<div class=\"elementor-element elementor-element-867c234 elementor-widget elementor-widget-heading\" data-id=\"867c234\" data-element_type=\"widget\" data-e-type=\"widget\" data-widget_type=\"heading.default\">\n\t\t\t\t\t<h3 class=\"elementor-heading-title elementor-size-default\">En mi AGENDA ver\u00e1s publicados mis pr\u00f3ximos talleres.<\/h3>\t\t\t\t<\/div>\n\t\t\t\t<\/a>\n\t\t<a class=\"elementor-element elementor-element-8ee10bc e-con-full e-transform animated-fast e-flex elementor-invisible e-con e-child\" data-id=\"8ee10bc\" data-element_type=\"container\" data-e-type=\"container\" data-settings=\"{&quot;background_background&quot;:&quot;classic&quot;,&quot;_transform_translateY_effect_hover&quot;:{&quot;unit&quot;:&quot;px&quot;,&quot;size&quot;:-10,&quot;sizes&quot;:[]},&quot;animation&quot;:&quot;bounceInDown&quot;,&quot;animation_mobile&quot;:&quot;none&quot;,&quot;animation_delay&quot;:400,&quot;_transform_translateX_effect_hover&quot;:{&quot;unit&quot;:&quot;px&quot;,&quot;size&quot;:&quot;&quot;,&quot;sizes&quot;:[]},&quot;_transform_translateX_effect_hover_tablet&quot;:{&quot;unit&quot;:&quot;px&quot;,&quot;size&quot;:&quot;&quot;,&quot;sizes&quot;:[]},&quot;_transform_translateX_effect_hover_mobile&quot;:{&quot;unit&quot;:&quot;px&quot;,&quot;size&quot;:&quot;&quot;,&quot;sizes&quot;:[]},&quot;_transform_translateY_effect_hover_tablet&quot;:{&quot;unit&quot;:&quot;px&quot;,&quot;size&quot;:&quot;&quot;,&quot;sizes&quot;:[]},&quot;_transform_translateY_effect_hover_mobile&quot;:{&quot;unit&quot;:&quot;px&quot;,&quot;size&quot;:&quot;&quot;,&quot;sizes&quot;:[]}}\" href=\"https:\/\/beharpy.com\/contact\/\">\n\t\t\t\t<div class=\"elementor-element elementor-element-f78e31d giro elementor-widget elementor-widget-image\" data-id=\"f78e31d\" data-element_type=\"widget\" data-e-type=\"widget\" data-widget_type=\"image.default\">\n\t\t\t\t\t\t\t\t\t\t\t\t\t\t\t<img fetchpriority=\"high\" decoding=\"async\" width=\"800\" height=\"800\" src=\"https:\/\/beharpy.com\/wp-content\/uploads\/2026\/02\/arrow-right-up-354-svgrepo-com.svg\" class=\"attachment-full size-full wp-image-1799\" alt=\"Decorative arrow\" \/>\t\t\t\t\t\t\t\t\t\t\t\t\t\t\t<\/div>\n\t\t\t\t<div class=\"elementor-element elementor-element-70e2840 elementor-widget elementor-widget-heading\" data-id=\"70e2840\" data-element_type=\"widget\" data-e-type=\"widget\" data-widget_type=\"heading.default\">\n\t\t\t\t\t<h3 class=\"elementor-heading-title elementor-size-default\">O puedes contratar una sesi\u00f3n online conmigo. (Res\u00e9rvala aqu\u00ed)<\/h3>\t\t\t\t<\/div>\n\t\t\t\t<\/a>\n\t\t\t\t<\/div>\n\t\t<div class=\"elementor-element elementor-element-8b77141 e-con-full e-flex elementor-invisible e-con e-child\" data-id=\"8b77141\" data-element_type=\"container\" data-e-type=\"container\" data-settings=\"{&quot;animation&quot;:&quot;fadeInUp&quot;,&quot;animation_mobile&quot;:&quot;none&quot;}\">\n\t\t\t\t<div class=\"elementor-element elementor-element-f535ac2 elementor-widget-tablet__width-inherit elementor-widget elementor-widget-text-editor\" data-id=\"f535ac2\" data-element_type=\"widget\" data-e-type=\"widget\" data-widget_type=\"text-editor.default\">\n\t\t\t\t\t\t\t\t\tPuedes ponerte en contacto conmigo para organizar un taller de canto de arm\u00f3nicos en festivales, centros de yoga, escuelas de m\u00fasica, asociaciones o incluso para un grupo de amig@s!<br><br>Puedo dar los talleres en castellano, catal\u00e1n, ingl\u00e9s, franc\u00e9s y portugu\u00e9s.\t\t\t\t\t\t\t\t<\/div>\n\t\t\t\t<\/div>\n\t\t\t\t<\/div>\n\t\t\t\t\t<\/div>\n\t\t\t\t<\/div>\n\t\t\t\t<\/div>\n\t\t","protected":false},"excerpt":{"rendered":"<p>El canto de arm\u00f3nicos es una t\u00e9cnica que te permite emitir dos o m\u00e1s notas simult\u00e1neamente, como si sonara una flauta sobrepuesta a tu voz. M\u00e1s all\u00e1 de la t\u00e9cnica, [&hellip;]<\/p>\n","protected":false},"author":2,"featured_media":0,"parent":0,"menu_order":0,"comment_status":"closed","ping_status":"closed","template":"page-templates\/pagebuilder.php","meta":{"zakra_page_container_layout":"customizer","zakra_page_sidebar_layout":"customizer","zakra_remove_content_margin":false,"zakra_sidebar":"customizer","zakra_transparent_header":"customizer","zakra_logo":0,"zakra_main_header_style":"default","zakra_menu_item_color":"","zakra_menu_item_hover_color":"","zakra_menu_item_active_color":"","zakra_menu_active_style":"","zakra_page_header":true,"inline_featured_image":false,"footnotes":""},"class_list":["post-1847","page","type-page","status-publish","hentry"],"_links":{"self":[{"href":"https:\/\/beharpy.com\/es\/wp-json\/wp\/v2\/pages\/1847","targetHints":{"allow":["GET"]}}],"collection":[{"href":"https:\/\/beharpy.com\/es\/wp-json\/wp\/v2\/pages"}],"about":[{"href":"https:\/\/beharpy.com\/es\/wp-json\/wp\/v2\/types\/page"}],"author":[{"embeddable":true,"href":"https:\/\/beharpy.com\/es\/wp-json\/wp\/v2\/users\/2"}],"replies":[{"embeddable":true,"href":"https:\/\/beharpy.com\/es\/wp-json\/wp\/v2\/comments?post=1847"}],"version-history":[{"count":1,"href":"https:\/\/beharpy.com\/es\/wp-json\/wp\/v2\/pages\/1847\/revisions"}],"predecessor-version":[{"id":1848,"href":"https:\/\/beharpy.com\/es\/wp-json\/wp\/v2\/pages\/1847\/revisions\/1848"}],"wp:attachment":[{"href":"https:\/\/beharpy.com\/es\/wp-json\/wp\/v2\/media?parent=1847"}],"curies":[{"name":"wp","href":"https:\/\/api.w.org\/{rel}","templated":true}]}}