{"id":1989,"date":"2026-02-25T12:27:14","date_gmt":"2026-02-25T11:27:14","guid":{"rendered":"https:\/\/beharpy.com\/product\/armonica-beharpy-color-negro\/"},"modified":"2026-02-25T12:27:14","modified_gmt":"2026-02-25T11:27:14","slug":"armonica-beharpy-color-negro","status":"publish","type":"product","link":"https:\/\/beharpy.com\/es\/producto\/armonica-beharpy-color-negro\/","title":{"rendered":"Arm\u00f3nica BeHarpy Color Negro"},"content":{"rendered":"","protected":false},"excerpt":{"rendered":"<p>Arm\u00f3nica diat\u00f3nica profesional BeHarpy personalizada de color negro, Easttop T008K de 10 agujeros, peine de ABS, leng\u00fcetas de lat\u00f3n, en tonalidad de sol, con funda con cremallera BeHarpy.<\/p>\n","protected":false},"featured_media":1987,"template":"","meta":{"zakra_page_container_layout":"customizer","zakra_page_sidebar_layout":"customizer","zakra_remove_content_margin":false,"zakra_sidebar":"customizer","zakra_transparent_header":"customizer","zakra_logo":0,"zakra_main_header_style":"default","zakra_menu_item_color":"","zakra_menu_item_hover_color":"","zakra_menu_item_active_color":"","zakra_menu_active_style":"","zakra_page_header":true,"inline_featured_image":false},"product_brand":[],"product_cat":[48],"product_tag":[],"class_list":{"0":"post-1989","1":"product","2":"type-product","3":"status-publish","4":"has-post-thumbnail","6":"product_cat-armonica","7":"product_shipping_class-harmonica-beharpy","9":"first","10":"instock","11":"taxable","12":"shipping-taxable","13":"purchasable","14":"product-type-simple"},"_links":{"self":[{"href":"https:\/\/beharpy.com\/es\/wp-json\/wp\/v2\/product\/1989","targetHints":{"allow":["GET"]}}],"collection":[{"href":"https:\/\/beharpy.com\/es\/wp-json\/wp\/v2\/product"}],"about":[{"href":"https:\/\/beharpy.com\/es\/wp-json\/wp\/v2\/types\/product"}],"wp:featuredmedia":[{"embeddable":true,"href":"https:\/\/beharpy.com\/es\/wp-json\/wp\/v2\/media\/1987"}],"wp:attachment":[{"href":"https:\/\/beharpy.com\/es\/wp-json\/wp\/v2\/media?parent=1989"}],"wp:term":[{"taxonomy":"product_brand","embeddable":true,"href":"https:\/\/beharpy.com\/es\/wp-json\/wp\/v2\/product_brand?post=1989"},{"taxonomy":"product_cat","embeddable":true,"href":"https:\/\/beharpy.com\/es\/wp-json\/wp\/v2\/product_cat?post=1989"},{"taxonomy":"product_tag","embeddable":true,"href":"https:\/\/beharpy.com\/es\/wp-json\/wp\/v2\/product_tag?post=1989"}],"curies":[{"name":"wp","href":"https:\/\/api.w.org\/{rel}","templated":true}]}}