{"id":2004,"date":"2026-02-26T18:08:21","date_gmt":"2026-02-26T17:08:21","guid":{"rendered":"https:\/\/beharpy.com\/product\/armonica-easttop-t008k-negra-tonalidad-de-do\/"},"modified":"2026-02-26T18:08:21","modified_gmt":"2026-02-26T17:08:21","slug":"armonica-easttop-t008k-negra-tonalidad-de-do","status":"publish","type":"product","link":"https:\/\/beharpy.com\/es\/producto\/armonica-easttop-t008k-negra-tonalidad-de-do\/","title":{"rendered":"Arm\u00f3nica Easttop T008K Negra \u2013 Tonalidad de Do"},"content":{"rendered":"","protected":false},"excerpt":{"rendered":"<p>Arm\u00f3nica diat\u00f3nica profesional Easttop T008K de 10 agujeros, peine de ABS, leng\u00fcetas de lat\u00f3n, con funda con cremallera. Tonalidad de do. Negra.<\/p>\n","protected":false},"featured_media":2002,"template":"","meta":{"zakra_page_container_layout":"customizer","zakra_page_sidebar_layout":"customizer","zakra_remove_content_margin":false,"zakra_sidebar":"customizer","zakra_transparent_header":"customizer","zakra_logo":0,"zakra_main_header_style":"default","zakra_menu_item_color":"","zakra_menu_item_hover_color":"","zakra_menu_item_active_color":"","zakra_menu_active_style":"","zakra_page_header":true,"inline_featured_image":false},"product_brand":[],"product_cat":[48],"product_tag":[],"class_list":{"0":"post-2004","1":"product","2":"type-product","3":"status-publish","4":"has-post-thumbnail","6":"product_cat-armonica","8":"first","9":"instock","10":"taxable","11":"shipping-taxable","12":"purchasable","13":"product-type-simple"},"_links":{"self":[{"href":"https:\/\/beharpy.com\/es\/wp-json\/wp\/v2\/product\/2004","targetHints":{"allow":["GET"]}}],"collection":[{"href":"https:\/\/beharpy.com\/es\/wp-json\/wp\/v2\/product"}],"about":[{"href":"https:\/\/beharpy.com\/es\/wp-json\/wp\/v2\/types\/product"}],"wp:featuredmedia":[{"embeddable":true,"href":"https:\/\/beharpy.com\/es\/wp-json\/wp\/v2\/media\/2002"}],"wp:attachment":[{"href":"https:\/\/beharpy.com\/es\/wp-json\/wp\/v2\/media?parent=2004"}],"wp:term":[{"taxonomy":"product_brand","embeddable":true,"href":"https:\/\/beharpy.com\/es\/wp-json\/wp\/v2\/product_brand?post=2004"},{"taxonomy":"product_cat","embeddable":true,"href":"https:\/\/beharpy.com\/es\/wp-json\/wp\/v2\/product_cat?post=2004"},{"taxonomy":"product_tag","embeddable":true,"href":"https:\/\/beharpy.com\/es\/wp-json\/wp\/v2\/product_tag?post=2004"}],"curies":[{"name":"wp","href":"https:\/\/api.w.org\/{rel}","templated":true}]}}