{"id":2016,"date":"2026-02-26T08:37:26","date_gmt":"2026-02-26T07:37:26","guid":{"rendered":"https:\/\/beharpy.com\/product\/pack-de-7-armonicas-easttop\/"},"modified":"2026-02-26T08:37:26","modified_gmt":"2026-02-26T07:37:26","slug":"pack-de-7-armonicas-easttop","status":"publish","type":"product","link":"https:\/\/beharpy.com\/es\/producto\/pack-de-7-armonicas-easttop\/","title":{"rendered":"Pack de 7 arm\u00f3nicas Easttop"},"content":{"rendered":"","protected":false},"excerpt":{"rendered":"<p><strong>Do, Re, La, Fa, Si bemol, Fa grave y BeHarpy (Sol)<\/strong><br \/>\nPack de 7 arm\u00f3nicas diat\u00f3nicas profesionales Easttop T008K negras de 10 agujeros, peine de ABS, leng\u00fcetas de lat\u00f3n y estuche. Tonalidades: Do, Re, La, Fa, Si bemol, Fa grave y Sol. (La arm\u00f3nica BeHarpy viene con estuche con cremallera BeHarpy)<\/p>\n","protected":false},"featured_media":2015,"template":"","meta":{"zakra_page_container_layout":"customizer","zakra_page_sidebar_layout":"customizer","zakra_remove_content_margin":false,"zakra_sidebar":"customizer","zakra_transparent_header":"customizer","zakra_logo":0,"zakra_main_header_style":"default","zakra_menu_item_color":"","zakra_menu_item_hover_color":"","zakra_menu_item_active_color":"","zakra_menu_active_style":"","zakra_page_header":true,"inline_featured_image":false},"product_brand":[],"product_cat":[48],"product_tag":[],"class_list":{"0":"post-2016","1":"product","2":"type-product","3":"status-publish","4":"has-post-thumbnail","6":"product_cat-armonica","8":"first","9":"instock","10":"taxable","11":"shipping-taxable","12":"purchasable","13":"product-type-simple"},"_links":{"self":[{"href":"https:\/\/beharpy.com\/es\/wp-json\/wp\/v2\/product\/2016","targetHints":{"allow":["GET"]}}],"collection":[{"href":"https:\/\/beharpy.com\/es\/wp-json\/wp\/v2\/product"}],"about":[{"href":"https:\/\/beharpy.com\/es\/wp-json\/wp\/v2\/types\/product"}],"wp:featuredmedia":[{"embeddable":true,"href":"https:\/\/beharpy.com\/es\/wp-json\/wp\/v2\/media\/2015"}],"wp:attachment":[{"href":"https:\/\/beharpy.com\/es\/wp-json\/wp\/v2\/media?parent=2016"}],"wp:term":[{"taxonomy":"product_brand","embeddable":true,"href":"https:\/\/beharpy.com\/es\/wp-json\/wp\/v2\/product_brand?post=2016"},{"taxonomy":"product_cat","embeddable":true,"href":"https:\/\/beharpy.com\/es\/wp-json\/wp\/v2\/product_cat?post=2016"},{"taxonomy":"product_tag","embeddable":true,"href":"https:\/\/beharpy.com\/es\/wp-json\/wp\/v2\/product_tag?post=2016"}],"curies":[{"name":"wp","href":"https:\/\/api.w.org\/{rel}","templated":true}]}}