{"id":2493,"date":"2026-01-28T10:51:56","date_gmt":"2026-01-28T09:51:56","guid":{"rendered":"https:\/\/beharpy.com\/respiration-circulaire\/"},"modified":"2026-04-29T18:06:54","modified_gmt":"2026-04-29T16:06:54","slug":"respiration-circulaire","status":"publish","type":"page","link":"https:\/\/beharpy.com\/fr\/respiration-circulaire\/","title":{"rendered":"Respiration Circulaire"},"content":{"rendered":"\t\t<div data-elementor-type=\"wp-page\" data-elementor-id=\"2493\" class=\"elementor elementor-2493 elementor-115\" data-elementor-post-type=\"page\">\n\t\t\t\t<div class=\"elementor-element elementor-element-e0b98e0 e-flex e-con-boxed e-con e-parent\" data-id=\"e0b98e0\" data-element_type=\"container\" data-e-type=\"container\" data-settings=\"{&quot;background_background&quot;:&quot;classic&quot;}\">\n\t\t\t\t\t<div class=\"e-con-inner\">\n\t\t<div class=\"elementor-element elementor-element-ca5d884 e-con-full e-flex e-con e-child\" data-id=\"ca5d884\" data-element_type=\"container\" data-e-type=\"container\" data-settings=\"{&quot;background_background&quot;:&quot;classic&quot;}\">\n\t\t\t\t<div class=\"elementor-element elementor-element-a2ca568 animated-fast elementor-invisible elementor-widget elementor-widget-heading\" data-id=\"a2ca568\" data-element_type=\"widget\" data-e-type=\"widget\" data-settings=\"{&quot;_animation&quot;:&quot;fadeInUp&quot;,&quot;_animation_mobile&quot;:&quot;none&quot;}\" data-widget_type=\"heading.default\">\n\t\t\t\t\t<h1 class=\"elementor-heading-title elementor-size-default\">Respiration Circulaire<\/h1>\t\t\t\t<\/div>\n\t\t\t\t<\/div>\n\t\t<div class=\"elementor-element elementor-element-7068db8 e-con-full e-flex e-con e-child\" data-id=\"7068db8\" data-element_type=\"container\" data-e-type=\"container\" data-settings=\"{&quot;background_background&quot;:&quot;classic&quot;}\">\n\t\t<div class=\"elementor-element elementor-element-2fd362c e-con-full e-flex elementor-invisible e-con e-child\" data-id=\"2fd362c\" data-element_type=\"container\" data-e-type=\"container\" data-settings=\"{&quot;animation&quot;:&quot;fadeInUp&quot;,&quot;animation_mobile&quot;:&quot;none&quot;}\">\n\t\t\t\t<div class=\"elementor-element elementor-element-d965bf7 elementor-widget elementor-widget-text-editor\" data-id=\"d965bf7\" data-element_type=\"widget\" data-e-type=\"widget\" data-widget_type=\"text-editor.default\">\n\t\t\t\t\t\t\t\t\t<p>La respiration circulaire est une technique qui permet de produire un son continu aussi bien sur les notes et accords souffl\u00e9s que aspir\u00e9s d\u2019un harmonica.<\/p>\n<p>J\u2019ai commenc\u00e9 \u00e0 jouer du didjeridoo il y a environ 15 ans et, apr\u00e8s un certain temps, j\u2019ai ma\u00eetris\u00e9 la technique de la respiration circulaire, mais quelques ann\u00e9es plus tard, j\u2019ai r\u00e9alis\u00e9 que cela pouvait se faire dans l\u2019autre sens, c\u2019est-\u00e0-dire\u2026 en inspirant! Et quel instrument produit du son lorsqu\u2019on inspire? C\u2019est \u00e7a! L\u2019harmonica!<\/p>\n<p>Je m\u2019en suis rendu compte en observant un ami fumer: il tirait une bouff\u00e9e de cigarette et, en m\u00eame temps, il rel\u00e2chait par le nez la fum\u00e9e qui se trouvait dans ses poumons depuis la bouff\u00e9e pr\u00e9c\u00e9dente. Il inspirait effectivement par la bouche (de la fum\u00e9e, oui) et expirait par le nez (de la fum\u00e9e, oui) en m\u00eame temps! \u00c0 cet instant pr\u00e9cis, je me suis imagin\u00e9 jouer un accord infini et chaleureux sur mon harmonica. Je suis rentr\u00e9 chez moi, j\u2019ai attrap\u00e9 un harmonica en Sol (G) et c\u2019\u00e9tait l\u00e0, aussi simple que \u00e7a! Je trouve aujourd\u2019hui la respiration circulaire \u00e0 l\u2019inspiration encore plus facile que la respiration circulaire classique, c\u2019est-\u00e0-dire en soufflant. Et, sans aucun doute, les accords aspir\u00e9s me semblent beaucoup plus riches que les accords souffl\u00e9s.<\/p>\n<p>Pendant des ann\u00e9es, j\u2019ai utilis\u00e9 ces accords infinis sur des harmonicas graves pour accompagner des m\u00e9ditations sonores, avec mon didjeridoo, le chant diphonique et des bols tib\u00e9tains.<\/p>\n<p>La premi\u00e8re fois que j\u2019ai jou\u00e9 la respiration circulaire \u00e0 l\u2019inspiration sur une sc\u00e8ne d\u2019harmonica, c\u2019\u00e9tait en 2018, aux Harmonica Masters \u00e0 Trossingen, avec un invit\u00e9 tr\u00e8s sp\u00e9cial, <em>le fabuleux, l\u2019unique<\/em> <span style=\"text-decoration: underline;\"><span style=\"color: #003366;\"><a style=\"color: #003366;\" href=\"https:\/\/gregzlap.store\/\" target=\"_blank\" rel=\"noopener nofollow\"><strong>Greg Zlap<\/strong><\/a><\/span><\/span>. Regarde cette extrait!<\/p>\n\t\t\t\t\t\t\t\t<\/div>\n\t\t\t\t<\/div>\n\t\t<div class=\"elementor-element elementor-element-e731670 e-con-full e-flex e-con e-child\" data-id=\"e731670\" data-element_type=\"container\" data-e-type=\"container\">\n\t\t\t\t<div class=\"elementor-element elementor-element-c2b1830 elementor-widget elementor-widget-video\" data-id=\"c2b1830\" data-element_type=\"widget\" data-e-type=\"widget\" data-settings=\"{&quot;youtube_url&quot;:&quot;https:\\\/\\\/www.youtube.com\\\/watch?v=esLcVpO5uPo&quot;,&quot;video_type&quot;:&quot;youtube&quot;,&quot;controls&quot;:&quot;yes&quot;}\" data-widget_type=\"video.default\">\n\t\t\t\t\t\t\t<div class=\"elementor-wrapper elementor-open-inline\">\n\t\t\t<div class=\"elementor-video\"><\/div>\t\t<\/div>\n\t\t\t\t\t\t<\/div>\n\t\t\t\t<\/div>\n\t\t\t\t<\/div>\n\t\t<div class=\"elementor-element elementor-element-9e43ffb e-con-full e-flex e-con e-child\" data-id=\"9e43ffb\" data-element_type=\"container\" data-e-type=\"container\" data-settings=\"{&quot;background_background&quot;:&quot;classic&quot;}\">\n\t\t<div class=\"elementor-element elementor-element-cd1ab35 e-con-full e-flex elementor-invisible e-con e-child\" data-id=\"cd1ab35\" data-element_type=\"container\" data-e-type=\"container\" data-settings=\"{&quot;animation&quot;:&quot;fadeInUp&quot;,&quot;animation_mobile&quot;:&quot;none&quot;}\">\n\t\t\t\t<div class=\"elementor-element elementor-element-2f75d67 elementor-widget elementor-widget-heading\" data-id=\"2f75d67\" data-element_type=\"widget\" data-e-type=\"widget\" data-widget_type=\"heading.default\">\n\t\t\t\t\t<h2 class=\"elementor-heading-title elementor-size-default\">Encourag\u00e9 par Joe Filisko et Andras Csaba, j\u2019ai commenc\u00e9 \u00e0 d\u00e9velopper la technique et j\u2019ai appris \u00e0 jouer diff\u00e9rents rythmes, \u00e0 ajouter des sons vocaux et \u00e0 essayer d\u2019imiter un didjeridoo avec l\u2019harmonica.<\/h2>\t\t\t\t<\/div>\n\t\t\t\t<\/div>\n\t\t<div class=\"elementor-element elementor-element-3ee4c37 e-con-full e-flex e-con e-child\" data-id=\"3ee4c37\" data-element_type=\"container\" data-e-type=\"container\">\n\t\t\t\t<div class=\"elementor-element elementor-element-c84189a elementor-widget elementor-widget-video\" data-id=\"c84189a\" data-element_type=\"widget\" data-e-type=\"widget\" data-settings=\"{&quot;youtube_url&quot;:&quot;https:\\\/\\\/www.youtube.com\\\/watch?v=3G1c1Jm6p4w&quot;,&quot;video_type&quot;:&quot;youtube&quot;,&quot;controls&quot;:&quot;yes&quot;}\" data-widget_type=\"video.default\">\n\t\t\t\t\t\t\t<div class=\"elementor-wrapper elementor-open-inline\">\n\t\t\t<div class=\"elementor-video\"><\/div>\t\t<\/div>\n\t\t\t\t\t\t<\/div>\n\t\t\t\t<\/div>\n\t\t\t\t<\/div>\n\t\t\t\t\t<\/div>\n\t\t\t\t<\/div>\n\t\t<div class=\"elementor-element elementor-element-05ed630 e-flex e-con-boxed e-con e-parent\" data-id=\"05ed630\" data-element_type=\"container\" data-e-type=\"container\" data-settings=\"{&quot;background_background&quot;:&quot;classic&quot;}\">\n\t\t\t\t\t<div class=\"e-con-inner\">\n\t\t<div class=\"elementor-element elementor-element-8831578 e-con-full e-flex e-con e-child\" data-id=\"8831578\" data-element_type=\"container\" data-e-type=\"container\" data-settings=\"{&quot;background_background&quot;:&quot;classic&quot;}\">\n\t\t<div class=\"elementor-element elementor-element-f6c7a15 e-con-full e-flex elementor-invisible e-con e-child\" data-id=\"f6c7a15\" data-element_type=\"container\" data-e-type=\"container\" data-settings=\"{&quot;animation&quot;:&quot;fadeInUp&quot;,&quot;animation_mobile&quot;:&quot;none&quot;}\">\n\t\t\t\t<div class=\"elementor-element elementor-element-b30a326 elementor-widget elementor-widget-text-editor\" data-id=\"b30a326\" data-element_type=\"widget\" data-e-type=\"widget\" data-widget_type=\"text-editor.default\">\n\t\t\t\t\t\t\t\t\t<p>J\u2019ai r\u00e9alis\u00e9 que l\u2019apprentissage de cette technique t\u2019oblige \u00e0 sortir de ta zone de confort et te pousse \u00e0 travailler de mani\u00e8re plus consciente sur ta respiration, en particulier sur ton diaphragme.<\/p>\n<p>En 2025, on m\u2019a propos\u00e9 de tenter un Record du Monde pour le \u201cPlus long accord d\u2019harmonica\u201d. J\u2019ai inspir\u00e9 un accord pendant 31 minutes et 31 secondes cons\u00e9cutives lors du World Harmonica Festival \u00e0 Trossingen, en Allemagne.<\/p>\n<p>Tu peux trouver la vid\u00e9o compl\u00e8te sur l\u2019Instagram de hohnerharmonica.<br \/>Tu peux \u00e9galement utiliser la respiration circulaire \u00e0 l\u2019inspiration lorsque tu joues normalement, par exemple comme accompagnement, ou lorsque tu manques d\u2019air sur une inspiration particuli\u00e8rement longue. Il s\u2019agit d\u2019une technique de respiration suppl\u00e9mentaire que tu peux apprendre et qui peut t\u2019\u00eatre utile.<\/p>\n\t\t\t\t\t\t\t\t<\/div>\n\t\t\t\t<div class=\"elementor-element elementor-element-43988e2 elementor-widget elementor-widget-heading\" data-id=\"43988e2\" data-element_type=\"widget\" data-e-type=\"widget\" data-widget_type=\"heading.default\">\n\t\t\t\t\t<h3 class=\"elementor-heading-title elementor-size-default\">Tu peux r\u00e9server une session en ligne avec moi! Il suffit g\u00e9n\u00e9ralement d\u2019UN seul cours pour comprendre la technique et commencer. Ensuite, c\u2019est \u00e0 toi de la ma\u00eetriser! <\/h3>\t\t\t\t<\/div>\n\t\t<a class=\"elementor-element elementor-element-a0f2c5c e-con-full e-transform animated-fast e-flex elementor-invisible e-con e-child\" data-id=\"a0f2c5c\" data-element_type=\"container\" data-e-type=\"container\" data-settings=\"{&quot;background_background&quot;:&quot;classic&quot;,&quot;_transform_translateY_effect_hover&quot;:{&quot;unit&quot;:&quot;px&quot;,&quot;size&quot;:-10,&quot;sizes&quot;:[]},&quot;animation&quot;:&quot;bounceInDown&quot;,&quot;animation_mobile&quot;:&quot;none&quot;,&quot;animation_delay&quot;:400,&quot;_transform_translateX_effect_hover&quot;:{&quot;unit&quot;:&quot;px&quot;,&quot;size&quot;:&quot;&quot;,&quot;sizes&quot;:[]},&quot;_transform_translateX_effect_hover_tablet&quot;:{&quot;unit&quot;:&quot;px&quot;,&quot;size&quot;:&quot;&quot;,&quot;sizes&quot;:[]},&quot;_transform_translateX_effect_hover_mobile&quot;:{&quot;unit&quot;:&quot;px&quot;,&quot;size&quot;:&quot;&quot;,&quot;sizes&quot;:[]},&quot;_transform_translateY_effect_hover_tablet&quot;:{&quot;unit&quot;:&quot;px&quot;,&quot;size&quot;:&quot;&quot;,&quot;sizes&quot;:[]},&quot;_transform_translateY_effect_hover_mobile&quot;:{&quot;unit&quot;:&quot;px&quot;,&quot;size&quot;:&quot;&quot;,&quot;sizes&quot;:[]}}\" href=\"https:\/\/beharpy.com\/contact\/\">\n\t\t\t\t<div class=\"elementor-element elementor-element-de31711 giro elementor-widget elementor-widget-image\" data-id=\"de31711\" data-element_type=\"widget\" data-e-type=\"widget\" data-widget_type=\"image.default\">\n\t\t\t\t\t\t\t\t\t\t\t\t\t\t\t<img fetchpriority=\"high\" decoding=\"async\" width=\"800\" height=\"800\" src=\"https:\/\/beharpy.com\/wp-content\/uploads\/2026\/02\/arrow-right-up-354-svgrepo-com.svg\" class=\"attachment-full size-full wp-image-2438\" alt=\"Decorative arrow\" \/>\t\t\t\t\t\t\t\t\t\t\t\t\t\t\t<\/div>\n\t\t\t\t<div class=\"elementor-element elementor-element-3d0bb7f elementor-widget elementor-widget-heading\" data-id=\"3d0bb7f\" data-element_type=\"widget\" data-e-type=\"widget\" data-widget_type=\"heading.default\">\n\t\t\t\t\t<div class=\"elementor-heading-title elementor-size-default\">R\u00e9serve ici<\/div>\t\t\t\t<\/div>\n\t\t\t\t<\/a>\n\t\t\t\t<\/div>\n\t\t<div class=\"elementor-element elementor-element-80fcc58 e-con-full e-flex e-con e-child\" data-id=\"80fcc58\" data-element_type=\"container\" data-e-type=\"container\">\n\t\t\t\t<div class=\"elementor-element elementor-element-5663549 elementor-widget elementor-widget-heading\" data-id=\"5663549\" data-element_type=\"widget\" data-e-type=\"widget\" data-widget_type=\"heading.default\">\n\t\t\t\t\t<h3 class=\"elementor-heading-title elementor-size-default\">Voici un tutoriel de Respiration Circulaire \u00e0 l\u2019Inspiration en 3 \u00e9tapes simples:<\/h3>\t\t\t\t<\/div>\n\t\t\t\t<div class=\"elementor-element elementor-element-8a52a89 elementor-widget elementor-widget-video\" data-id=\"8a52a89\" data-element_type=\"widget\" data-e-type=\"widget\" data-settings=\"{&quot;youtube_url&quot;:&quot;https:\\\/\\\/www.youtube.com\\\/watch?v=XHH0eDrD9SQ&quot;,&quot;video_type&quot;:&quot;youtube&quot;,&quot;controls&quot;:&quot;yes&quot;}\" data-widget_type=\"video.default\">\n\t\t\t\t\t\t\t<div class=\"elementor-wrapper elementor-open-inline\">\n\t\t\t<div class=\"elementor-video\"><\/div>\t\t<\/div>\n\t\t\t\t\t\t<\/div>\n\t\t\t\t<\/div>\n\t\t\t\t<\/div>\n\t\t\t\t\t<\/div>\n\t\t\t\t<\/div>\n\t\t\t\t<\/div>\n\t\t","protected":false},"excerpt":{"rendered":"<p>La respiration circulaire est une technique qui permet de produire un son continu aussi bien sur les notes et accords souffl\u00e9s que aspir\u00e9s d\u2019un harmonica. J\u2019ai commenc\u00e9 \u00e0 jouer du [&hellip;]<\/p>\n","protected":false},"author":2,"featured_media":0,"parent":0,"menu_order":0,"comment_status":"closed","ping_status":"closed","template":"page-templates\/pagebuilder.php","meta":{"zakra_page_container_layout":"customizer","zakra_page_sidebar_layout":"customizer","zakra_remove_content_margin":false,"zakra_sidebar":"customizer","zakra_transparent_header":"customizer","zakra_logo":0,"zakra_main_header_style":"default","zakra_menu_item_color":"","zakra_menu_item_hover_color":"","zakra_menu_item_active_color":"","zakra_menu_active_style":"","zakra_page_header":true,"inline_featured_image":false,"footnotes":""},"class_list":["post-2493","page","type-page","status-publish","hentry"],"_links":{"self":[{"href":"https:\/\/beharpy.com\/fr\/wp-json\/wp\/v2\/pages\/2493","targetHints":{"allow":["GET"]}}],"collection":[{"href":"https:\/\/beharpy.com\/fr\/wp-json\/wp\/v2\/pages"}],"about":[{"href":"https:\/\/beharpy.com\/fr\/wp-json\/wp\/v2\/types\/page"}],"author":[{"embeddable":true,"href":"https:\/\/beharpy.com\/fr\/wp-json\/wp\/v2\/users\/2"}],"replies":[{"embeddable":true,"href":"https:\/\/beharpy.com\/fr\/wp-json\/wp\/v2\/comments?post=2493"}],"version-history":[{"count":3,"href":"https:\/\/beharpy.com\/fr\/wp-json\/wp\/v2\/pages\/2493\/revisions"}],"predecessor-version":[{"id":2657,"href":"https:\/\/beharpy.com\/fr\/wp-json\/wp\/v2\/pages\/2493\/revisions\/2657"}],"wp:attachment":[{"href":"https:\/\/beharpy.com\/fr\/wp-json\/wp\/v2\/media?parent=2493"}],"curies":[{"name":"wp","href":"https:\/\/api.w.org\/{rel}","templated":true}]}}