{"id":2511,"date":"2026-02-23T09:47:23","date_gmt":"2026-02-23T08:47:23","guid":{"rendered":"https:\/\/beharpy.com\/harmonica\/"},"modified":"2026-04-29T18:15:07","modified_gmt":"2026-04-29T16:15:07","slug":"harmonica","status":"publish","type":"page","link":"https:\/\/beharpy.com\/fr\/harmonica\/","title":{"rendered":"Harmonica"},"content":{"rendered":"\t\t<div data-elementor-type=\"wp-page\" data-elementor-id=\"2511\" class=\"elementor elementor-2511 elementor-1568\" data-elementor-post-type=\"page\">\n\t\t\t\t<div class=\"elementor-element elementor-element-4d30959 e-flex e-con-boxed e-con e-parent\" data-id=\"4d30959\" data-element_type=\"container\" data-e-type=\"container\" data-settings=\"{&quot;background_background&quot;:&quot;classic&quot;}\">\n\t\t\t\t\t<div class=\"e-con-inner\">\n\t\t<div class=\"elementor-element elementor-element-b28780f e-con-full e-flex e-con e-child\" data-id=\"b28780f\" data-element_type=\"container\" data-e-type=\"container\" data-settings=\"{&quot;background_background&quot;:&quot;classic&quot;}\">\n\t\t\t\t<div class=\"elementor-element elementor-element-c61a66c animated-fast elementor-invisible elementor-widget elementor-widget-heading\" data-id=\"c61a66c\" data-element_type=\"widget\" data-e-type=\"widget\" data-settings=\"{&quot;_animation&quot;:&quot;fadeInUp&quot;,&quot;_animation_mobile&quot;:&quot;none&quot;}\" data-widget_type=\"heading.default\">\n\t\t\t\t\t<h1 class=\"elementor-heading-title elementor-size-default\">L\u2019HARMONICA, AU-DEL\u00c0 DE L\u2019INSTRUMENT<\/h1>\t\t\t\t<\/div>\n\t\t\t\t<\/div>\n\t\t<div class=\"elementor-element elementor-element-832cf86 e-con-full e-flex e-con e-child\" data-id=\"832cf86\" data-element_type=\"container\" data-e-type=\"container\" data-settings=\"{&quot;background_background&quot;:&quot;classic&quot;}\">\n\t\t<div class=\"elementor-element elementor-element-c0610df e-con-full e-flex elementor-invisible e-con e-child\" data-id=\"c0610df\" data-element_type=\"container\" data-e-type=\"container\" data-settings=\"{&quot;animation&quot;:&quot;fadeInUp&quot;,&quot;animation_mobile&quot;:&quot;none&quot;}\">\n\t\t\t\t<div class=\"elementor-element elementor-element-0a88dd7 elementor-widget elementor-widget-heading\" data-id=\"0a88dd7\" data-element_type=\"widget\" data-e-type=\"widget\" data-widget_type=\"heading.default\">\n\t\t\t\t\t<div class=\"elementor-heading-title elementor-size-default\">ATELIER D\u2019HARMONICA ET RESPIRATION, BAS\u00c9 SUR LE COURS \u00abRESPIRATION CONSCIENTE: LES 7 \u00c9TAPES\u00bb<\/div>\t\t\t\t<\/div>\n\t\t\t\t<div class=\"elementor-element elementor-element-aaa1092 elementor-widget elementor-widget-text-editor\" data-id=\"aaa1092\" data-element_type=\"widget\" data-e-type=\"widget\" data-widget_type=\"text-editor.default\">\n\t\t\t\t\t\t\t\t\t<p>Quel impact a l\u2019harmonica sur notre sant\u00e9 et nos \u00e9motions? Comment<br \/>faire de l\u2019harmonica un outil d\u2019auto-connaissance, une porte d\u2019entr\u00e9e vers<br \/>des \u00e9tats m\u00e9ditatifs, un chemin vers le bonheur?<\/p>\n<p>Il y a une s\u00e9rie d\u2019exercices respiratoires tr\u00e8s simples qui nous aident \u00e0<br \/>\u00e9quilibrer le syst\u00e8me nerveux et \u00e0 trouver l\u2019\u00e9tat le plus optimal pour jouer<br \/>de l\u2019harmonica. Ces exercices nous permettent \u00e9galement de pratiquer<br \/>des techniques que nous utilisons lorsque nous jouons de l\u2019harmonica et<br \/>que nous n\u00e9gligeons souvent.<\/p>\n<p>Travailler sur des pratiques de pleine conscience \u00e0 l\u2019aide de l\u2019harmonica<br \/>am\u00e9liorera ta conscience lorsque tu joues.<\/p>\n<p>Cet atelier est con\u00e7u pour vous connecter avec votre respiration \u00e0 travers<br \/>l\u2019harmonica. Si vous jouez d\u00e9j\u00e0 de l\u2019harmonica, cela vous aidera \u00e0<br \/>am\u00e9liorer votre ton et votre technique, mais si vous n\u2019en avez jamais jou\u00e9,<br \/>cela vous r\u00e9v\u00e9lera une nouvelle fa\u00e7on de respirer plus consciemment.<br \/>Jouer de l\u2019harmonica et apprendre diff\u00e9rentes techniques de respiration<br \/>est un atout suppl\u00e9mentaire qui ne peut que vous \u00eatre b\u00e9n\u00e9fique!<\/p>\n<p>Dur\u00e9e recommand\u00e9e: 3 heures<\/p>\n\t\t\t\t\t\t\t\t<\/div>\n\t\t\t\t<\/div>\n\t\t<div class=\"elementor-element elementor-element-902dcb0 e-con-full e-flex e-con e-child\" data-id=\"902dcb0\" data-element_type=\"container\" data-e-type=\"container\">\n\t\t<div class=\"elementor-element elementor-element-373cc37 e-con-full e-flex e-con e-child\" data-id=\"373cc37\" data-element_type=\"container\" data-e-type=\"container\" data-settings=\"{&quot;background_background&quot;:&quot;slideshow&quot;,&quot;background_slideshow_gallery&quot;:[{&quot;id&quot;:2510,&quot;url&quot;:&quot;https:\\\/\\\/beharpy.com\\\/wp-content\\\/uploads\\\/2026\\\/02\\\/FOTO-GRABBING.jpeg&quot;}],&quot;background_slideshow_ken_burns&quot;:&quot;yes&quot;,&quot;background_slideshow_loop&quot;:&quot;yes&quot;,&quot;background_slideshow_slide_duration&quot;:5000,&quot;background_slideshow_slide_transition&quot;:&quot;fade&quot;,&quot;background_slideshow_transition_duration&quot;:500,&quot;background_slideshow_ken_burns_zoom_direction&quot;:&quot;in&quot;}\">\n\t\t\t\t<\/div>\n\t\t\t\t<\/div>\n\t\t\t\t<\/div>\n\t\t<div class=\"elementor-element elementor-element-94a49ff e-con-full e-flex e-con e-child\" data-id=\"94a49ff\" data-element_type=\"container\" data-e-type=\"container\" data-settings=\"{&quot;background_background&quot;:&quot;classic&quot;}\">\n\t\t\t\t<div class=\"elementor-element elementor-element-4f6bb83 animated-fast elementor-invisible elementor-widget elementor-widget-heading\" data-id=\"4f6bb83\" data-element_type=\"widget\" data-e-type=\"widget\" data-settings=\"{&quot;_animation&quot;:&quot;fadeInUp&quot;,&quot;_animation_mobile&quot;:&quot;none&quot;}\" data-widget_type=\"heading.default\">\n\t\t\t\t\t<h2 class=\"elementor-heading-title elementor-size-default\">L'HARMONICA POUR D\u00c9BUTANTS<\/h2>\t\t\t\t<\/div>\n\t\t\t\t<\/div>\n\t\t<div class=\"elementor-element elementor-element-cf41904 e-con-full e-flex e-con e-child\" data-id=\"cf41904\" data-element_type=\"container\" data-e-type=\"container\" data-settings=\"{&quot;background_background&quot;:&quot;classic&quot;}\">\n\t\t<div class=\"elementor-element elementor-element-f844239 e-con-full e-flex elementor-invisible e-con e-child\" data-id=\"f844239\" data-element_type=\"container\" data-e-type=\"container\" data-settings=\"{&quot;animation&quot;:&quot;fadeInUp&quot;,&quot;animation_mobile&quot;:&quot;none&quot;}\">\n\t\t\t\t<div class=\"elementor-element elementor-element-afc8511 elementor-widget elementor-widget-text-editor\" data-id=\"afc8511\" data-element_type=\"widget\" data-e-type=\"widget\" data-widget_type=\"text-editor.default\">\n\t\t\t\t\t\t\t\t\t<p>L\u2019harmonica diatonique, ou harmonica blues, est l\u2019un des instruments les plus intuitifs au monde.<\/p>\n<p>Dans cet atelier, nous apprendrons les techniques de base pour que tu puisses commencer \u00e0 jouer de z\u00e9ro l\u2019instrument le plus vendu de toute l\u2019histoire.<\/p>\n<p>La disposition des notes et des accords sur l\u2019harmonica te permet de jouer d\u00e8s le d\u00e9but, sans avoir besoin de connaissances musicales. La base est le rythme, la m\u00e9lodie et le plaisir.<\/p>\n<p>De plus, le travail de respiration n\u00e9cessaire pour jouer de l\u2019harmonica en fait un instrument tr\u00e8s th\u00e9rapeutique.<\/p>\n<p>Dur\u00e9e recommand\u00e9e: 2 heures<\/p>\n<p>Tu peux me contacter pour organiser un atelier d\u2019harmonica dans des<br \/>festivals, des \u00e9coles de musique, des centres de yoga, des associations ou m\u00eame pour un groupe d\u2019amis!<\/p>\n<p>Je peux donner les ateliers en fran\u00e7ais, espagnol, catalan, anglais et<br \/>portugais.<\/p>\n\t\t\t\t\t\t\t\t<\/div>\n\t\t\t\t<\/div>\n\t\t<div class=\"elementor-element elementor-element-d72a403 e-con-full e-flex e-con e-child\" data-id=\"d72a403\" data-element_type=\"container\" data-e-type=\"container\">\n\t\t\t\t<div class=\"elementor-element elementor-element-0985493 elementor-widget elementor-widget-video\" data-id=\"0985493\" data-element_type=\"widget\" data-e-type=\"widget\" data-settings=\"{&quot;youtube_url&quot;:&quot;https:\\\/\\\/www.youtube.com\\\/watch?v=XHOmBV4js_E&quot;,&quot;video_type&quot;:&quot;youtube&quot;,&quot;controls&quot;:&quot;yes&quot;}\" data-widget_type=\"video.default\">\n\t\t\t\t\t\t\t<div class=\"elementor-wrapper elementor-open-inline\">\n\t\t\t<div class=\"elementor-video\"><\/div>\t\t<\/div>\n\t\t\t\t\t\t<\/div>\n\t\t\t\t<\/div>\n\t\t\t\t<\/div>\n\t\t\t\t\t<\/div>\n\t\t\t\t<\/div>\n\t\t<div class=\"elementor-element elementor-element-29e9804 e-flex e-con-boxed e-con e-parent\" data-id=\"29e9804\" data-element_type=\"container\" data-e-type=\"container\">\n\t\t\t\t\t<div class=\"e-con-inner\">\n\t\t<div class=\"elementor-element elementor-element-45aa4c5 e-con-full e-flex e-con e-child\" data-id=\"45aa4c5\" data-element_type=\"container\" data-e-type=\"container\" data-settings=\"{&quot;background_background&quot;:&quot;classic&quot;}\">\n\t\t<div class=\"elementor-element elementor-element-34c3863 e-con-full e-flex e-con e-child\" data-id=\"34c3863\" data-element_type=\"container\" data-e-type=\"container\">\n\t\t<a class=\"elementor-element elementor-element-aee5d1e e-con-full e-transform animated-fast e-flex elementor-invisible e-con e-child\" data-id=\"aee5d1e\" data-element_type=\"container\" data-e-type=\"container\" data-settings=\"{&quot;background_background&quot;:&quot;classic&quot;,&quot;_transform_translateY_effect_hover&quot;:{&quot;unit&quot;:&quot;px&quot;,&quot;size&quot;:-10,&quot;sizes&quot;:[]},&quot;animation&quot;:&quot;bounceInDown&quot;,&quot;animation_mobile&quot;:&quot;none&quot;,&quot;animation_delay&quot;:400,&quot;_transform_translateX_effect_hover&quot;:{&quot;unit&quot;:&quot;px&quot;,&quot;size&quot;:&quot;&quot;,&quot;sizes&quot;:[]},&quot;_transform_translateX_effect_hover_tablet&quot;:{&quot;unit&quot;:&quot;px&quot;,&quot;size&quot;:&quot;&quot;,&quot;sizes&quot;:[]},&quot;_transform_translateX_effect_hover_mobile&quot;:{&quot;unit&quot;:&quot;px&quot;,&quot;size&quot;:&quot;&quot;,&quot;sizes&quot;:[]},&quot;_transform_translateY_effect_hover_tablet&quot;:{&quot;unit&quot;:&quot;px&quot;,&quot;size&quot;:&quot;&quot;,&quot;sizes&quot;:[]},&quot;_transform_translateY_effect_hover_mobile&quot;:{&quot;unit&quot;:&quot;px&quot;,&quot;size&quot;:&quot;&quot;,&quot;sizes&quot;:[]}}\" href=\"https:\/\/beharpy.com\/agenda\/\">\n\t\t\t\t<div class=\"elementor-element elementor-element-56e71dc giro elementor-widget elementor-widget-image\" data-id=\"56e71dc\" data-element_type=\"widget\" data-e-type=\"widget\" data-widget_type=\"image.default\">\n\t\t\t\t\t\t\t\t\t\t\t\t\t\t\t<img fetchpriority=\"high\" decoding=\"async\" width=\"800\" height=\"800\" src=\"https:\/\/beharpy.com\/wp-content\/uploads\/2026\/02\/arrow-right-up-354-svgrepo-com.svg\" class=\"attachment-full size-full wp-image-2438\" alt=\"Decorative arrow\" \/>\t\t\t\t\t\t\t\t\t\t\t\t\t\t\t<\/div>\n\t\t\t\t<div class=\"elementor-element elementor-element-14079f6 elementor-widget elementor-widget-heading\" data-id=\"14079f6\" data-element_type=\"widget\" data-e-type=\"widget\" data-widget_type=\"heading.default\">\n\t\t\t\t\t<h3 class=\"elementor-heading-title elementor-size-default\">Restez \u00e0 l'\u00e9coute pour les prochains ateliers dans mon AGENDA<\/h3>\t\t\t\t<\/div>\n\t\t\t\t<\/a>\n\t\t<a class=\"elementor-element elementor-element-c6e2ea0 e-con-full e-transform animated-fast e-flex elementor-invisible e-con e-child\" data-id=\"c6e2ea0\" data-element_type=\"container\" data-e-type=\"container\" data-settings=\"{&quot;background_background&quot;:&quot;classic&quot;,&quot;_transform_translateY_effect_hover&quot;:{&quot;unit&quot;:&quot;px&quot;,&quot;size&quot;:-10,&quot;sizes&quot;:[]},&quot;animation&quot;:&quot;bounceInDown&quot;,&quot;animation_mobile&quot;:&quot;none&quot;,&quot;animation_delay&quot;:400,&quot;_transform_translateX_effect_hover&quot;:{&quot;unit&quot;:&quot;px&quot;,&quot;size&quot;:&quot;&quot;,&quot;sizes&quot;:[]},&quot;_transform_translateX_effect_hover_tablet&quot;:{&quot;unit&quot;:&quot;px&quot;,&quot;size&quot;:&quot;&quot;,&quot;sizes&quot;:[]},&quot;_transform_translateX_effect_hover_mobile&quot;:{&quot;unit&quot;:&quot;px&quot;,&quot;size&quot;:&quot;&quot;,&quot;sizes&quot;:[]},&quot;_transform_translateY_effect_hover_tablet&quot;:{&quot;unit&quot;:&quot;px&quot;,&quot;size&quot;:&quot;&quot;,&quot;sizes&quot;:[]},&quot;_transform_translateY_effect_hover_mobile&quot;:{&quot;unit&quot;:&quot;px&quot;,&quot;size&quot;:&quot;&quot;,&quot;sizes&quot;:[]}}\" href=\"https:\/\/beharpy.com\/contact\/\">\n\t\t\t\t<div class=\"elementor-element elementor-element-c22dede giro elementor-widget elementor-widget-image\" data-id=\"c22dede\" data-element_type=\"widget\" data-e-type=\"widget\" data-widget_type=\"image.default\">\n\t\t\t\t\t\t\t\t\t\t\t\t\t\t\t<img fetchpriority=\"high\" decoding=\"async\" width=\"800\" height=\"800\" src=\"https:\/\/beharpy.com\/wp-content\/uploads\/2026\/02\/arrow-right-up-354-svgrepo-com.svg\" class=\"attachment-full size-full wp-image-2438\" alt=\"Decorative arrow\" \/>\t\t\t\t\t\t\t\t\t\t\t\t\t\t\t<\/div>\n\t\t\t\t<div class=\"elementor-element elementor-element-7a5d7d0 elementor-widget elementor-widget-heading\" data-id=\"7a5d7d0\" data-element_type=\"widget\" data-e-type=\"widget\" data-widget_type=\"heading.default\">\n\t\t\t\t\t<h3 class=\"elementor-heading-title elementor-size-default\">Ou r\u00e9serve une s\u00e9ance en ligne avec moi! (R\u00e9serve ici)<\/h3>\t\t\t\t<\/div>\n\t\t\t\t<\/a>\n\t\t\t\t<\/div>\n\t\t<div class=\"elementor-element elementor-element-1341b88 e-con-full e-flex elementor-invisible e-con e-child\" data-id=\"1341b88\" data-element_type=\"container\" data-e-type=\"container\" data-settings=\"{&quot;animation&quot;:&quot;fadeInUp&quot;,&quot;animation_mobile&quot;:&quot;none&quot;}\">\n\t\t\t\t<div class=\"elementor-element elementor-element-1af14fa elementor-widget-tablet__width-inherit elementor-widget elementor-widget-text-editor\" data-id=\"1af14fa\" data-element_type=\"widget\" data-e-type=\"widget\" data-widget_type=\"text-editor.default\">\n\t\t\t\t\t\t\t\t\tTu peux me contacter pour organiser un atelier de chant diphonique dans des festivals, des \u00e9coles de musique, des centres de yoga, des associations ou m\u00eame pour un groupe d\u2019amis!<br><br>Je peux donner les ateliers en fran\u00e7ais, espagnol, catalan, anglais et portugais.\t\t\t\t\t\t\t\t<\/div>\n\t\t\t\t<\/div>\n\t\t\t\t<\/div>\n\t\t\t\t\t<\/div>\n\t\t\t\t<\/div>\n\t\t\t\t<\/div>\n\t\t","protected":false},"excerpt":{"rendered":"<p>L\u2019HARMONICA, AU-DEL\u00c0 DE L\u2019INSTRUMENT ATELIER D\u2019HARMONICA ET RESPIRATION, BAS\u00c9 SUR LE COURS \u00abRESPIRATION CONSCIENTE: LES 7 \u00c9TAPES\u00bb Quel impact a l\u2019harmonica sur notre sant\u00e9 et nos \u00e9motions? Commentfaire de l\u2019harmonica [&hellip;]<\/p>\n","protected":false},"author":2,"featured_media":0,"parent":0,"menu_order":0,"comment_status":"closed","ping_status":"closed","template":"page-templates\/pagebuilder.php","meta":{"zakra_page_container_layout":"customizer","zakra_page_sidebar_layout":"customizer","zakra_remove_content_margin":false,"zakra_sidebar":"customizer","zakra_transparent_header":"customizer","zakra_logo":0,"zakra_main_header_style":"default","zakra_menu_item_color":"","zakra_menu_item_hover_color":"","zakra_menu_item_active_color":"","zakra_menu_active_style":"","zakra_page_header":true,"inline_featured_image":false,"footnotes":""},"class_list":["post-2511","page","type-page","status-publish","hentry"],"_links":{"self":[{"href":"https:\/\/beharpy.com\/fr\/wp-json\/wp\/v2\/pages\/2511","targetHints":{"allow":["GET"]}}],"collection":[{"href":"https:\/\/beharpy.com\/fr\/wp-json\/wp\/v2\/pages"}],"about":[{"href":"https:\/\/beharpy.com\/fr\/wp-json\/wp\/v2\/types\/page"}],"author":[{"embeddable":true,"href":"https:\/\/beharpy.com\/fr\/wp-json\/wp\/v2\/users\/2"}],"replies":[{"embeddable":true,"href":"https:\/\/beharpy.com\/fr\/wp-json\/wp\/v2\/comments?post=2511"}],"version-history":[{"count":3,"href":"https:\/\/beharpy.com\/fr\/wp-json\/wp\/v2\/pages\/2511\/revisions"}],"predecessor-version":[{"id":2661,"href":"https:\/\/beharpy.com\/fr\/wp-json\/wp\/v2\/pages\/2511\/revisions\/2661"}],"wp:attachment":[{"href":"https:\/\/beharpy.com\/fr\/wp-json\/wp\/v2\/media?parent=2511"}],"curies":[{"name":"wp","href":"https:\/\/api.w.org\/{rel}","templated":true}]}}