{"id":2530,"date":"2026-01-28T10:53:53","date_gmt":"2026-01-28T09:53:53","guid":{"rendered":"https:\/\/beharpy.com\/ateliers\/"},"modified":"2026-04-29T18:09:06","modified_gmt":"2026-04-29T16:09:06","slug":"ateliers","status":"publish","type":"page","link":"https:\/\/beharpy.com\/fr\/ateliers\/","title":{"rendered":"Ateliers"},"content":{"rendered":"\t\t<div data-elementor-type=\"wp-page\" data-elementor-id=\"2530\" class=\"elementor elementor-2530 elementor-123\" data-elementor-post-type=\"page\">\n\t\t\t\t<div class=\"elementor-element elementor-element-ad2356f e-flex e-con-boxed e-con e-parent\" data-id=\"ad2356f\" data-element_type=\"container\" data-e-type=\"container\" data-settings=\"{&quot;background_background&quot;:&quot;classic&quot;}\">\n\t\t\t\t\t<div class=\"e-con-inner\">\n\t\t<div class=\"elementor-element elementor-element-d34d4e5 e-con-full e-flex e-con e-child\" data-id=\"d34d4e5\" data-element_type=\"container\" data-e-type=\"container\" data-settings=\"{&quot;background_background&quot;:&quot;classic&quot;}\">\n\t\t\t\t<div class=\"elementor-element elementor-element-3c54bfd animated-fast elementor-invisible elementor-widget elementor-widget-heading\" data-id=\"3c54bfd\" data-element_type=\"widget\" data-e-type=\"widget\" data-settings=\"{&quot;_animation&quot;:&quot;fadeInUp&quot;,&quot;_animation_mobile&quot;:&quot;none&quot;}\" data-widget_type=\"heading.default\">\n\t\t\t\t\t<h1 class=\"elementor-heading-title elementor-size-default\">Ateliers<\/h1>\t\t\t\t<\/div>\n\t\t\t\t<\/div>\n\t\t<div class=\"elementor-element elementor-element-8eb261d e-con-full e-flex e-con e-child\" data-id=\"8eb261d\" data-element_type=\"container\" data-e-type=\"container\" data-settings=\"{&quot;background_background&quot;:&quot;classic&quot;}\">\n\t\t<div class=\"elementor-element elementor-element-6b25814 e-con-full e-flex elementor-invisible e-con e-child\" data-id=\"6b25814\" data-element_type=\"container\" data-e-type=\"container\" data-settings=\"{&quot;animation&quot;:&quot;fadeInUp&quot;,&quot;animation_mobile&quot;:&quot;none&quot;}\">\n\t\t\t\t<div class=\"elementor-element elementor-element-04d1ab6 elementor-invisible elementor-widget elementor-widget-heading\" data-id=\"04d1ab6\" data-element_type=\"widget\" data-e-type=\"widget\" data-settings=\"{&quot;_animation&quot;:&quot;fadeInUp&quot;,&quot;_animation_mobile&quot;:&quot;none&quot;}\" data-widget_type=\"heading.default\">\n\t\t\t\t\t<h2 class=\"elementor-heading-title elementor-size-default\">J\u2019adore les ateliers, \u00e0 la fois en tant qu\u2019instructeur et en tant que participant.<\/h2>\t\t\t\t<\/div>\n\t\t\t\t<div class=\"elementor-element elementor-element-ee94dca elementor-widget elementor-widget-text-editor\" data-id=\"ee94dca\" data-element_type=\"widget\" data-e-type=\"widget\" data-widget_type=\"text-editor.default\">\n\t\t\t\t\t\t\t\t\t<p>L\u2019\u00e9nergie, la connexion, l\u2019apprentissage, le partage,<br \/>l\u2019interaction avec les autres, l\u2019ouverture, parfois le fait de montrer de la<br \/>vuln\u00e9rabilit\u00e9, rire, pleurer, aimer, la gratitude\u2026 Il y a quelque chose l\u00e0-<br \/>dedans qui les rend magiques.<\/p>\n<p>Je propose r\u00e9guli\u00e8rement des ateliers depuis 2013. J\u2019en ai suivi beaucoup<br \/>avant cela et j\u2019ai le sentiment que, m\u00eame si le sujet est le m\u00eame, chaque<br \/>atelier est diff\u00e9rent.<\/p>\n<p>Mes principaux th\u00e8mes sont la Respiration, l\u2019Harmonica et le Chant<br \/>Harmonique. Cela dit, j\u2019aime m\u00e9langer les sujets et aborder les th\u00e8mes en<br \/>fonction du groupe. Parfois, une s\u00e9ance de respiration pour des personnes<br \/>n\u2019ayant jamais jou\u00e9 de l\u2019harmonica se transforme en concert offert par les<br \/>participants, ou bien un atelier pour harmonicistes peut facilement<br \/>devenir une m\u00e9ditation pour prendre conscience de nos habitudes<br \/>respiratoires. Une chose est s\u00fbre, il y a toujours un aspect th\u00e9rapeutique<br \/>dans mes ateliers, que nous respirions, jouions de l\u2019harmonica ou<br \/>pratiquions le chant diphonique.<\/p>\n<p>Tu peux me contacter pour des propositions, pour des ateliers r\u00e9guliers<br \/>tels que: Respiration Consciente, Respiration et Harmonica, Harmonica<br \/>pour D\u00e9butants et Chant Diphonique.<\/p>\n\t\t\t\t\t\t\t\t<\/div>\n\t\t\t\t<div class=\"elementor-element elementor-element-d9e297d elementor-widget elementor-widget-heading\" data-id=\"d9e297d\" data-element_type=\"widget\" data-e-type=\"widget\" data-widget_type=\"heading.default\">\n\t\t\t\t\t<h3 class=\"elementor-heading-title elementor-size-default\">Nous pouvons \u00e9galement faire preuve de cr\u00e9ativit\u00e9 et concevoir un atelier sur mesure!<\/h3>\t\t\t\t<\/div>\n\t\t\t\t<\/div>\n\t\t<div class=\"elementor-element elementor-element-f22fae1 e-con-full e-flex elementor-invisible e-con e-child\" data-id=\"f22fae1\" data-element_type=\"container\" data-e-type=\"container\" data-settings=\"{&quot;animation&quot;:&quot;fadeInUp&quot;,&quot;animation_mobile&quot;:&quot;none&quot;,&quot;background_background&quot;:&quot;slideshow&quot;,&quot;background_slideshow_gallery&quot;:[{&quot;id&quot;:2522,&quot;url&quot;:&quot;https:\\\/\\\/beharpy.com\\\/wp-content\\\/uploads\\\/2026\\\/01\\\/TALLER-ROSES-1.jpg&quot;},{&quot;id&quot;:2523,&quot;url&quot;:&quot;https:\\\/\\\/beharpy.com\\\/wp-content\\\/uploads\\\/2026\\\/01\\\/TALLER-GREDOS-2-scaled.jpg&quot;},{&quot;id&quot;:2524,&quot;url&quot;:&quot;https:\\\/\\\/beharpy.com\\\/wp-content\\\/uploads\\\/2026\\\/01\\\/TALLER-GREDOS-1.jpg&quot;},{&quot;id&quot;:2525,&quot;url&quot;:&quot;https:\\\/\\\/beharpy.com\\\/wp-content\\\/uploads\\\/2026\\\/01\\\/TALLER-EIVISSA-4-scaled.jpeg&quot;},{&quot;id&quot;:2526,&quot;url&quot;:&quot;https:\\\/\\\/beharpy.com\\\/wp-content\\\/uploads\\\/2026\\\/01\\\/TALLER-EIVISSA-2-scaled.jpeg&quot;},{&quot;id&quot;:2527,&quot;url&quot;:&quot;https:\\\/\\\/beharpy.com\\\/wp-content\\\/uploads\\\/2026\\\/01\\\/TALLER-ROSES-2.jpeg&quot;},{&quot;id&quot;:2528,&quot;url&quot;:&quot;https:\\\/\\\/beharpy.com\\\/wp-content\\\/uploads\\\/2026\\\/02\\\/AIV2415-scaled.jpg&quot;},{&quot;id&quot;:2529,&quot;url&quot;:&quot;https:\\\/\\\/beharpy.com\\\/wp-content\\\/uploads\\\/2026\\\/02\\\/AIV2403-scaled.jpg&quot;}],&quot;background_slideshow_loop&quot;:&quot;yes&quot;,&quot;background_slideshow_slide_duration&quot;:5000,&quot;background_slideshow_slide_transition&quot;:&quot;fade&quot;,&quot;background_slideshow_transition_duration&quot;:500}\">\n\t\t\t\t<\/div>\n\t\t\t\t<\/div>\n\t\t\t\t\t<\/div>\n\t\t\t\t<\/div>\n\t\t<div class=\"elementor-element elementor-element-add12ea e-flex e-con-boxed e-con e-parent\" data-id=\"add12ea\" data-element_type=\"container\" data-e-type=\"container\" data-settings=\"{&quot;background_background&quot;:&quot;classic&quot;}\">\n\t\t\t\t\t<div class=\"e-con-inner\">\n\t\t<div class=\"elementor-element elementor-element-cbda430 e-con-full e-flex e-con e-child\" data-id=\"cbda430\" data-element_type=\"container\" data-e-type=\"container\" data-settings=\"{&quot;background_background&quot;:&quot;classic&quot;}\">\n\t\t\t\t<div class=\"elementor-element elementor-element-2951ec1 animated-fast elementor-invisible elementor-widget elementor-widget-heading\" data-id=\"2951ec1\" data-element_type=\"widget\" data-e-type=\"widget\" data-settings=\"{&quot;_animation&quot;:&quot;fadeInUp&quot;,&quot;_animation_mobile&quot;:&quot;none&quot;}\" data-widget_type=\"heading.default\">\n\t\t\t\t\t<div class=\"elementor-heading-title elementor-size-default\">Agenda<\/div>\t\t\t\t<\/div>\n\t\t\t\t<div class=\"elementor-element elementor-element-48eaa3c elementor-widget-tablet__width-initial elementor-invisible elementor-widget elementor-widget-heading\" data-id=\"48eaa3c\" data-element_type=\"widget\" data-e-type=\"widget\" data-settings=\"{&quot;_animation&quot;:&quot;fadeInUp&quot;,&quot;_animation_mobile&quot;:&quot;none&quot;}\" data-widget_type=\"heading.default\">\n\t\t\t\t\t<div class=\"elementor-heading-title elementor-size-default\">Respire, joue, gu\u00e9ris, partage, aime, connecte-toi<\/div>\t\t\t\t<\/div>\n\t\t<a class=\"elementor-element elementor-element-ea2e8b8 e-con-full animated-fast e-transform e-flex elementor-invisible e-con e-child\" data-id=\"ea2e8b8\" data-element_type=\"container\" data-e-type=\"container\" data-settings=\"{&quot;background_background&quot;:&quot;classic&quot;,&quot;animation&quot;:&quot;zoomIn&quot;,&quot;animation_mobile&quot;:&quot;none&quot;,&quot;_transform_scale_effect_hover&quot;:{&quot;unit&quot;:&quot;px&quot;,&quot;size&quot;:0.8,&quot;sizes&quot;:[]},&quot;_transform_scale_effect_hover_tablet&quot;:{&quot;unit&quot;:&quot;px&quot;,&quot;size&quot;:&quot;&quot;,&quot;sizes&quot;:[]},&quot;_transform_scale_effect_hover_mobile&quot;:{&quot;unit&quot;:&quot;px&quot;,&quot;size&quot;:&quot;&quot;,&quot;sizes&quot;:[]}}\" href=\"https:\/\/beharpy.com\/agenda\/\">\n\t\t\t\t<div class=\"elementor-element elementor-element-bb28183 giro e-transform elementor-widget elementor-widget-image\" data-id=\"bb28183\" data-element_type=\"widget\" data-e-type=\"widget\" data-settings=\"{&quot;_transform_rotateZ_effect_hover&quot;:{&quot;unit&quot;:&quot;px&quot;,&quot;size&quot;:-46,&quot;sizes&quot;:[]},&quot;_transform_rotateZ_effect_hover_tablet&quot;:{&quot;unit&quot;:&quot;deg&quot;,&quot;size&quot;:&quot;&quot;,&quot;sizes&quot;:[]},&quot;_transform_rotateZ_effect_hover_mobile&quot;:{&quot;unit&quot;:&quot;deg&quot;,&quot;size&quot;:&quot;&quot;,&quot;sizes&quot;:[]}}\" data-widget_type=\"image.default\">\n\t\t\t\t\t\t\t\t\t\t\t\t\t\t\t<img fetchpriority=\"high\" decoding=\"async\" width=\"800\" height=\"800\" src=\"https:\/\/beharpy.com\/wp-content\/uploads\/2026\/02\/arrow-right-up-354-svgrepo-com.svg\" class=\"attachment-full size-full wp-image-2438\" alt=\"Decorative arrow\" \/>\t\t\t\t\t\t\t\t\t\t\t\t\t\t\t<\/div>\n\t\t\t\t<\/a>\n\t\t\t\t<\/div>\n\t\t\t\t\t<\/div>\n\t\t\t\t<\/div>\n\t\t\t\t<\/div>\n\t\t","protected":false},"excerpt":{"rendered":"<p>J\u2019adore les ateliers, \u00e0 la fois en tant qu\u2019instructeur et en tant que participant. L\u2019\u00e9nergie, la connexion, l\u2019apprentissage, le partage,l\u2019interaction avec les autres, l\u2019ouverture, parfois le fait de montrer de [&hellip;]<\/p>\n","protected":false},"author":2,"featured_media":0,"parent":0,"menu_order":0,"comment_status":"closed","ping_status":"closed","template":"page-templates\/pagebuilder.php","meta":{"zakra_page_container_layout":"customizer","zakra_page_sidebar_layout":"customizer","zakra_remove_content_margin":false,"zakra_sidebar":"customizer","zakra_transparent_header":"customizer","zakra_logo":0,"zakra_main_header_style":"default","zakra_menu_item_color":"","zakra_menu_item_hover_color":"","zakra_menu_item_active_color":"","zakra_menu_active_style":"","zakra_page_header":true,"inline_featured_image":false,"footnotes":""},"class_list":["post-2530","page","type-page","status-publish","hentry"],"_links":{"self":[{"href":"https:\/\/beharpy.com\/fr\/wp-json\/wp\/v2\/pages\/2530","targetHints":{"allow":["GET"]}}],"collection":[{"href":"https:\/\/beharpy.com\/fr\/wp-json\/wp\/v2\/pages"}],"about":[{"href":"https:\/\/beharpy.com\/fr\/wp-json\/wp\/v2\/types\/page"}],"author":[{"embeddable":true,"href":"https:\/\/beharpy.com\/fr\/wp-json\/wp\/v2\/users\/2"}],"replies":[{"embeddable":true,"href":"https:\/\/beharpy.com\/fr\/wp-json\/wp\/v2\/comments?post=2530"}],"version-history":[{"count":9,"href":"https:\/\/beharpy.com\/fr\/wp-json\/wp\/v2\/pages\/2530\/revisions"}],"predecessor-version":[{"id":2659,"href":"https:\/\/beharpy.com\/fr\/wp-json\/wp\/v2\/pages\/2530\/revisions\/2659"}],"wp:attachment":[{"href":"https:\/\/beharpy.com\/fr\/wp-json\/wp\/v2\/media?parent=2530"}],"curies":[{"name":"wp","href":"https:\/\/api.w.org\/{rel}","templated":true}]}}