{"id":2475,"date":"2026-02-26T18:08:21","date_gmt":"2026-02-26T17:08:21","guid":{"rendered":"https:\/\/beharpy.com\/product\/harmonica-easttop-t008k-noire-tonalite-do\/"},"modified":"2026-02-26T18:08:21","modified_gmt":"2026-02-26T17:08:21","slug":"harmonica-easttop-t008k-noire-tonalite-do","status":"publish","type":"product","link":"https:\/\/beharpy.com\/fr\/produit\/harmonica-easttop-t008k-noire-tonalite-do\/","title":{"rendered":"Harmonica Easttop T008K Noire \u2013 Tonalit\u00e9 Do"},"content":{"rendered":"","protected":false},"excerpt":{"rendered":"<p>Harmonica diatonique professionnel Easttop T008K \u00e0 10<br \/>\ntrous, peigne en ABS, anches en laiton, avec \u00e9tui \u00e0 fermeture \u00e9clair.<br \/>\nTonalit\u00e9 Do. Noir.<\/p>\n","protected":false},"featured_media":2473,"template":"","meta":{"zakra_page_container_layout":"customizer","zakra_page_sidebar_layout":"customizer","zakra_remove_content_margin":false,"zakra_sidebar":"customizer","zakra_transparent_header":"customizer","zakra_logo":0,"zakra_main_header_style":"default","zakra_menu_item_color":"","zakra_menu_item_hover_color":"","zakra_menu_item_active_color":"","zakra_menu_active_style":"","zakra_page_header":true,"inline_featured_image":false},"product_brand":[],"product_cat":[65],"product_tag":[],"class_list":{"0":"post-2475","1":"product","2":"type-product","3":"status-publish","4":"has-post-thumbnail","6":"product_cat-harmonica","8":"first","9":"instock","10":"taxable","11":"shipping-taxable","12":"purchasable","13":"product-type-simple"},"_links":{"self":[{"href":"https:\/\/beharpy.com\/fr\/wp-json\/wp\/v2\/product\/2475","targetHints":{"allow":["GET"]}}],"collection":[{"href":"https:\/\/beharpy.com\/fr\/wp-json\/wp\/v2\/product"}],"about":[{"href":"https:\/\/beharpy.com\/fr\/wp-json\/wp\/v2\/types\/product"}],"wp:featuredmedia":[{"embeddable":true,"href":"https:\/\/beharpy.com\/fr\/wp-json\/wp\/v2\/media\/2473"}],"wp:attachment":[{"href":"https:\/\/beharpy.com\/fr\/wp-json\/wp\/v2\/media?parent=2475"}],"wp:term":[{"taxonomy":"product_brand","embeddable":true,"href":"https:\/\/beharpy.com\/fr\/wp-json\/wp\/v2\/product_brand?post=2475"},{"taxonomy":"product_cat","embeddable":true,"href":"https:\/\/beharpy.com\/fr\/wp-json\/wp\/v2\/product_cat?post=2475"},{"taxonomy":"product_tag","embeddable":true,"href":"https:\/\/beharpy.com\/fr\/wp-json\/wp\/v2\/product_tag?post=2475"}],"curies":[{"name":"wp","href":"https:\/\/api.w.org\/{rel}","templated":true}]}}