{"id":2478,"date":"2026-02-25T12:27:14","date_gmt":"2026-02-25T11:27:14","guid":{"rendered":"https:\/\/beharpy.com\/product\/beharpy-harmonica-noire\/"},"modified":"2026-04-24T11:52:12","modified_gmt":"2026-04-24T09:52:12","slug":"beharpy-harmonica-noire","status":"publish","type":"product","link":"https:\/\/beharpy.com\/fr\/produit\/beharpy-harmonica-noire\/","title":{"rendered":"BeHarpy Harmonica Noire"},"content":{"rendered":"","protected":false},"excerpt":{"rendered":"<p>Harmonica diatonique professionnel BeHarpy personnalis\u00e9 de<br \/>\ncouleur noire, Easttop T008K \u00e0 10 trous, peigne en ABS, languettes en<br \/>\nlaiton, tonalit\u00e9 sol, avec \u00e9tui \u00e0 fermeture \u00e9clair BeHarpy.<\/p>\n","protected":false},"featured_media":2477,"template":"","meta":{"zakra_page_container_layout":"customizer","zakra_page_sidebar_layout":"customizer","zakra_remove_content_margin":false,"zakra_sidebar":"customizer","zakra_transparent_header":"customizer","zakra_logo":0,"zakra_main_header_style":"default","zakra_menu_item_color":"","zakra_menu_item_hover_color":"","zakra_menu_item_active_color":"","zakra_menu_active_style":"","zakra_page_header":true,"inline_featured_image":false},"product_brand":[],"product_cat":[65],"product_tag":[],"class_list":{"0":"post-2478","1":"product","2":"type-product","3":"status-publish","4":"has-post-thumbnail","6":"product_cat-harmonica","7":"product_shipping_class-harmonica-beharpy","9":"first","10":"instock","11":"taxable","12":"shipping-taxable","13":"purchasable","14":"product-type-simple"},"_links":{"self":[{"href":"https:\/\/beharpy.com\/fr\/wp-json\/wp\/v2\/product\/2478","targetHints":{"allow":["GET"]}}],"collection":[{"href":"https:\/\/beharpy.com\/fr\/wp-json\/wp\/v2\/product"}],"about":[{"href":"https:\/\/beharpy.com\/fr\/wp-json\/wp\/v2\/types\/product"}],"wp:featuredmedia":[{"embeddable":true,"href":"https:\/\/beharpy.com\/fr\/wp-json\/wp\/v2\/media\/2477"}],"wp:attachment":[{"href":"https:\/\/beharpy.com\/fr\/wp-json\/wp\/v2\/media?parent=2478"}],"wp:term":[{"taxonomy":"product_brand","embeddable":true,"href":"https:\/\/beharpy.com\/fr\/wp-json\/wp\/v2\/product_brand?post=2478"},{"taxonomy":"product_cat","embeddable":true,"href":"https:\/\/beharpy.com\/fr\/wp-json\/wp\/v2\/product_cat?post=2478"},{"taxonomy":"product_tag","embeddable":true,"href":"https:\/\/beharpy.com\/fr\/wp-json\/wp\/v2\/product_tag?post=2478"}],"curies":[{"name":"wp","href":"https:\/\/api.w.org\/{rel}","templated":true}]}}