{"id":2483,"date":"2026-02-26T08:37:26","date_gmt":"2026-02-26T07:37:26","guid":{"rendered":"https:\/\/beharpy.com\/product\/pack-de-7-harmonicas-easttop\/"},"modified":"2026-02-26T08:37:26","modified_gmt":"2026-02-26T07:37:26","slug":"pack-de-7-harmonicas-easttop","status":"publish","type":"product","link":"https:\/\/beharpy.com\/fr\/produit\/pack-de-7-harmonicas-easttop\/","title":{"rendered":"Pack de 7 harmonicas Easttop"},"content":{"rendered":"","protected":false},"excerpt":{"rendered":"<p>Pack de 7 harmonicas diatoniques professionnels Easttop<br \/>\nT008K noirs \u00e0 10 trous, peigne en ABS, anches en laiton et \u00e9tui. Tonalit\u00e9s : Do, R\u00e9, La, Fa, Si b\u00e9mol, Fa grave et Sol. (L\u2019harmonica BeHarpy est livr\u00e9 avec un \u00e9tui \u00e0 fermeture \u00e9clair BeHarpy)<\/p>\n","protected":false},"featured_media":2482,"template":"","meta":{"zakra_page_container_layout":"customizer","zakra_page_sidebar_layout":"customizer","zakra_remove_content_margin":false,"zakra_sidebar":"customizer","zakra_transparent_header":"customizer","zakra_logo":0,"zakra_main_header_style":"default","zakra_menu_item_color":"","zakra_menu_item_hover_color":"","zakra_menu_item_active_color":"","zakra_menu_active_style":"","zakra_page_header":true,"inline_featured_image":false},"product_brand":[],"product_cat":[65],"product_tag":[],"class_list":{"0":"post-2483","1":"product","2":"type-product","3":"status-publish","4":"has-post-thumbnail","6":"product_cat-harmonica","8":"first","9":"instock","10":"taxable","11":"shipping-taxable","12":"purchasable","13":"product-type-simple"},"_links":{"self":[{"href":"https:\/\/beharpy.com\/fr\/wp-json\/wp\/v2\/product\/2483","targetHints":{"allow":["GET"]}}],"collection":[{"href":"https:\/\/beharpy.com\/fr\/wp-json\/wp\/v2\/product"}],"about":[{"href":"https:\/\/beharpy.com\/fr\/wp-json\/wp\/v2\/types\/product"}],"wp:featuredmedia":[{"embeddable":true,"href":"https:\/\/beharpy.com\/fr\/wp-json\/wp\/v2\/media\/2482"}],"wp:attachment":[{"href":"https:\/\/beharpy.com\/fr\/wp-json\/wp\/v2\/media?parent=2483"}],"wp:term":[{"taxonomy":"product_brand","embeddable":true,"href":"https:\/\/beharpy.com\/fr\/wp-json\/wp\/v2\/product_brand?post=2483"},{"taxonomy":"product_cat","embeddable":true,"href":"https:\/\/beharpy.com\/fr\/wp-json\/wp\/v2\/product_cat?post=2483"},{"taxonomy":"product_tag","embeddable":true,"href":"https:\/\/beharpy.com\/fr\/wp-json\/wp\/v2\/product_tag?post=2483"}],"curies":[{"name":"wp","href":"https:\/\/api.w.org\/{rel}","templated":true}]}}