{"id":2487,"date":"2026-02-26T08:32:45","date_gmt":"2026-02-26T07:32:45","guid":{"rendered":"https:\/\/beharpy.com\/product\/etui-easttop-a-fermeture-eclair-pour-1-harmonica-x-3\/"},"modified":"2026-04-24T12:12:13","modified_gmt":"2026-04-24T10:12:13","slug":"etui-easttop-a-fermeture-eclair-pour-1-harmonica-x-3","status":"publish","type":"product","link":"https:\/\/beharpy.com\/fr\/produit\/etui-easttop-a-fermeture-eclair-pour-1-harmonica-x-3\/","title":{"rendered":"\u00c9tui Easttop \u00e0 fermeture \u00e9clair pour 1 harmonica x 3"},"content":{"rendered":"","protected":false},"excerpt":{"rendered":"<p>3 \u00e9tuis \u00e0 fermeture \u00e9clair pour 1 harmonica.<\/p>\n","protected":false},"featured_media":2485,"template":"","meta":{"zakra_page_container_layout":"customizer","zakra_page_sidebar_layout":"customizer","zakra_remove_content_margin":false,"zakra_sidebar":"customizer","zakra_transparent_header":"customizer","zakra_logo":0,"zakra_main_header_style":"default","zakra_menu_item_color":"","zakra_menu_item_hover_color":"","zakra_menu_item_active_color":"","zakra_menu_active_style":"","zakra_page_header":true,"inline_featured_image":false},"product_brand":[],"product_cat":[65],"product_tag":[],"class_list":{"0":"post-2487","1":"product","2":"type-product","3":"status-publish","4":"has-post-thumbnail","6":"product_cat-harmonica","8":"first","9":"instock","10":"taxable","11":"shipping-taxable","12":"purchasable","13":"product-type-simple"},"_links":{"self":[{"href":"https:\/\/beharpy.com\/fr\/wp-json\/wp\/v2\/product\/2487","targetHints":{"allow":["GET"]}}],"collection":[{"href":"https:\/\/beharpy.com\/fr\/wp-json\/wp\/v2\/product"}],"about":[{"href":"https:\/\/beharpy.com\/fr\/wp-json\/wp\/v2\/types\/product"}],"wp:featuredmedia":[{"embeddable":true,"href":"https:\/\/beharpy.com\/fr\/wp-json\/wp\/v2\/media\/2485"}],"wp:attachment":[{"href":"https:\/\/beharpy.com\/fr\/wp-json\/wp\/v2\/media?parent=2487"}],"wp:term":[{"taxonomy":"product_brand","embeddable":true,"href":"https:\/\/beharpy.com\/fr\/wp-json\/wp\/v2\/product_brand?post=2487"},{"taxonomy":"product_cat","embeddable":true,"href":"https:\/\/beharpy.com\/fr\/wp-json\/wp\/v2\/product_cat?post=2487"},{"taxonomy":"product_tag","embeddable":true,"href":"https:\/\/beharpy.com\/fr\/wp-json\/wp\/v2\/product_tag?post=2487"}],"curies":[{"name":"wp","href":"https:\/\/api.w.org\/{rel}","templated":true}]}}