{"id":2489,"date":"2026-02-26T08:25:30","date_gmt":"2026-02-26T07:25:30","guid":{"rendered":"https:\/\/beharpy.com\/product\/harmonica-easttop-t008k-bleu-tonalite-de-do\/"},"modified":"2026-04-24T12:13:10","modified_gmt":"2026-04-24T10:13:10","slug":"harmonica-easttop-t008k-bleu-tonalite-de-do","status":"publish","type":"product","link":"https:\/\/beharpy.com\/fr\/produit\/harmonica-easttop-t008k-bleu-tonalite-de-do\/","title":{"rendered":"Harmonica Easttop T008K bleu \u2013 Tonalit\u00e9 de do"},"content":{"rendered":"","protected":false},"excerpt":{"rendered":"<p>Harmonica diatonique professionnel Easttop T008K bleu, 10 trous, sommier en ABS, plaques de lames en laiton, \u00e9tui zipp\u00e9. <strong>Tonalit\u00e9 de do.<\/strong><\/p>\n","protected":false},"featured_media":2488,"template":"","meta":{"zakra_page_container_layout":"customizer","zakra_page_sidebar_layout":"customizer","zakra_remove_content_margin":false,"zakra_sidebar":"customizer","zakra_transparent_header":"customizer","zakra_logo":0,"zakra_main_header_style":"default","zakra_menu_item_color":"","zakra_menu_item_hover_color":"","zakra_menu_item_active_color":"","zakra_menu_active_style":"","zakra_page_header":true,"inline_featured_image":false},"product_brand":[],"product_cat":[65],"product_tag":[],"class_list":{"0":"post-2489","1":"product","2":"type-product","3":"status-publish","4":"has-post-thumbnail","6":"product_cat-harmonica","8":"first","9":"instock","10":"taxable","11":"shipping-taxable","12":"purchasable","13":"product-type-simple"},"_links":{"self":[{"href":"https:\/\/beharpy.com\/fr\/wp-json\/wp\/v2\/product\/2489","targetHints":{"allow":["GET"]}}],"collection":[{"href":"https:\/\/beharpy.com\/fr\/wp-json\/wp\/v2\/product"}],"about":[{"href":"https:\/\/beharpy.com\/fr\/wp-json\/wp\/v2\/types\/product"}],"wp:featuredmedia":[{"embeddable":true,"href":"https:\/\/beharpy.com\/fr\/wp-json\/wp\/v2\/media\/2488"}],"wp:attachment":[{"href":"https:\/\/beharpy.com\/fr\/wp-json\/wp\/v2\/media?parent=2489"}],"wp:term":[{"taxonomy":"product_brand","embeddable":true,"href":"https:\/\/beharpy.com\/fr\/wp-json\/wp\/v2\/product_brand?post=2489"},{"taxonomy":"product_cat","embeddable":true,"href":"https:\/\/beharpy.com\/fr\/wp-json\/wp\/v2\/product_cat?post=2489"},{"taxonomy":"product_tag","embeddable":true,"href":"https:\/\/beharpy.com\/fr\/wp-json\/wp\/v2\/product_tag?post=2489"}],"curies":[{"name":"wp","href":"https:\/\/api.w.org\/{rel}","templated":true}]}}